{"id":2081,"date":"2014-07-10T02:27:24","date_gmt":"2014-07-10T01:27:24","guid":{"rendered":"http:\/\/wasserbassin.com\/site\/pages\/page-with-sidebar\/shop\/aquaparque-e-isso-ai-cd\/"},"modified":"2025-01-20T22:55:35","modified_gmt":"2025-01-20T22:55:35","slug":"aquaparque-e-isso-ai-cd","status":"publish","type":"product","link":"https:\/\/www.wasserbassin.com\/site\/product\/aquaparque-e-isso-ai-cd\/","title":{"rendered":"Aquaparque &#8211; \u00c9 Isso A\u00ed &#8211; CD"},"content":{"rendered":"<p>&#8220;\u00c9 Isso A\u00ed&#8221; is most certainly a superb Pop extravaganza performed by Andr\u00e9 Abel and Pedro Magina, former members of the experimental Punk-Rock outfit Dance Damage.<\/p>\n<p>Weird rhythms, innefable lyrics and some crazy-hearted sound experimentation.\u00a0 An underrated classic of portuguese music!<\/p>\n","protected":false},"excerpt":{"rendered":"<p><strong>Aquaboogie<\/strong><\/p>\n<hr \/>\n<p>&nbsp;<\/p>\n<p>&#8220;\u00c9 Isso A\u00ed&#8221; is most certainly a superb Pop extravaganza performed by Andr\u00e9 Abel and Pedro Magina, former members of the experimental Punk-Rock outfit Dance Damage.<\/p>\n<p>Weird rhythms, innefable lyrics and some crazy-hearted sound experimentation.\u00a0 An underrated classic of portuguese music!<\/p>\n<p class=\"p1\"><a title=\"See the Video\" href=\"http:\/\/vimeo.com\/7786580\" target=\"_blank\">\u25ba CLICK HERE TO LISTEN<\/a><\/p>\n","protected":false},"featured_media":2082,"comment_status":"closed","ping_status":"closed","template":"","meta":[],"product_brand":[],"product_cat":[],"product_tag":[969,968,254,961],"class_list":{"0":"post-2081","1":"product","2":"type-product","3":"status-publish","4":"has-post-thumbnail","6":"product_tag-aquaboogie","7":"product_tag-aquaparque","8":"product_tag-e-isso-ai","9":"product_tag-tropa-macaca","10":"product_shipping_class-cd","11":"pa_artist-aquaparque","12":"pa_genre-pop","13":"pa_genre-post-punk","14":"pa_label-aquaboogie","16":"first","17":"instock","18":"shipping-taxable","19":"purchasable","20":"product-type-simple"},"_links":{"self":[{"href":"https:\/\/www.wasserbassin.com\/site\/wp-json\/wp\/v2\/product\/2081","targetHints":{"allow":["GET"]}}],"collection":[{"href":"https:\/\/www.wasserbassin.com\/site\/wp-json\/wp\/v2\/product"}],"about":[{"href":"https:\/\/www.wasserbassin.com\/site\/wp-json\/wp\/v2\/types\/product"}],"replies":[{"embeddable":true,"href":"https:\/\/www.wasserbassin.com\/site\/wp-json\/wp\/v2\/comments?post=2081"}],"wp:featuredmedia":[{"embeddable":true,"href":"https:\/\/www.wasserbassin.com\/site\/wp-json\/wp\/v2\/media\/2082"}],"wp:attachment":[{"href":"https:\/\/www.wasserbassin.com\/site\/wp-json\/wp\/v2\/media?parent=2081"}],"wp:term":[{"taxonomy":"product_brand","embeddable":true,"href":"https:\/\/www.wasserbassin.com\/site\/wp-json\/wp\/v2\/product_brand?post=2081"},{"taxonomy":"product_cat","embeddable":true,"href":"https:\/\/www.wasserbassin.com\/site\/wp-json\/wp\/v2\/product_cat?post=2081"},{"taxonomy":"product_tag","embeddable":true,"href":"https:\/\/www.wasserbassin.com\/site\/wp-json\/wp\/v2\/product_tag?post=2081"}],"curies":[{"name":"wp","href":"https:\/\/api.w.org\/{rel}","templated":true}]}}