{"id":20815,"date":"2025-08-11T22:50:23","date_gmt":"2025-08-11T21:50:23","guid":{"rendered":"https:\/\/www.wasserbassin.com\/site\/?post_type=product&#038;p=20815"},"modified":"2025-08-11T23:00:13","modified_gmt":"2025-08-11T22:00:13","slug":"2m-fragosela-de-baixo-mix-quinta-xx-xxxxxx-1995-96-fanzine","status":"publish","type":"product","link":"https:\/\/www.wasserbassin.com\/site\/product\/2m-fragosela-de-baixo-mix-quinta-xx-xxxxxx-1995-96-fanzine\/","title":{"rendered":"2M &#8211; Fragosela-De-Baixo-Mix Quinta XX XXXXXX 1995-96 &#8211; Fanzine"},"content":{"rendered":"<p>Grupo de amigos e conhecidos junta-se na zona de Viseu para celebrar mais uma passagem de ano. Detalhes exaustivos da log\u00edstica e quem vai, quem se encontra, o que fazem, o que tomam, o que veem. \u00c0 relativa banalidade da situa\u00e7\u00e3o acrescenta-se uma camada de \u00e9poca relacionada com um estilo de vida que gravitava em torno da cultura de m\u00fasica de dan\u00e7a. <strong>2M<\/strong>, assim an\u00f3nimo mas real, j\u00e1 acumulara experi\u00eancia rave e professava uma modernidade urbana, convencida, crente no centro de actividade e ac\u00e7\u00e3o, pouco interessada na periferia e no &#8220;naturalismo&#8221;. 10 anos mais tarde concebia o ambiente v\u00eddeo na melhor discoteca de Lisboa.<\/p>\n<p><strong><span class=\"title\">Holuzam<\/span><\/strong><\/p>\n","protected":false},"excerpt":{"rendered":"<p class=\"p1\"><strong><strong><span class=\"title\">Dark Entries<\/span><\/strong><\/strong><\/p>\n<hr \/>\n<p>Grupo de amigos e conhecidos junta-se na zona de Viseu para celebrar mais uma passagem de ano. Detalhes exaustivos da log\u00edstica e quem vai, quem se encontra, o que fazem, o que tomam, o que veem. \u00c0 relativa banalidade da situa\u00e7\u00e3o acrescenta-se uma camada de \u00e9poca relacionada com um estilo de vida que gravitava em torno da cultura de m\u00fasica de dan\u00e7a. <strong>2M<\/strong>, assim an\u00f3nimo mas real, j\u00e1 acumulara experi\u00eancia rave e professava uma modernidade urbana, convencida, crente no centro de actividade e ac\u00e7\u00e3o, pouco interessada na periferia e no &#8220;naturalismo&#8221;. 10 anos mais tarde concebia o ambiente v\u00eddeo na melhor discoteca de Lisboa.<\/p>\n<p class=\"p1\"><strong>\u00a0<\/strong><\/p>\n","protected":false},"featured_media":20816,"comment_status":"closed","ping_status":"closed","template":"","meta":[],"product_brand":[],"product_cat":[],"product_tag":[5160,2543],"class_list":{"0":"post-20815","1":"product","2":"type-product","3":"status-publish","4":"has-post-thumbnail","6":"product_tag-2m","7":"product_tag-holuzam","8":"product_shipping_class-bookks","9":"pa_artist-2m","10":"pa_genre-art","11":"pa_genre-rave","12":"pa_label-holuzam","14":"first","15":"instock","16":"shipping-taxable","17":"purchasable","18":"product-type-simple"},"_links":{"self":[{"href":"https:\/\/www.wasserbassin.com\/site\/wp-json\/wp\/v2\/product\/20815","targetHints":{"allow":["GET"]}}],"collection":[{"href":"https:\/\/www.wasserbassin.com\/site\/wp-json\/wp\/v2\/product"}],"about":[{"href":"https:\/\/www.wasserbassin.com\/site\/wp-json\/wp\/v2\/types\/product"}],"replies":[{"embeddable":true,"href":"https:\/\/www.wasserbassin.com\/site\/wp-json\/wp\/v2\/comments?post=20815"}],"wp:featuredmedia":[{"embeddable":true,"href":"https:\/\/www.wasserbassin.com\/site\/wp-json\/wp\/v2\/media\/20816"}],"wp:attachment":[{"href":"https:\/\/www.wasserbassin.com\/site\/wp-json\/wp\/v2\/media?parent=20815"}],"wp:term":[{"taxonomy":"product_brand","embeddable":true,"href":"https:\/\/www.wasserbassin.com\/site\/wp-json\/wp\/v2\/product_brand?post=20815"},{"taxonomy":"product_cat","embeddable":true,"href":"https:\/\/www.wasserbassin.com\/site\/wp-json\/wp\/v2\/product_cat?post=20815"},{"taxonomy":"product_tag","embeddable":true,"href":"https:\/\/www.wasserbassin.com\/site\/wp-json\/wp\/v2\/product_tag?post=20815"}],"curies":[{"name":"wp","href":"https:\/\/api.w.org\/{rel}","templated":true}]}}