{"id":20842,"date":"2025-08-19T00:08:12","date_gmt":"2025-08-18T23:08:12","guid":{"rendered":"https:\/\/www.wasserbassin.com\/site\/?post_type=product&#038;p=20842"},"modified":"2025-09-05T18:29:46","modified_gmt":"2025-09-05T17:29:46","slug":"margarida-guia-traversee-cdr","status":"publish","type":"product","link":"https:\/\/www.wasserbassin.com\/site\/product\/margarida-guia-traversee-cdr\/","title":{"rendered":"Margarida Guia &#8211; Travers\u00e9e &#8211; CDr"},"content":{"rendered":"<p>A sempre curiosa <strong>Plancton Music<\/strong> acaba de lan\u00e7ar, &#8220;<strong>Travers\u00e9e<\/strong>&#8220;, obra da actriz, performer e compositora, <strong>Margarida Guia.<\/strong><\/p>\n<p>Artista multidisciplinar, conta com colabora\u00e7\u00f5es em \u00e1reas t\u00e3o diversas como o teatro, a dan\u00e7a, a r\u00e1dio, o cinema e a instala\u00e7\u00e3o sonora. Nesta apari\u00e7\u00e3o a solo, <strong>Margarida Guia<\/strong> funde, com particular mestria, o canto, a poesia e a cria\u00e7\u00e3o musical contempor\u00e2nea num coerente espectro sonoro.<\/p>\n<p>Em suma, um belo documento!<\/p>\n<p>Edi\u00e7\u00e3o limitada a 50 exemplares<\/p>\n<p><strong>Plancton Music<\/strong><\/p>\n","protected":false},"excerpt":{"rendered":"<p><strong>Plancton Music<\/strong><\/p>\n<hr \/>\n<div class=\"description\">\n<div class=\"description\">\n<p>A sempre curiosa <strong>Plancton Music<\/strong> acaba de lan\u00e7ar, &#8220;<strong>Travers\u00e9e<\/strong>&#8220;, obra da actriz, performer e compositora, <strong>Margarida Guia.<\/strong><\/p>\n<p>Artista multidisciplinar, conta com colabora\u00e7\u00f5es em \u00e1reas t\u00e3o diversas como o teatro, a dan\u00e7a, a r\u00e1dio, o cinema e a instala\u00e7\u00e3o sonora. Nesta apari\u00e7\u00e3o a solo, <strong>Margarida Guia<\/strong> funde, com particular mestria, o canto, a poesia e a cria\u00e7\u00e3o musical contempor\u00e2nea num coerente espectro sonoro.<\/p>\n<p>Em suma, um belo documento!<\/p>\n<p>Edi\u00e7\u00e3o limitada a 50 exemplares<\/p>\n<\/div>\n<\/div>\n<p><a href=\"https:\/\/www.facebook.com\/planctonmusic\/\" target=\"_blank\" rel=\"noopener noreferrer\">\u25ba CLICK HERE TO LISTEN<\/a><\/p>\n<p>&nbsp;<\/p>\n<p class=\"p1\"><strong>\u00a0<\/strong><\/p>\n","protected":false},"featured_media":20843,"comment_status":"closed","ping_status":"closed","template":"","meta":[],"product_brand":[],"product_cat":[],"product_tag":[5172,2421],"class_list":{"0":"post-20842","1":"product","2":"type-product","3":"status-publish","4":"has-post-thumbnail","6":"product_tag-margarida-guia","7":"product_tag-plancton-music","8":"product_shipping_class-cd","9":"pa_artist-margarida-guia","10":"pa_genre-abstract","11":"pa_genre-experimental","12":"pa_genre-sound-art","13":"pa_label-plancton-music","15":"first","16":"instock","17":"shipping-taxable","18":"purchasable","19":"product-type-simple"},"_links":{"self":[{"href":"https:\/\/www.wasserbassin.com\/site\/wp-json\/wp\/v2\/product\/20842","targetHints":{"allow":["GET"]}}],"collection":[{"href":"https:\/\/www.wasserbassin.com\/site\/wp-json\/wp\/v2\/product"}],"about":[{"href":"https:\/\/www.wasserbassin.com\/site\/wp-json\/wp\/v2\/types\/product"}],"replies":[{"embeddable":true,"href":"https:\/\/www.wasserbassin.com\/site\/wp-json\/wp\/v2\/comments?post=20842"}],"wp:featuredmedia":[{"embeddable":true,"href":"https:\/\/www.wasserbassin.com\/site\/wp-json\/wp\/v2\/media\/20843"}],"wp:attachment":[{"href":"https:\/\/www.wasserbassin.com\/site\/wp-json\/wp\/v2\/media?parent=20842"}],"wp:term":[{"taxonomy":"product_brand","embeddable":true,"href":"https:\/\/www.wasserbassin.com\/site\/wp-json\/wp\/v2\/product_brand?post=20842"},{"taxonomy":"product_cat","embeddable":true,"href":"https:\/\/www.wasserbassin.com\/site\/wp-json\/wp\/v2\/product_cat?post=20842"},{"taxonomy":"product_tag","embeddable":true,"href":"https:\/\/www.wasserbassin.com\/site\/wp-json\/wp\/v2\/product_tag?post=20842"}],"curies":[{"name":"wp","href":"https:\/\/api.w.org\/{rel}","templated":true}]}}