{"id":21209,"date":"2025-12-29T19:43:38","date_gmt":"2025-12-29T19:43:38","guid":{"rendered":"https:\/\/www.wasserbassin.com\/site\/?post_type=product&#038;p=21209"},"modified":"2025-12-31T07:30:08","modified_gmt":"2025-12-31T07:30:08","slug":"a-r-d-a-starclub-1987-90-cd","status":"publish","type":"product","link":"https:\/\/www.wasserbassin.com\/site\/product\/a-r-d-a-starclub-1987-90-cd\/","title":{"rendered":"A.R.D.A. &#8211; StarClub 1987-90 &#8211; CD"},"content":{"rendered":"<p><strong>A.R.D.A.<\/strong> (Ao Redor da Alma) era uma banda p\u00f3s-punk carioca do final dos anos 80 que contava com o portugu\u00eas Jo\u00e3o Branco Kyron na sua forma\u00e7\u00e3o (\u00e0 \u00e9poca radicado no Brasil). Formados em 1987, os ARDA eram constitu\u00eddos por Jo\u00e3o Branco (Kyron) &#8211; Voz, letras e sintetizadores, Pedro Serra &#8211; Bateria, Roberto Nascimento \u2013 Guitarra e Claude Capdeville &#8211; Baixo.<\/p>\n<p>Ao longo dos 3 anos de actividade foram adquirindo um grupo consider\u00e1vel de f\u00e3s e escrevendo o seu nome no meio alternativo da cidade do Rio de Janeiro. Influenciados por bandas como Siouxsie and the Banshees, Killing Joke, Bauhaus ou Coil, fundiam ritmos muito pr\u00f3prios com guitarras cortantes e melodias on\u00edricas.<\/p>\n<p><strong>P\u00f3s-80&#8217;s<\/strong><\/p>\n","protected":false},"excerpt":{"rendered":"<p><strong>P\u00f3s-80&#8217;s<\/strong><\/p>\n<hr \/>\n<p><strong>A.R.D.A.<\/strong> (Ao Redor da Alma) era uma banda p\u00f3s-punk carioca do final dos anos 80 que contava com o portugu\u00eas Jo\u00e3o Branco Kyron na sua forma\u00e7\u00e3o (\u00e0 \u00e9poca radicado no Brasil). Formados em 1987, os ARDA eram constitu\u00eddos por Jo\u00e3o Branco (Kyron) &#8211; Voz, letras e sintetizadores, Pedro Serra &#8211; Bateria, Roberto Nascimento \u2013 Guitarra e Claude Capdeville &#8211; Baixo.<\/p>\n<p>Ao longo dos 3 anos de actividade foram adquirindo um grupo consider\u00e1vel de f\u00e3s e escrevendo o seu nome no meio alternativo da cidade do Rio de Janeiro. Influenciados por bandas como Siouxsie and the Banshees, Killing Joke, Bauhaus ou Coil, fundiam ritmos muito pr\u00f3prios com guitarras cortantes e melodias on\u00edricas.<\/p>\n<p><a href=\"https:\/\/www.youtube.com\/results?search_query=ao+redor+da+alma+-+StarClub+1987-90\" target=\"_blank\" rel=\"noopener\">\u25ba CLICK HERE TO LISTEN<\/a><\/p>\n<p>&nbsp;<\/p>\n<p class=\"p1\"><strong>\u00a0<\/strong><\/p>\n","protected":false},"featured_media":21211,"comment_status":"closed","ping_status":"closed","template":"","meta":[],"product_brand":[],"product_cat":[],"product_tag":[5286,5285],"class_list":{"0":"post-21209","1":"product","2":"type-product","3":"status-publish","4":"has-post-thumbnail","6":"product_tag-a-r-d-a","7":"product_tag-pos-80s","8":"product_shipping_class-cd","9":"pa_artist-a-r-d-a","10":"pa_genre-alternative_rock","11":"pa_genre-post-punk","12":"pa_label-pos-80s","14":"first","15":"instock","16":"shipping-taxable","17":"purchasable","18":"product-type-simple"},"_links":{"self":[{"href":"https:\/\/www.wasserbassin.com\/site\/wp-json\/wp\/v2\/product\/21209","targetHints":{"allow":["GET"]}}],"collection":[{"href":"https:\/\/www.wasserbassin.com\/site\/wp-json\/wp\/v2\/product"}],"about":[{"href":"https:\/\/www.wasserbassin.com\/site\/wp-json\/wp\/v2\/types\/product"}],"replies":[{"embeddable":true,"href":"https:\/\/www.wasserbassin.com\/site\/wp-json\/wp\/v2\/comments?post=21209"}],"wp:featuredmedia":[{"embeddable":true,"href":"https:\/\/www.wasserbassin.com\/site\/wp-json\/wp\/v2\/media\/21211"}],"wp:attachment":[{"href":"https:\/\/www.wasserbassin.com\/site\/wp-json\/wp\/v2\/media?parent=21209"}],"wp:term":[{"taxonomy":"product_brand","embeddable":true,"href":"https:\/\/www.wasserbassin.com\/site\/wp-json\/wp\/v2\/product_brand?post=21209"},{"taxonomy":"product_cat","embeddable":true,"href":"https:\/\/www.wasserbassin.com\/site\/wp-json\/wp\/v2\/product_cat?post=21209"},{"taxonomy":"product_tag","embeddable":true,"href":"https:\/\/www.wasserbassin.com\/site\/wp-json\/wp\/v2\/product_tag?post=21209"}],"curies":[{"name":"wp","href":"https:\/\/api.w.org\/{rel}","templated":true}]}}