{"id":21230,"date":"2026-01-03T18:46:44","date_gmt":"2026-01-03T18:46:44","guid":{"rendered":"https:\/\/www.wasserbassin.com\/site\/?post_type=product&#038;p=21230"},"modified":"2026-01-03T19:00:19","modified_gmt":"2026-01-03T19:00:19","slug":"henrique-tome-thin-ice-lp","status":"publish","type":"product","link":"https:\/\/www.wasserbassin.com\/site\/product\/henrique-tome-thin-ice-lp\/","title":{"rendered":"Henrique Tom\u00e9 &#8211; Thin Ice &#8211; LP"},"content":{"rendered":"<p>\u201c<strong>Thin Ice<\/strong>\u201d \u00e9 o \u00e1lbum de estreia de <strong>Henrique Tom\u00e9<\/strong> \u2014 um disco conceptual dividido em dois atos \u2014 conflito e resolu\u00e7\u00e3o \u2014, constru\u00eddo como uma narrativa inspirada na dramaturgia cl\u00e1ssica. Entre paisagens densas e descargas viscerais, o disco explora fragilidade, ansiedade e supera\u00e7\u00e3o.<\/p>\n<p>Figura ativa da cena independente portuense, <strong>Henrique Tom\u00e9<\/strong> tem vindo a destacar-se como compositor, baixista e produtor em projetos como Balter Youth, Silentide e Vitoria Vermelho. Agora, apresenta-se a solo num trabalho profundamente pessoal, marcado pela explora\u00e7\u00e3o de quest\u00f5es existenciais, atrav\u00e9s de can\u00e7\u00f5es que oscilam entre a introspe\u00e7\u00e3o e o caos.<\/p>\n<p><strong>Biruta Records<\/strong><\/p>\n","protected":false},"excerpt":{"rendered":"<p class=\"p1\"><strong>Biruta Records<\/strong><\/p>\n<hr \/>\n<p>\u201c<strong>Thin Ice<\/strong>\u201d \u00e9 o \u00e1lbum de estreia de <strong>Henrique Tom\u00e9<\/strong> \u2014 um disco conceptual dividido em dois atos \u2014 conflito e resolu\u00e7\u00e3o \u2014, constru\u00eddo como uma narrativa inspirada na dramaturgia cl\u00e1ssica. Entre paisagens densas e descargas viscerais, o disco explora fragilidade, ansiedade e supera\u00e7\u00e3o.<\/p>\n<p>Figura ativa da cena independente portuense, <strong>Henrique Tom\u00e9<\/strong> tem vindo a destacar-se como compositor, baixista e produtor em projetos como Balter Youth, Silentide e Vitoria Vermelho. Agora, apresenta-se a solo num trabalho profundamente pessoal, marcado pela explora\u00e7\u00e3o de quest\u00f5es existenciais, atrav\u00e9s de can\u00e7\u00f5es que oscilam entre a introspe\u00e7\u00e3o e o caos.<\/p>\n<p><a href=\"https:\/\/www.youtube.com\/playlist?list=OLAK5uy_kif1-T6H43kD8TlePtLU25bWPkSWpcsHI\" target=\"_blank\" rel=\"noopener noreferrer\">\u25ba CLICK HERE TO LISTEN<\/a><\/p>\n<p class=\"p1\"><strong>\u00a0<\/strong><\/p>\n","protected":false},"featured_media":21222,"comment_status":"closed","ping_status":"closed","template":"","meta":[],"product_brand":[],"product_cat":[],"product_tag":[5295,5298],"class_list":{"0":"post-21230","1":"product","2":"type-product","3":"status-publish","4":"has-post-thumbnail","6":"product_tag-biruta-records","7":"product_tag-henrique-tome","8":"product_shipping_class-lp","9":"pa_artist-henrique-tome","10":"pa_genre-alternative_rock","11":"pa_genre-electronics","12":"pa_genre-indie","13":"pa_label-biruta-records","15":"first","16":"instock","17":"shipping-taxable","18":"purchasable","19":"product-type-simple"},"_links":{"self":[{"href":"https:\/\/www.wasserbassin.com\/site\/wp-json\/wp\/v2\/product\/21230","targetHints":{"allow":["GET"]}}],"collection":[{"href":"https:\/\/www.wasserbassin.com\/site\/wp-json\/wp\/v2\/product"}],"about":[{"href":"https:\/\/www.wasserbassin.com\/site\/wp-json\/wp\/v2\/types\/product"}],"replies":[{"embeddable":true,"href":"https:\/\/www.wasserbassin.com\/site\/wp-json\/wp\/v2\/comments?post=21230"}],"wp:featuredmedia":[{"embeddable":true,"href":"https:\/\/www.wasserbassin.com\/site\/wp-json\/wp\/v2\/media\/21222"}],"wp:attachment":[{"href":"https:\/\/www.wasserbassin.com\/site\/wp-json\/wp\/v2\/media?parent=21230"}],"wp:term":[{"taxonomy":"product_brand","embeddable":true,"href":"https:\/\/www.wasserbassin.com\/site\/wp-json\/wp\/v2\/product_brand?post=21230"},{"taxonomy":"product_cat","embeddable":true,"href":"https:\/\/www.wasserbassin.com\/site\/wp-json\/wp\/v2\/product_cat?post=21230"},{"taxonomy":"product_tag","embeddable":true,"href":"https:\/\/www.wasserbassin.com\/site\/wp-json\/wp\/v2\/product_tag?post=21230"}],"curies":[{"name":"wp","href":"https:\/\/api.w.org\/{rel}","templated":true}]}}