{"id":21344,"date":"2026-02-24T14:11:18","date_gmt":"2026-02-24T14:11:18","guid":{"rendered":"https:\/\/www.wasserbassin.com\/site\/?post_type=product&#038;p=21344"},"modified":"2026-02-24T14:25:16","modified_gmt":"2026-02-24T14:25:16","slug":"jardim-do-enforcado-onde-caixoes-brotam-como-flores-ao-vivo-no-rrv-18-maio-89-cd","status":"publish","type":"product","link":"https:\/\/www.wasserbassin.com\/site\/product\/jardim-do-enforcado-onde-caixoes-brotam-como-flores-ao-vivo-no-rrv-18-maio-89-cd\/","title":{"rendered":"Jardim do Enforcado &#8211; Onde Caix\u00f5es Brotam Como Flores Ao Vivo No RRV, 18 Maio &#8217;89 &#8211; CD"},"content":{"rendered":"<p><strong>Jardim do Enforcado<\/strong>, a banda lend\u00e1ria dos anos 80, considerada a primeira banda de Deathrock em Portugal, volta a brindar os f\u00e3s desta vez com o segundo lan\u00e7amento em CD.<\/p>\n<p>A <strong>P\u00f3s-80&#8242;<\/strong>s orgulha-se de apresentar &#8220;<strong>Onde Caix\u00f5es Brotam como Flores ao vivo no RRV, 18 maio &#8217;89<\/strong>&#8220;, o registo do m\u00edtico concerto de homenagem, 9 anos ap\u00f3s a morte de Ian Curtis (Joy Division).<\/p>\n<p>O CD inclui um booklet de 20 p\u00e1ginas com imagens e um texto de Lu\u00eds Futre.<\/p>\n<p><strong>P\u00f3s-80&#8217;s<\/strong><\/p>\n","protected":false},"excerpt":{"rendered":"<p><strong>P\u00f3s-80&#8217;s<\/strong><\/p>\n<hr \/>\n<p><strong>Jardim do Enforcado<\/strong>, a banda lend\u00e1ria dos anos 80, considerada a primeira banda de Deathrock em Portugal, volta a brindar os f\u00e3s desta vez com o segundo lan\u00e7amento em CD.<\/p>\n<p>A <strong>P\u00f3s-80&#8242;<\/strong>s orgulha-se de apresentar &#8220;<strong>Onde Caix\u00f5es Brotam como Flores ao vivo no RRV, 18 maio &#8217;89<\/strong>&#8220;, o registo do m\u00edtico concerto de homenagem, 9 anos ap\u00f3s a morte de Ian Curtis (Joy Division).<\/p>\n<p>O CD inclui um booklet de 20 p\u00e1ginas com imagens e um texto de Lu\u00eds Futre.<\/p>\n<p><a href=\"https:\/\/www.youtube.com\/watch?v=YW8kqaFlZ3I&amp;list=RDYW8kqaFlZ3I&amp;start_radio=1\" target=\"_blank\" rel=\"noopener\">\u25ba CLICK HERE TO LISTEN<\/a><\/p>\n<p>&nbsp;<\/p>\n<p class=\"p1\"><strong>\u00a0<\/strong><\/p>\n","protected":false},"featured_media":21351,"comment_status":"closed","ping_status":"closed","template":"","meta":[],"product_brand":[],"product_cat":[],"product_tag":[5327,5285],"class_list":{"0":"post-21344","1":"product","2":"type-product","3":"status-publish","4":"has-post-thumbnail","6":"product_tag-jardim-do-enforcado","7":"product_tag-pos-80s","8":"product_shipping_class-cd","9":"pa_artist-o-jardim-do-enforcado","10":"pa_genre-death-rock","11":"pa_genre-post-punk","12":"pa_label-pos-80s","14":"first","15":"instock","16":"shipping-taxable","17":"purchasable","18":"product-type-simple"},"_links":{"self":[{"href":"https:\/\/www.wasserbassin.com\/site\/wp-json\/wp\/v2\/product\/21344","targetHints":{"allow":["GET"]}}],"collection":[{"href":"https:\/\/www.wasserbassin.com\/site\/wp-json\/wp\/v2\/product"}],"about":[{"href":"https:\/\/www.wasserbassin.com\/site\/wp-json\/wp\/v2\/types\/product"}],"replies":[{"embeddable":true,"href":"https:\/\/www.wasserbassin.com\/site\/wp-json\/wp\/v2\/comments?post=21344"}],"wp:featuredmedia":[{"embeddable":true,"href":"https:\/\/www.wasserbassin.com\/site\/wp-json\/wp\/v2\/media\/21351"}],"wp:attachment":[{"href":"https:\/\/www.wasserbassin.com\/site\/wp-json\/wp\/v2\/media?parent=21344"}],"wp:term":[{"taxonomy":"product_brand","embeddable":true,"href":"https:\/\/www.wasserbassin.com\/site\/wp-json\/wp\/v2\/product_brand?post=21344"},{"taxonomy":"product_cat","embeddable":true,"href":"https:\/\/www.wasserbassin.com\/site\/wp-json\/wp\/v2\/product_cat?post=21344"},{"taxonomy":"product_tag","embeddable":true,"href":"https:\/\/www.wasserbassin.com\/site\/wp-json\/wp\/v2\/product_tag?post=21344"}],"curies":[{"name":"wp","href":"https:\/\/api.w.org\/{rel}","templated":true}]}}