{"id":21391,"date":"2026-03-10T15:49:23","date_gmt":"2026-03-10T15:49:23","guid":{"rendered":"https:\/\/www.wasserbassin.com\/site\/?post_type=product&#038;p=21391"},"modified":"2026-03-10T15:56:16","modified_gmt":"2026-03-10T15:56:16","slug":"forca-maior-morte-lilas-lp","status":"publish","type":"product","link":"https:\/\/www.wasserbassin.com\/site\/product\/forca-maior-morte-lilas-lp\/","title":{"rendered":"For\u00e7a Maior &#8211; Morte Lil\u00e1s &#8211; LP"},"content":{"rendered":"<p><strong>For\u00e7a Maior<\/strong> combines the vital saxophone explorations of Pedro Alves Sousa with the infinitely subtle electronic processing of Pedro Tavares. Sousa (aka M\u00e1 Estrela) is known for manipulating his woodwind through guitar pedalboards &amp; amplifiers, creating far-from-ordinary sonics rooted in unceasing curiosity. For his part, Tavares (aka funcion\u00e1rio) conjoins video &amp; sound work to create space for the pensive wanderings where memory and imagination interlace.<\/p>\n<p>The album &#8220;<strong>Morte Lil\u00e1s<\/strong>&#8221; was recorded over a week in June 2023 in Pedro Alves Sousa&#8217;s family farm, located in the village of Ferreirim, near Lamego, in Portugal.<\/p>\n<p><strong>Perf<\/strong><\/p>\n","protected":false},"excerpt":{"rendered":"<p class=\"p1\"><strong>Perf<\/strong><\/p>\n<hr \/>\n<p><strong>For\u00e7a Maior<\/strong> combines the vital saxophone explorations of Pedro Alves Sousa with the infinitely subtle electronic processing of Pedro Tavares. Sousa (aka M\u00e1 Estrela) is known for manipulating his woodwind through guitar pedalboards &amp; amplifiers, creating far-from-ordinary sonics rooted in unceasing curiosity. For his part, Tavares (aka funcion\u00e1rio) conjoins video &amp; sound work to create space for the pensive wanderings where memory and imagination interlace.<\/p>\n<p>The album &#8220;<strong>Morte Lil\u00e1s<\/strong>&#8221; was recorded over a week in June 2023 in Pedro Alves Sousa&#8217;s family farm, located in the village of Ferreirim, near Lamego, in Portugal.<\/p>\n<p><a href=\"https:\/\/www.youtube.com\/playlist?list=OLAK5uy_kZbyVk_CLu9CGDpLEaLh4gNUKtUbLeUbE\" target=\"_blank\" rel=\"noopener\">\u00a0\u25ba CLICK HERE TO LISTEN<\/a><\/p>\n<p class=\"p1\"><strong>\u00a0<\/strong><\/p>\n","protected":false},"featured_media":21392,"comment_status":"closed","ping_status":"closed","template":"","meta":[],"product_brand":[],"product_cat":[],"product_tag":[5335,5206],"class_list":{"0":"post-21391","1":"product","2":"type-product","3":"status-publish","4":"has-post-thumbnail","6":"product_tag-forca-maior","7":"product_tag-perf","8":"product_shipping_class-lp","9":"pa_artist-forca-maior","10":"pa_genre-electronics","11":"pa_genre-experimental","12":"pa_genre-free-jazz","13":"pa_label-perf","15":"first","16":"instock","17":"shipping-taxable","18":"purchasable","19":"product-type-simple"},"_links":{"self":[{"href":"https:\/\/www.wasserbassin.com\/site\/wp-json\/wp\/v2\/product\/21391","targetHints":{"allow":["GET"]}}],"collection":[{"href":"https:\/\/www.wasserbassin.com\/site\/wp-json\/wp\/v2\/product"}],"about":[{"href":"https:\/\/www.wasserbassin.com\/site\/wp-json\/wp\/v2\/types\/product"}],"replies":[{"embeddable":true,"href":"https:\/\/www.wasserbassin.com\/site\/wp-json\/wp\/v2\/comments?post=21391"}],"wp:featuredmedia":[{"embeddable":true,"href":"https:\/\/www.wasserbassin.com\/site\/wp-json\/wp\/v2\/media\/21392"}],"wp:attachment":[{"href":"https:\/\/www.wasserbassin.com\/site\/wp-json\/wp\/v2\/media?parent=21391"}],"wp:term":[{"taxonomy":"product_brand","embeddable":true,"href":"https:\/\/www.wasserbassin.com\/site\/wp-json\/wp\/v2\/product_brand?post=21391"},{"taxonomy":"product_cat","embeddable":true,"href":"https:\/\/www.wasserbassin.com\/site\/wp-json\/wp\/v2\/product_cat?post=21391"},{"taxonomy":"product_tag","embeddable":true,"href":"https:\/\/www.wasserbassin.com\/site\/wp-json\/wp\/v2\/product_tag?post=21391"}],"curies":[{"name":"wp","href":"https:\/\/api.w.org\/{rel}","templated":true}]}}