{"id":21527,"date":"2026-04-29T09:18:50","date_gmt":"2026-04-29T08:18:50","guid":{"rendered":"https:\/\/www.wasserbassin.com\/site\/?post_type=product&#038;p=21527"},"modified":"2026-04-21T11:56:56","modified_gmt":"2026-04-21T10:56:56","slug":"v-a-leve-leve-vol-2-sao-tome-principe-sounds-70s-80s-cd","status":"publish","type":"product","link":"https:\/\/www.wasserbassin.com\/site\/product\/v-a-leve-leve-vol-2-sao-tome-principe-sounds-70s-80s-cd\/","title":{"rendered":"V\/A \u2013 L\u00e9ve L\u00e9ve Vol.2: S\u00e3o Tom\u00e9 &#038; Pr\u00edncipe Sounds 70s\u200b-\u200b80s &#8211; CD"},"content":{"rendered":"<p>Following L\u00e9ve L\u00e9ve Vol. 1, this second volume continues a long-term exploration of the popular music of S\u00e3o Tom\u00e9 and Pr\u00edncipe, with a clear focus on rhythm, movement and dancefloor energy. Curated by Tom B., &#8220;<strong>L\u00e9ve L\u00e9ve Vol. 2<\/strong>&#8221; brings together emblematic recordings from the 1970s and 1980s, carefully restored and remastered, designed as much for close listening as for DJ use.<\/p>\n<p><span class=\"bcTruncateMore\">Conceived as a living record rather than a static archival object, this compilation speaks equally to DJs and curious listeners. It once again affirms Bongo Joe\u2019s approach: bringing powerful, popular and complex music back into circulation, without nostalgia or exoticism, and making it fully present today.<\/span><\/p>\n<p><strong>Les Disques Bongo Joe<\/strong><\/p>\n<p><strong>\u00a0<\/strong><\/p>\n","protected":false},"excerpt":{"rendered":"<p><strong>Les Disques Bongo Joe<\/strong><\/p>\n<hr \/>\n<p>Following L\u00e9ve L\u00e9ve Vol. 1, this second volume continues a long-term exploration of the popular music of S\u00e3o Tom\u00e9 and Pr\u00edncipe, with a clear focus on rhythm, movement and dancefloor energy. Curated by Tom B., &#8220;<strong>L\u00e9ve L\u00e9ve Vol. 2<\/strong>&#8221; brings together emblematic recordings from the 1970s and 1980s, carefully restored and remastered, designed as much for close listening as for DJ use.<\/p>\n<p><span class=\"bcTruncateMore\">Conceived as a living record rather than a static archival object, this compilation speaks equally to DJs and curious listeners. It once again affirms Bongo Joe\u2019s approach: bringing powerful, popular and complex music back into circulation, without nostalgia or exoticism, and making it fully present today.<\/span><\/p>\n<p><a title=\"See the Video\" href=\"https:\/\/www.youtube.com\/playlist?list=OLAK5uy_nBpkYZqTz1EYdwN6nmlY47CDq0ic02e4Q\" target=\"_blank\" rel=\"noopener noreferrer\">\u25ba CLICK HERE TO LISTEN<\/a><\/p>\n<p>&nbsp;<\/p>\n<p>&nbsp;<\/p>\n<p><strong>\u00a0<\/strong><\/p>\n","protected":false},"featured_media":21531,"comment_status":"closed","ping_status":"closed","template":"","meta":[],"product_brand":[],"product_cat":[],"product_tag":[1694,5390],"class_list":{"0":"post-21527","1":"product","2":"type-product","3":"status-publish","4":"has-post-thumbnail","6":"product_tag-les-disques-bongo-joe","7":"product_tag-leve-leve","8":"product_shipping_class-cd","9":"pa_artist-various_artists","10":"pa_genre-coladera","11":"pa_genre-funana","12":"pa_genre-merengue","13":"pa_label-les-disques-bongo-joe","15":"first","16":"instock","17":"shipping-taxable","18":"purchasable","19":"product-type-simple"},"_links":{"self":[{"href":"https:\/\/www.wasserbassin.com\/site\/wp-json\/wp\/v2\/product\/21527","targetHints":{"allow":["GET"]}}],"collection":[{"href":"https:\/\/www.wasserbassin.com\/site\/wp-json\/wp\/v2\/product"}],"about":[{"href":"https:\/\/www.wasserbassin.com\/site\/wp-json\/wp\/v2\/types\/product"}],"replies":[{"embeddable":true,"href":"https:\/\/www.wasserbassin.com\/site\/wp-json\/wp\/v2\/comments?post=21527"}],"wp:featuredmedia":[{"embeddable":true,"href":"https:\/\/www.wasserbassin.com\/site\/wp-json\/wp\/v2\/media\/21531"}],"wp:attachment":[{"href":"https:\/\/www.wasserbassin.com\/site\/wp-json\/wp\/v2\/media?parent=21527"}],"wp:term":[{"taxonomy":"product_brand","embeddable":true,"href":"https:\/\/www.wasserbassin.com\/site\/wp-json\/wp\/v2\/product_brand?post=21527"},{"taxonomy":"product_cat","embeddable":true,"href":"https:\/\/www.wasserbassin.com\/site\/wp-json\/wp\/v2\/product_cat?post=21527"},{"taxonomy":"product_tag","embeddable":true,"href":"https:\/\/www.wasserbassin.com\/site\/wp-json\/wp\/v2\/product_tag?post=21527"}],"curies":[{"name":"wp","href":"https:\/\/api.w.org\/{rel}","templated":true}]}}