{"id":2208,"date":"2014-10-30T00:50:29","date_gmt":"2014-10-30T00:50:29","guid":{"rendered":"http:\/\/wasserbassin.com\/site\/pages\/page-with-sidebar\/shop\/tia-maria-producoes-ta-tipo-ja-nao-vamos-morrer-12\/"},"modified":"2018-08-18T02:30:30","modified_gmt":"2018-08-18T01:30:30","slug":"tia-maria-producoes-ta-tipo-ja-nao-vamos-morrer-12","status":"publish","type":"product","link":"https:\/\/www.wasserbassin.com\/site\/product\/tia-maria-producoes-ta-tipo-ja-nao-vamos-morrer-12\/","title":{"rendered":"Tia Maria Produ\u00e7\u00f5es &#8211; T\u00e1 Tipo J\u00e1 N\u00e3o Vamos Morrer  &#8211; 12&#8243;"},"content":{"rendered":"<p>&#8221; <strong>Tia Maria Produ\u00e7\u00f5es<\/strong>&#8216; remarkable debut EP recalls another crew of unabashedly romantic young prodigies, Bow&#8217;s Ruff Sqwad. But it&#8217;s the melodies that really linger; Puto M\u00e1rcio&#8217;s buzzy saw wave harmonies on &#8220;Tia Maria Da Vida&#8221; are stately and sorrowful enough to prick up the hairs on the back of your neck.&#8221;<br \/>\n(WIRE)<\/p>\n","protected":false},"excerpt":{"rendered":"<p class=\"p1\"><strong>Pr\u00edncipe Discos<br \/>\n<\/strong><\/p>\n<hr \/>\n<p>&#8221; <strong>Tia Maria Produ\u00e7\u00f5es<\/strong>&#8216; remarkable debut EP recalls another crew of unabashedly romantic young prodigies, Bow&#8217;s Ruff Sqwad. But it&#8217;s the melodies that really linger; Puto M\u00e1rcio&#8217;s buzzy saw wave harmonies on &#8220;Tia Maria Da Vida&#8221; are stately and sorrowful enough to prick up the hairs on the back of your neck.&#8221;<br \/>\n(WIRE)<\/p>\n<p><a href=\"https:\/\/www.youtube.com\/watch?v=7LdPuZvcqpI\" target=\"_blank\">\u25ba CLICK HERE TO LISTEN<\/a><\/p>\n<p class=\"p1\"><strong>\u00a0<\/strong><\/p>\n","protected":false},"featured_media":2209,"comment_status":"closed","ping_status":"closed","template":"","meta":[],"product_brand":[],"product_cat":[],"product_tag":[995,998],"class_list":{"0":"post-2208","1":"product","2":"type-product","3":"status-publish","4":"has-post-thumbnail","6":"product_tag-principe-discos","7":"product_tag-tia-maria-producoes","8":"product_shipping_class-lp","9":"pa_artist-various_artists","10":"pa_genre-beats","11":"pa_genre-electronics","12":"pa_label-principe-discos","14":"first","15":"outofstock","16":"shipping-taxable","17":"purchasable","18":"product-type-simple"},"_links":{"self":[{"href":"https:\/\/www.wasserbassin.com\/site\/wp-json\/wp\/v2\/product\/2208","targetHints":{"allow":["GET"]}}],"collection":[{"href":"https:\/\/www.wasserbassin.com\/site\/wp-json\/wp\/v2\/product"}],"about":[{"href":"https:\/\/www.wasserbassin.com\/site\/wp-json\/wp\/v2\/types\/product"}],"replies":[{"embeddable":true,"href":"https:\/\/www.wasserbassin.com\/site\/wp-json\/wp\/v2\/comments?post=2208"}],"wp:featuredmedia":[{"embeddable":true,"href":"https:\/\/www.wasserbassin.com\/site\/wp-json\/wp\/v2\/media\/2209"}],"wp:attachment":[{"href":"https:\/\/www.wasserbassin.com\/site\/wp-json\/wp\/v2\/media?parent=2208"}],"wp:term":[{"taxonomy":"product_brand","embeddable":true,"href":"https:\/\/www.wasserbassin.com\/site\/wp-json\/wp\/v2\/product_brand?post=2208"},{"taxonomy":"product_cat","embeddable":true,"href":"https:\/\/www.wasserbassin.com\/site\/wp-json\/wp\/v2\/product_cat?post=2208"},{"taxonomy":"product_tag","embeddable":true,"href":"https:\/\/www.wasserbassin.com\/site\/wp-json\/wp\/v2\/product_tag?post=2208"}],"curies":[{"name":"wp","href":"https:\/\/api.w.org\/{rel}","templated":true}]}}