{"id":2548,"date":"2015-03-03T16:30:27","date_gmt":"2015-03-03T16:30:27","guid":{"rendered":"http:\/\/wasserbassin.com\/site\/pages\/page-with-sidebar\/shop\/cdm-casa-da-mae-producoes-malucos-de-raiz-12\/"},"modified":"2018-08-18T02:19:19","modified_gmt":"2018-08-18T01:19:19","slug":"cdm-casa-da-mae-producoes-malucos-de-raiz-12","status":"publish","type":"product","link":"https:\/\/www.wasserbassin.com\/site\/product\/cdm-casa-da-mae-producoes-malucos-de-raiz-12\/","title":{"rendered":"CDM (Casa Da M\u00e3e Produ\u00e7\u00f5es) &#8211; Malucos De Ra\u00edz &#8211; 12&#8243;"},"content":{"rendered":"<p><strong>Maboku and Lilocox<\/strong> make up <strong>CDM<\/strong>, an offshoot of PDDG (Piquenos Djs Do Guetto). It\u2019s a production team already developed in the days of Pr\u00edncipe\u2019s now legendary monthly residency at the Musicbox club in downtown Lisbon. Their back-to-back DJ sets, strongly built around their own productions, bridge any gap between straight jungle kuduro and a personal interpretation of house. However, it\u2019s all the things in between that never fail to impress. Watch for the unheard!<\/p>\n<p>The EP starts off with the traditional slow jam referred to as Tarraxo. Suggestive moaning gives way to the heavy heavy sound of percussion. You have to feel it especially after the break, when an all-powerful reverb increases the punch. Godamn!<\/p>\n<p>\u201cCDM A Comandar\u201d showcases the classic batida and marimba dialogue. It\u2019s synthetic Africa deliciously shot through the heads of both producers into our receiving hands and feet;<br \/>\n\u201cViemos Do Congo\u201d unveils a bit more of Africa with tribal drums and a tense harmonica-like melodic hook that ends only too soon. Killer jungle groove;<\/p>\n<p>Lilocox is left alone for \u201cTo Ligado\u201d, a relentless piece of batida with his trademark deep bottom-end. This goes on like a juggernaut;<br \/>\n\u201cLaranjas\u201d (\u201cOranges\u201d, go figure) is Maboku\u2019s party tune, horn stabs picking up and not letting go. Pure Cargaa for the dancefloor;<\/p>\n<p>\u201cNo Momento\u201d sounds like the ultimate avant-garde batida. Fat bass drum, crashing hi-hats and hanging bells, all commanded by Lilocox\u2019s otherwordly rhythmic sense;<\/p>\n<p>Another slow jam at the end: \u201cGrito Das Crian\u00e7as\u201d plays percussion against percussion, it follows a jacking path before adding melancholy with some lamenting horns. Someone needs to party but feels too introspective to get the gas really going. Catch all the breaks if you can.<\/p>\n","protected":false},"excerpt":{"rendered":"<p class=\"p1\"><strong>Pr\u00edncipe Discos<br \/>\n<\/strong><\/p>\n<hr \/>\n<p><strong>Maboku and Lilocox<\/strong> make up <strong>CDM<\/strong>, an offshoot of PDDG (Piquenos Djs Do Guetto). It\u2019s a production team already developed in the days of Pr\u00edncipe\u2019s now legendary monthly residency at the Musicbox club in downtown Lisbon. Their back-to-back DJ sets, strongly built around their own productions, bridge any gap between straight jungle kuduro and a personal interpretation of house. However, it\u2019s all the things in between that never fail to impress.<\/p>\n<p>Watch for the unheard!<\/p>\n<p><a href=\"https:\/\/www.youtube.com\/watch?v=smbfnY1NCho\" target=\"_blank\">\u25ba CLICK HERE TO LISTEN<\/a><\/p>\n<p class=\"p1\"><strong>\u00a0<\/strong><\/p>\n","protected":false},"featured_media":2549,"comment_status":"closed","ping_status":"closed","template":"","meta":[],"product_brand":[],"product_cat":[],"product_tag":[1079,995],"class_list":{"0":"post-2548","1":"product","2":"type-product","3":"status-publish","4":"has-post-thumbnail","6":"product_tag-cdm","7":"product_tag-principe-discos","8":"product_shipping_class-lp","9":"pa_artist-cdm","10":"pa_genre-beats","11":"pa_genre-electronics","12":"pa_genre-kuduro","13":"pa_label-principe-discos","15":"first","16":"outofstock","17":"shipping-taxable","18":"purchasable","19":"product-type-simple"},"_links":{"self":[{"href":"https:\/\/www.wasserbassin.com\/site\/wp-json\/wp\/v2\/product\/2548","targetHints":{"allow":["GET"]}}],"collection":[{"href":"https:\/\/www.wasserbassin.com\/site\/wp-json\/wp\/v2\/product"}],"about":[{"href":"https:\/\/www.wasserbassin.com\/site\/wp-json\/wp\/v2\/types\/product"}],"replies":[{"embeddable":true,"href":"https:\/\/www.wasserbassin.com\/site\/wp-json\/wp\/v2\/comments?post=2548"}],"wp:featuredmedia":[{"embeddable":true,"href":"https:\/\/www.wasserbassin.com\/site\/wp-json\/wp\/v2\/media\/2549"}],"wp:attachment":[{"href":"https:\/\/www.wasserbassin.com\/site\/wp-json\/wp\/v2\/media?parent=2548"}],"wp:term":[{"taxonomy":"product_brand","embeddable":true,"href":"https:\/\/www.wasserbassin.com\/site\/wp-json\/wp\/v2\/product_brand?post=2548"},{"taxonomy":"product_cat","embeddable":true,"href":"https:\/\/www.wasserbassin.com\/site\/wp-json\/wp\/v2\/product_cat?post=2548"},{"taxonomy":"product_tag","embeddable":true,"href":"https:\/\/www.wasserbassin.com\/site\/wp-json\/wp\/v2\/product_tag?post=2548"}],"curies":[{"name":"wp","href":"https:\/\/api.w.org\/{rel}","templated":true}]}}