{"id":2686,"date":"2016-03-02T14:18:19","date_gmt":"2016-03-02T14:18:19","guid":{"rendered":"http:\/\/wasserbassin.com\/site\/pages\/page-with-sidebar\/shop\/para-ver-o-sol-seleccoes-2006-2014\/"},"modified":"2016-07-19T15:26:35","modified_gmt":"2016-07-19T14:26:35","slug":"slipmate01","status":"publish","type":"product","link":"https:\/\/www.wasserbassin.com\/site\/product\/slipmate01\/","title":{"rendered":"Wasser Bassin &#8211; Slipmate &#8211; LTD"},"content":{"rendered":"<p><strong><span style=\"color: #3366ff;\">WASSER BASSIN<\/span>\u00a0\u2013 SLIPMATE<\/strong><\/p>\n<p><strong>WB-S01 &#8211; Audiophile Product<\/strong><\/p>\n<p><strong><span style=\"color: #3366ff;\">ENG \u2013<\/span>\u00a0<\/strong>We\u00a0are very pleased to announce the arrival of the brand new\u00a0<span style=\"color: #3366ff;\"><strong>Wasser Bassin<\/strong><\/span>\u2018s leather\u00a0<strong>slipmate!!!<\/strong>If you care about your records, of if you are just a fan of the label, \u00a0be sure not waste the chance to buy this beautifully crafted piece.Very limited amounts available!<\/p>\n<p><span style=\"color: #3366ff;\"><strong>ORDER NOW!!!\u00a0<\/strong><\/span><\/p>\n<p><strong>Technical Info:<\/strong><\/p>\n<p><strong>WASSER BASSIN\u2019s leather turntable mat<\/strong><\/p>\n<p>Made of a premium leather single piece,\u00a0 the leather\u00a0<strong>slipmate<\/strong>\u00a0improves sound, reduces vibration and makes for a stable high-fidelity performance.\u00a0The high-friction but smooth surface also allows a fluid record rotation, with minimal slip.<\/p>\n<p>Diameter: 29.5 cm ;\u00a0Thickness: 2,0mm;\u00a0Color: Light Brown ;\u00a0Stamp: Hot embossing<\/p>\n<p><strong><span style=\"color: #3366ff;\">PT<\/span> \u2013\u00a0<\/strong>A\u00a0<span style=\"color: #3366ff;\"><strong>Wasser Bassin<\/strong>\u00a0<\/span>acabou de lan\u00e7ar um novo tapete de discos (slipmate), em couro de \u00f3ptima qualidade!\u00a0Se prezam os vossos discos, e\/ou se s\u00e3o meros aficionados da editora, n\u00e3o deixem escapar este belo artigo. As quantidades dispon\u00edveis s\u00e3o tremendamente limitadas!<\/p>\n<p><span style=\"color: #3366ff;\"><strong>ENCOMENDEM J\u00c1!!!<\/strong><\/span><\/p>\n<p><strong>Caracter\u00edsticas T\u00e9cnicas:<\/strong><\/p>\n<p><strong>WASSER BASSIN \u2013 Tapete de gira-discos<\/strong><\/p>\n<p>Produzido a partir de uma pe\u00e7a \u00fanica, em couro\u00a0<em>premium<\/em>, \u00a0o tapete aumenta a qualidade de leitura dos vinis, melhora a din\u00e2mica sonora, diminui as interfer\u00eancias resultantes da est\u00e1tica e potencia os n\u00edveis de amortecimento.<\/p>\n<p>Di\u00e2metro: 29,5 cm;\u00a0Espessura: 2,0mm;\u00a0Cor: Castanho Claro;\u00a0Timbre: Pun\u00e7\u00e3o a quente<\/p>\n<p>Propriedades do couro: \u00a0Amortece as resson\u00e2ncias provenientes da cabe\u00e7a do gira-discos; imagem sonora mais n\u00edtida, melhoria da din\u00e2mica e resposta dos graves; redu\u00e7\u00e3o de ru\u00eddo; evita est\u00e1tica.<\/p>\n","protected":false},"excerpt":{"rendered":"<header><strong><span style=\"color: #3366ff;\">WASSER BASSIN<\/span>\u00a0\u2013 SLIPMATE<\/strong><strong>WB-S01 &#8211; Audiophile Product<\/strong><strong><span style=\"color: #3366ff;\">ENG \u2013<\/span>\u00a0<\/strong>\u00a0We are very pleased to announce the arrival of the brand new\u00a0<span style=\"color: #3366ff;\"><strong>Wasser Bassin<\/strong><\/span>\u2018s leather\u00a0<strong>slipmate!!!<\/strong>If you care about your records, of if you are just a fan of the label, \u00a0be sure not waste the chance to buy this beautifully crafted piece. Very limited amounts available!<\/p>\n<p><span style=\"color: #3366ff;\"><strong>ORDER NOW!!!\u00a0<\/strong><\/span><\/p>\n<p><strong><span style=\"color: #3366ff;\">PT \u2013<\/span>\u00a0<\/strong>A\u00a0<span style=\"color: #3366ff;\"><strong>Wasser Bassin<\/strong><\/span>\u00a0acabou de lan\u00e7ar um novo tapete de discos (slipmate), em couro de \u00f3ptima qualidade!\u00a0Se prezam os vossos discos, e\/ou se s\u00e3o meros aficionados da editora, n\u00e3o deixem escapar este belo artigo. As quantidades dispon\u00edveis s\u00e3o tremendamente limitadas!<\/p>\n<p><span style=\"color: #3366ff;\"><strong>ENCOMENDEM J\u00c1!!!<\/strong><\/span><\/p>\n<\/header>\n<header>\u00a0<\/header>\n","protected":false},"featured_media":3430,"comment_status":"closed","ping_status":"closed","template":"","meta":[],"product_brand":[],"product_cat":[1293,907],"product_tag":[1296,908],"class_list":{"0":"post-2686","1":"product","2":"type-product","3":"status-publish","4":"has-post-thumbnail","6":"product_cat-slipmate","7":"product_cat-wasser-bassin","8":"product_tag-slipmate","9":"product_tag-wasser-bassin","10":"product_shipping_class-lp","11":"pa_artist-slipmate","12":"pa_genre-audiophile","13":"pa_label-wasser-bassin","15":"first","16":"outofstock","17":"featured","18":"shipping-taxable","19":"purchasable","20":"product-type-simple"},"_links":{"self":[{"href":"https:\/\/www.wasserbassin.com\/site\/wp-json\/wp\/v2\/product\/2686","targetHints":{"allow":["GET"]}}],"collection":[{"href":"https:\/\/www.wasserbassin.com\/site\/wp-json\/wp\/v2\/product"}],"about":[{"href":"https:\/\/www.wasserbassin.com\/site\/wp-json\/wp\/v2\/types\/product"}],"replies":[{"embeddable":true,"href":"https:\/\/www.wasserbassin.com\/site\/wp-json\/wp\/v2\/comments?post=2686"}],"wp:featuredmedia":[{"embeddable":true,"href":"https:\/\/www.wasserbassin.com\/site\/wp-json\/wp\/v2\/media\/3430"}],"wp:attachment":[{"href":"https:\/\/www.wasserbassin.com\/site\/wp-json\/wp\/v2\/media?parent=2686"}],"wp:term":[{"taxonomy":"product_brand","embeddable":true,"href":"https:\/\/www.wasserbassin.com\/site\/wp-json\/wp\/v2\/product_brand?post=2686"},{"taxonomy":"product_cat","embeddable":true,"href":"https:\/\/www.wasserbassin.com\/site\/wp-json\/wp\/v2\/product_cat?post=2686"},{"taxonomy":"product_tag","embeddable":true,"href":"https:\/\/www.wasserbassin.com\/site\/wp-json\/wp\/v2\/product_tag?post=2686"}],"curies":[{"name":"wp","href":"https:\/\/api.w.org\/{rel}","templated":true}]}}