{"id":2695,"date":"2015-05-06T17:04:03","date_gmt":"2015-05-06T16:04:03","guid":{"rendered":"http:\/\/wasserbassin.com\/site\/pages\/page-with-sidebar\/shop\/va-cargaa-1-12\/"},"modified":"2018-08-18T02:14:41","modified_gmt":"2018-08-18T01:14:41","slug":"va-cargaa-1-12","status":"publish","type":"product","link":"https:\/\/www.wasserbassin.com\/site\/product\/va-cargaa-1-12\/","title":{"rendered":"V\/A &#8211; Cargaa 1 &#8211; 12&#8243;"},"content":{"rendered":"<p>The<strong> Warp Records <\/strong>release<strong> &#8220;Cargaa 1&#8221;<\/strong> features five tracks from a clutch of Lisbon producers combining African genres like kuduro, batida, kizomba, funan\u00e1 and tarrachinha with Western house and techno sounds. Honing in on <strong>Pr\u00edncipe Discos<\/strong> artists <strong>DJ Marfox, Dj Nigga Fox, Blacksea N\u00e3o Maya, Tia Maria Produ\u00e7\u00f5es<\/strong> the release comes off the back of a wave of interest in a sound previously confined to the suburbs of the Portuguese capital.<\/p>\n<p>The EP\u2019s name\u00a0is a popular slang term among\u00a0Lisbon\u2019s\u00a0young\u00a0producers. Roughly meaning \u201chot\u201d and \u201cheavy\u201d, they frequently use it\u00a0to describe their\u00a0music\u00a0on SoundCloud comments, mixes and even in track titles.<\/p>\n<p>This is hardcore stuff!<\/p>\n<p><strong>Warp<\/strong><\/p>\n","protected":false},"excerpt":{"rendered":"<p><strong>Warp<br \/>\n<\/strong><\/p>\n<hr \/>\n<p>The<strong> Warp Records <\/strong>release<strong> &#8220;Cargaa 1&#8221;<\/strong> features five tracks from a clutch of Lisbon producers combining African genres like kuduro, batida, kizomba, funan\u00e1 and tarrachinha with Western house and techno sounds. Honing in on <strong>Pr\u00edncipe Discos<\/strong> artists <strong>DJ Marfox, Dj Nigga Fox, Blacksea N\u00e3o Maya, Tia Maria Produ\u00e7\u00f5es<\/strong> the release comes off the back of a wave of interest in a sound previously confined to the suburbs of the Portuguese capital.<\/p>\n<p>The EP\u2019s name is a popular slang term among Lisbon\u2019s young producers. Roughly meaning \u201chot\u201d and \u201cheavy\u201d, they frequently use it to describe their music on SoundCloud comments, mixes and even in track titles.<\/p>\n<p>This is hardcore stuff!<\/p>\n<p><a href=\"https:\/\/www.youtube.com\/watch?v=Q0MjvNAJxjE\" target=\"_blank\">\u25ba CLICK HERE TO LISTEN<\/a><\/p>\n","protected":false},"featured_media":2696,"comment_status":"closed","ping_status":"closed","template":"","meta":[],"product_brand":[],"product_cat":[],"product_tag":[593,996,995,998,970],"class_list":{"0":"post-2695","1":"product","2":"type-product","3":"status-publish","4":"has-post-thumbnail","6":"product_tag-cargaa-1","7":"product_tag-dj-marfox","8":"product_tag-principe-discos","9":"product_tag-tia-maria-producoes","10":"product_tag-warp","11":"product_shipping_class-lp","12":"pa_artist-dj-marfox","13":"pa_artist-dj-nigga-fox","14":"pa_artist-tia-maria-producoes","15":"pa_artist-various_artists","16":"pa_genre-beats","17":"pa_genre-grime","18":"pa_genre-kuduro","19":"pa_label-warp","21":"first","22":"outofstock","23":"shipping-taxable","24":"purchasable","25":"product-type-simple"},"_links":{"self":[{"href":"https:\/\/www.wasserbassin.com\/site\/wp-json\/wp\/v2\/product\/2695","targetHints":{"allow":["GET"]}}],"collection":[{"href":"https:\/\/www.wasserbassin.com\/site\/wp-json\/wp\/v2\/product"}],"about":[{"href":"https:\/\/www.wasserbassin.com\/site\/wp-json\/wp\/v2\/types\/product"}],"replies":[{"embeddable":true,"href":"https:\/\/www.wasserbassin.com\/site\/wp-json\/wp\/v2\/comments?post=2695"}],"wp:featuredmedia":[{"embeddable":true,"href":"https:\/\/www.wasserbassin.com\/site\/wp-json\/wp\/v2\/media\/2696"}],"wp:attachment":[{"href":"https:\/\/www.wasserbassin.com\/site\/wp-json\/wp\/v2\/media?parent=2695"}],"wp:term":[{"taxonomy":"product_brand","embeddable":true,"href":"https:\/\/www.wasserbassin.com\/site\/wp-json\/wp\/v2\/product_brand?post=2695"},{"taxonomy":"product_cat","embeddable":true,"href":"https:\/\/www.wasserbassin.com\/site\/wp-json\/wp\/v2\/product_cat?post=2695"},{"taxonomy":"product_tag","embeddable":true,"href":"https:\/\/www.wasserbassin.com\/site\/wp-json\/wp\/v2\/product_tag?post=2695"}],"curies":[{"name":"wp","href":"https:\/\/api.w.org\/{rel}","templated":true}]}}