{"id":3129,"date":"2015-11-11T19:04:00","date_gmt":"2015-11-11T19:04:00","guid":{"rendered":"http:\/\/wasserbassin.com\/site\/product\/carrilho-da-graca-lisbon-english-version\/"},"modified":"2024-08-23T13:57:59","modified_gmt":"2024-08-23T12:57:59","slug":"carrilho-da-graca-lisbon-english-version","status":"publish","type":"product","link":"https:\/\/www.wasserbassin.com\/site\/product\/carrilho-da-graca-lisbon-english-version\/","title":{"rendered":"Carrilho Da Gra\u00e7a &#8211; Lisbon (English Version) &#8211; Book"},"content":{"rendered":"<p>The following book is a compedium of the archictetural works of the\u00a0<strong>Jo\u00e3o Lu\u00eds Carrilho da Gra\u00e7a<\/strong> situated in the city Lisbon. <strong>&#8220;Lisbon&#8221;<\/strong> a fundamental article, specially if you are interested in finding out more about the singular view of one of the most interesting portuguese architects!<\/p>\n<p>&nbsp;<\/p>\n","protected":false},"excerpt":{"rendered":"<p><strong>Dafne<\/strong><\/p>\n<hr \/>\n<p>The following book is a compedium of the archictetural works of the\u00a0<strong>Jo\u00e3o Lu\u00eds Carrilho da Gra\u00e7a<\/strong> situated in the city Lisbon. <strong>&#8220;Lisbon&#8221;<\/strong> a fundamental article, specially if you are interested in finding out more about the singular view of one of the most interesting portuguese architects!<\/p>\n","protected":false},"featured_media":3130,"comment_status":"closed","ping_status":"closed","template":"","meta":[],"product_brand":[],"product_cat":[41],"product_tag":[1201,980,774,773],"class_list":{"0":"post-3129","1":"product","2":"type-product","3":"status-publish","4":"has-post-thumbnail","6":"product_cat-books","7":"product_tag-carrilho-da-graca","8":"product_tag-dafne","9":"product_tag-lisboa","10":"product_tag-lisbon","11":"product_shipping_class-bookks","12":"pa_artist-carrilho-da-graca","13":"pa_genre-architecture","14":"pa_label-dafne","16":"first","17":"outofstock","18":"shipping-taxable","19":"purchasable","20":"product-type-simple"},"_links":{"self":[{"href":"https:\/\/www.wasserbassin.com\/site\/wp-json\/wp\/v2\/product\/3129","targetHints":{"allow":["GET"]}}],"collection":[{"href":"https:\/\/www.wasserbassin.com\/site\/wp-json\/wp\/v2\/product"}],"about":[{"href":"https:\/\/www.wasserbassin.com\/site\/wp-json\/wp\/v2\/types\/product"}],"replies":[{"embeddable":true,"href":"https:\/\/www.wasserbassin.com\/site\/wp-json\/wp\/v2\/comments?post=3129"}],"wp:featuredmedia":[{"embeddable":true,"href":"https:\/\/www.wasserbassin.com\/site\/wp-json\/wp\/v2\/media\/3130"}],"wp:attachment":[{"href":"https:\/\/www.wasserbassin.com\/site\/wp-json\/wp\/v2\/media?parent=3129"}],"wp:term":[{"taxonomy":"product_brand","embeddable":true,"href":"https:\/\/www.wasserbassin.com\/site\/wp-json\/wp\/v2\/product_brand?post=3129"},{"taxonomy":"product_cat","embeddable":true,"href":"https:\/\/www.wasserbassin.com\/site\/wp-json\/wp\/v2\/product_cat?post=3129"},{"taxonomy":"product_tag","embeddable":true,"href":"https:\/\/www.wasserbassin.com\/site\/wp-json\/wp\/v2\/product_tag?post=3129"}],"curies":[{"name":"wp","href":"https:\/\/api.w.org\/{rel}","templated":true}]}}