{"id":3132,"date":"2015-11-11T19:17:26","date_gmt":"2015-11-11T19:17:26","guid":{"rendered":"http:\/\/wasserbassin.com\/site\/product\/carrilho-da-graca-lisboa-livro\/"},"modified":"2020-10-01T22:20:19","modified_gmt":"2020-10-01T21:20:19","slug":"carrilho-da-graca-lisboa-livro","status":"publish","type":"product","link":"https:\/\/www.wasserbassin.com\/site\/product\/carrilho-da-graca-lisboa-livro\/","title":{"rendered":"Carrilho Da Gra\u00e7a &#8211; Lisboa &#8211; Livro"},"content":{"rendered":"<p><strong>&#8220;Lisboa&#8221;<\/strong> redescobre a actividade profissional do arquitecto <strong>Jo\u00e3o Lu\u00eds Carrilho da Gra\u00e7a<\/strong> a partir dos seus trabalhos para Lisboa. A cidade \u00e9 o lugar que lhe permite construir uma vis\u00e3o assertiva sobre como encarar a arquitectura e descrever o seu modo singular de ler o territ\u00f3rio.<\/p>\n<p>Como explicam Marta Sequeira e Susana Rato, as curadoras da exposi\u00e7\u00e3o e autoras do pref\u00e1cio, \u00abesta n\u00e3o \u00e9 uma obra sobre Jo\u00e3o Lu\u00eds Carrilho da Gra\u00e7a, nem sobre o seu trabalho. N\u00e3o \u00e9, t\u00e3o-pouco, uma monografia sobre os seus projectos. Apesar do seu car\u00e1cter antol\u00f3gico, esta publica\u00e7\u00e3o manifesta sobretudo um modo de olhar, presente desde o in\u00edcio da sua actividade profissional e docente. E esse olhar \u00e9 ilustrado a partir da cidade sobre a qual tem trabalhado desde h\u00e1 mais de 30 anos: Lisboa.\u00bb<\/p>\n<p>Com duas edi\u00e7\u00f5es independentes em\u00a0 portugu\u00eas e ingl\u00eas,\u00a0o livro conta tamb\u00e9m com textos de Jo\u00e3o Lu\u00eds Carrilho da Gra\u00e7a, Marta Sequeira, Emilio Tu\u00f1\u00f3n, Diogo Seixas Lopes e fotografias de Tiago Casanova.<\/p>\n<p>&nbsp;<\/p>\n","protected":false},"excerpt":{"rendered":"<p><strong>Dafne<\/strong><\/p>\n<hr \/>\n<p><strong>&#8220;Lisboa&#8221;<\/strong> redescobre a actividade profissional do arquitecto <strong>Jo\u00e3o Lu\u00eds Carrilho da Gra\u00e7a<\/strong> a partir dos seus trabalhos para Lisboa. A cidade \u00e9 o lugar que lhe permite construir uma vis\u00e3o assertiva sobre como encarar a arquitectura e descrever o seu modo singular de ler o territ\u00f3rio.<\/p>\n","protected":false},"featured_media":3130,"comment_status":"closed","ping_status":"closed","template":"","meta":[],"product_brand":[],"product_cat":[41],"product_tag":[1201,980,774,773],"class_list":{"0":"post-3132","1":"product","2":"type-product","3":"status-publish","4":"has-post-thumbnail","6":"product_cat-books","7":"product_tag-carrilho-da-graca","8":"product_tag-dafne","9":"product_tag-lisboa","10":"product_tag-lisbon","11":"product_shipping_class-bookks","12":"pa_artist-carrilho-da-graca","13":"pa_genre-architecture","14":"pa_label-dafne","16":"first","17":"outofstock","18":"shipping-taxable","19":"purchasable","20":"product-type-simple"},"_links":{"self":[{"href":"https:\/\/www.wasserbassin.com\/site\/wp-json\/wp\/v2\/product\/3132","targetHints":{"allow":["GET"]}}],"collection":[{"href":"https:\/\/www.wasserbassin.com\/site\/wp-json\/wp\/v2\/product"}],"about":[{"href":"https:\/\/www.wasserbassin.com\/site\/wp-json\/wp\/v2\/types\/product"}],"replies":[{"embeddable":true,"href":"https:\/\/www.wasserbassin.com\/site\/wp-json\/wp\/v2\/comments?post=3132"}],"wp:featuredmedia":[{"embeddable":true,"href":"https:\/\/www.wasserbassin.com\/site\/wp-json\/wp\/v2\/media\/3130"}],"wp:attachment":[{"href":"https:\/\/www.wasserbassin.com\/site\/wp-json\/wp\/v2\/media?parent=3132"}],"wp:term":[{"taxonomy":"product_brand","embeddable":true,"href":"https:\/\/www.wasserbassin.com\/site\/wp-json\/wp\/v2\/product_brand?post=3132"},{"taxonomy":"product_cat","embeddable":true,"href":"https:\/\/www.wasserbassin.com\/site\/wp-json\/wp\/v2\/product_cat?post=3132"},{"taxonomy":"product_tag","embeddable":true,"href":"https:\/\/www.wasserbassin.com\/site\/wp-json\/wp\/v2\/product_tag?post=3132"}],"curies":[{"name":"wp","href":"https:\/\/api.w.org\/{rel}","templated":true}]}}