{"id":3168,"date":"2015-11-10T00:10:00","date_gmt":"2015-11-10T00:10:00","guid":{"rendered":"http:\/\/wasserbassin.com\/site\/product\/domingos-tavares-palacete-marques-gomes-livro\/"},"modified":"2015-11-25T00:16:58","modified_gmt":"2015-11-25T00:16:58","slug":"domingos-tavares-palacete-marques-gomes-livro","status":"publish","type":"product","link":"https:\/\/www.wasserbassin.com\/site\/product\/domingos-tavares-palacete-marques-gomes-livro\/","title":{"rendered":"Domingos Tavares &#8211; Palacete Marques Gomes &#8211; Livro"},"content":{"rendered":"<p>As casas tamb\u00e9m s\u00e3o tomadas pelo tempo, mas \u00e9 bem mais curta a dura\u00e7\u00e3o da vida dos homens do que a das casas que constroem para seu usufruto. No in\u00edcio do s\u00e9culo XX, Marques Gomes fez fortuna no Brasil. A casa grande que mandou edificar, sobranceira \u00e0 barra do rio Douro, prestou o servi\u00e7o que lhe competia at\u00e9 que, ao fim de cerca de trinta anos, n\u00e3o resistiu \u00e0 desarticula\u00e7\u00e3o da estrutura familiar que a justificava. As matas de austr\u00e1lias foram tomando conta do antigo montado, absorvendo as esp\u00e9cies ex\u00f3ticas e as planta\u00e7\u00f5es ordenadas. E o abandono marcou indelevelmente a arquitectura do lugar. At\u00e9 que, a ru\u00edna, o fogo e a pilhagem destru\u00edram o cen\u00e1rio da mem\u00f3ria poss\u00edvel.<\/p>\n<p><strong>Domingos Tavares<\/strong> neste livro \u2013 que refunde e amplia um cap\u00edtulo do livro <strong>&#8220;Casas de Brasileiro&#8221;<\/strong> \u2013 procura reconstituir este exemplo de arquitectura Beaux-Arts e compreender como um cidad\u00e3o de torna-viagem contribuiu para a promo\u00e7\u00e3o da modernidade, oferecendo condi\u00e7\u00f5es a um jovem artista para a realiza\u00e7\u00e3o desta obra de vanguarda. O ensaio pretende identificar as formas originais da casa, as condi\u00e7\u00f5es da sua produ\u00e7\u00e3o e as caracter\u00edsticas de alguns dos usos determinantes para a caracteriza\u00e7\u00e3o da sua imagem. \u00c9 uma viagem ao Erudito e popular na arquitectura dos Torna-Viagem, percorrendo um caminho que procura preencher um espa\u00e7o ainda relativamente vazio no processo de conhecimento da arte de edificar em Portugal.<\/p>\n<p><strong>Dafne<\/strong><\/p>\n<p>&nbsp;<\/p>\n<p>&nbsp;<\/p>\n","protected":false},"excerpt":{"rendered":"<p><strong>Dafne<\/strong><\/p>\n<hr \/>\n<p><strong>Domingos Tavares<\/strong> neste livro \u2013 que refunde e amplia um cap\u00edtulo do livro <strong>&#8220;Casas de Brasileiro&#8221;<\/strong> \u2013 procura reconstituir este exemplo de arquitectura Beaux-Arts e compreender como um cidad\u00e3o de torna-viagem contribuiu para a promo\u00e7\u00e3o da modernidade, oferecendo condi\u00e7\u00f5es a um jovem artista para a realiza\u00e7\u00e3o desta obra de vanguarda. O ensaio pretende identificar as formas originais da casa, as condi\u00e7\u00f5es da sua produ\u00e7\u00e3o e as caracter\u00edsticas de alguns dos usos determinantes para a caracteriza\u00e7\u00e3o da sua imagem. \u00c9 uma viagem ao Erudito e popular na arquitectura dos Torna-Viagem, percorrendo um caminho que procura preencher um espa\u00e7o ainda relativamente vazio no processo de conhecimento da arte de edificar em Portugal.<\/p>\n","protected":false},"featured_media":3169,"comment_status":"closed","ping_status":"closed","template":"","meta":[],"product_brand":[],"product_cat":[41],"product_tag":[980,1211,796],"class_list":{"0":"post-3168","1":"product","2":"type-product","3":"status-publish","4":"has-post-thumbnail","6":"product_cat-books","7":"product_tag-dafne","8":"product_tag-domingos-tavares","9":"product_tag-palacete-marques-gomes","10":"product_shipping_class-bookks","11":"pa_artist-domingos-tavares","12":"pa_genre-architecture","13":"pa_label-dafne","15":"first","16":"instock","17":"shipping-taxable","18":"purchasable","19":"product-type-simple"},"_links":{"self":[{"href":"https:\/\/www.wasserbassin.com\/site\/wp-json\/wp\/v2\/product\/3168","targetHints":{"allow":["GET"]}}],"collection":[{"href":"https:\/\/www.wasserbassin.com\/site\/wp-json\/wp\/v2\/product"}],"about":[{"href":"https:\/\/www.wasserbassin.com\/site\/wp-json\/wp\/v2\/types\/product"}],"replies":[{"embeddable":true,"href":"https:\/\/www.wasserbassin.com\/site\/wp-json\/wp\/v2\/comments?post=3168"}],"wp:featuredmedia":[{"embeddable":true,"href":"https:\/\/www.wasserbassin.com\/site\/wp-json\/wp\/v2\/media\/3169"}],"wp:attachment":[{"href":"https:\/\/www.wasserbassin.com\/site\/wp-json\/wp\/v2\/media?parent=3168"}],"wp:term":[{"taxonomy":"product_brand","embeddable":true,"href":"https:\/\/www.wasserbassin.com\/site\/wp-json\/wp\/v2\/product_brand?post=3168"},{"taxonomy":"product_cat","embeddable":true,"href":"https:\/\/www.wasserbassin.com\/site\/wp-json\/wp\/v2\/product_cat?post=3168"},{"taxonomy":"product_tag","embeddable":true,"href":"https:\/\/www.wasserbassin.com\/site\/wp-json\/wp\/v2\/product_tag?post=3168"}],"curies":[{"name":"wp","href":"https:\/\/api.w.org\/{rel}","templated":true}]}}