{"id":3365,"date":"2016-02-10T15:26:52","date_gmt":"2016-02-10T15:26:52","guid":{"rendered":"http:\/\/wasserbassin.com\/site\/product\/burton-greene-open-field-flower-stalk-cd\/"},"modified":"2018-10-19T22:04:48","modified_gmt":"2018-10-19T21:04:48","slug":"burton-greene-open-field-flower-stalk-cd","status":"publish","type":"product","link":"https:\/\/www.wasserbassin.com\/site\/product\/burton-greene-open-field-flower-stalk-cd\/","title":{"rendered":"Open Field + Burton Greene &#8211; Flower Stalk &#8211; CD"},"content":{"rendered":"<p>So now we cut to this time: 2014.\u00a0 I still love this way of making music with capable and creative musicians with a true collective spirit.\u00a0 That\u2019s why I\u2019m glad that a few years ago I made the connection with the Portuguese free improvisation group\u00a0<strong>Open Field String Trio<\/strong>.. We have performed several times together and then went into the Lisbon studio to make this fine recording together which you are about to hear.. It covers a lot of musical \u201cbases\u201d.\u00a0 So please open up your ears and minds, and enjoy!<\/p>\n<p>Recorded on 7th May 2012 at Namouche Studio &#8211; Lisbon by Joaquim Monte.<br \/>\nMixed and Mastered by Marcelo dos Reis.<br \/>\nDesign and Artwork by K\u00e1tia S\u00e1.<br \/>\nExecutive production by Cipsela Records.<br \/>\nAll music by Jo\u00e3o Cam\u00f5es, Marcelo dos Reis, Jos\u00e9 Miguel Pereira and Burton Greene.<br \/>\nCipsela 2015.<\/p>\n<p><strong>Cipsela Records<\/strong><\/p>\n<p>&nbsp;<\/p>\n<p>&nbsp;<\/p>\n<p>&nbsp;<\/p>\n<p>&nbsp;<\/p>\n","protected":false},"excerpt":{"rendered":"<p><strong>Cipsela Records <\/strong><\/p>\n<hr \/>\n<p>So now we cut to this time: 2014.\u00a0 I still love this way of making music with capable and creative musicians with a true collective spirit.\u00a0 That\u2019s why I\u2019m glad that a few years ago I made the connection with the Portuguese free improvisation group\u00a0<strong>Open Field String Trio<\/strong>.. We have performed several times together and then went into the Lisbon studio to make this fine recording together which you are about to hear.. It covers a lot of musical \u201cbases\u201d.\u00a0 So please open up your ears and minds, and enjoy!<\/p>\n<p><a href=\"https:\/\/soundcloud.com\/cipsela\/open-field-burton-greens-rising-intensity-for-alan-silva\" target=\"_blank\">\u25ba CLICK HERE TO LISTEN<\/a><\/p>\n","protected":false},"featured_media":3366,"comment_status":"closed","ping_status":"closed","template":"","meta":[],"product_brand":[],"product_cat":[],"product_tag":[1256,1254,1255],"class_list":{"0":"post-3365","1":"product","2":"type-product","3":"status-publish","4":"has-post-thumbnail","6":"product_tag-burton-greene","7":"product_tag-cipsela-records","8":"product_tag-open-field-string-trio","9":"product_shipping_class-cd","10":"pa_artist-burton-greene","11":"pa_artist-open-field-string-trio","12":"pa_genre-experimental","13":"pa_genre-improv","14":"pa_genre-jazz","15":"pa_label-cipsela-records","17":"first","18":"outofstock","19":"shipping-taxable","20":"purchasable","21":"product-type-simple"},"_links":{"self":[{"href":"https:\/\/www.wasserbassin.com\/site\/wp-json\/wp\/v2\/product\/3365","targetHints":{"allow":["GET"]}}],"collection":[{"href":"https:\/\/www.wasserbassin.com\/site\/wp-json\/wp\/v2\/product"}],"about":[{"href":"https:\/\/www.wasserbassin.com\/site\/wp-json\/wp\/v2\/types\/product"}],"replies":[{"embeddable":true,"href":"https:\/\/www.wasserbassin.com\/site\/wp-json\/wp\/v2\/comments?post=3365"}],"wp:featuredmedia":[{"embeddable":true,"href":"https:\/\/www.wasserbassin.com\/site\/wp-json\/wp\/v2\/media\/3366"}],"wp:attachment":[{"href":"https:\/\/www.wasserbassin.com\/site\/wp-json\/wp\/v2\/media?parent=3365"}],"wp:term":[{"taxonomy":"product_brand","embeddable":true,"href":"https:\/\/www.wasserbassin.com\/site\/wp-json\/wp\/v2\/product_brand?post=3365"},{"taxonomy":"product_cat","embeddable":true,"href":"https:\/\/www.wasserbassin.com\/site\/wp-json\/wp\/v2\/product_cat?post=3365"},{"taxonomy":"product_tag","embeddable":true,"href":"https:\/\/www.wasserbassin.com\/site\/wp-json\/wp\/v2\/product_tag?post=3365"}],"curies":[{"name":"wp","href":"https:\/\/api.w.org\/{rel}","templated":true}]}}