{"id":3402,"date":"2016-02-17T01:25:09","date_gmt":"2016-02-17T01:25:09","guid":{"rendered":"http:\/\/wasserbassin.com\/site\/product\/quarteto-1111-st-lp\/"},"modified":"2021-03-17T19:01:59","modified_gmt":"2021-03-17T19:01:59","slug":"quarteto-1111-st-lp","status":"publish","type":"product","link":"https:\/\/www.wasserbassin.com\/site\/product\/quarteto-1111-st-lp\/","title":{"rendered":"Quarteto 1111 &#8211; S\/T &#8211; LP"},"content":{"rendered":"<p><span style=\"color: #3366ff;\">ENG<\/span> &#8211; <strong>Quarteto 1111<\/strong> self-titled LP is\u00a0the pinnacle of a new,\u00a0fresh\u00a0approach to lyrics\/melody in Portuguese music, offering a\u00a0complex and extraordinary\u00a0two-concept\u00a0album. While retaining the <strong>1111<\/strong>\u2019s initial\u00a0psych-folk heritage,\u00a0<strong>Quarteto 1111<\/strong>\u00a0LP\u00a0goes deeper into psychedelia through magnetic tape experimentation, effects, and also a more clear influence from the mid-\u201860s jazz and R&amp;B. An extremely rare pressing, part of it was destroyed by the censorship due to its political content,\u00a0the album soon became a serious collectible.<\/p>\n<p>The 45th anniversary edition is <strong>strictly limited to 500 hand-numbered copies<\/strong>.<\/p>\n<p><span style=\"color: #3366ff;\">PT<\/span> &#8211; O primeiro \u00e1lbum do\u00a0<strong>Quarteto 1111<\/strong>, editado\u00a0em Mar\u00e7o de 1970, foi\u00a0o ponto alto\u00a0das experi\u00eancias\u00a0do grupo, onde\u00a0os ambientes psych-folk e\u00a0as influ\u00eancias do Jazz e\u00a0R&amp;B se fundiram\u00a0numa massa sonora intemporal. A\u00a0atitude subversiva\u00a0das composi\u00e7\u00f5es motivou, na altura,\u00a0a interven\u00e7\u00e3o da censura vigente no regime do Estado Novo, tornando o\u00a0LP\u00a0dos\u00a0<strong>Quarteto 1111<\/strong>\u00a0num objecto m\u00edtico\u00a0do rock produzido em Portugal.<\/p>\n<p>Esta edi\u00e7\u00e3o, <strong>rigorosamente limitada<\/strong>, comemora o\u00a045\u00ba\u00a0anivers\u00e1rio de um \u00e1lbum hist\u00f3rico e imperd\u00edvel!<\/p>\n<p><strong>Armoniz<\/strong><\/p>\n","protected":false},"excerpt":{"rendered":"<p><strong>Armoniz<\/strong><\/p>\n<hr \/>\n<p><span style=\"color: #3366ff;\">ENG<\/span> &#8211; <strong>Quarteto 1111<\/strong> self-titled LP is\u00a0the pinnacle of a new,\u00a0fresh\u00a0approach to lyrics\/melody in Portuguese music, offering a\u00a0complex and extraordinary\u00a0two-concept\u00a0album. While retaining the <strong>1111<\/strong>\u2019s initial\u00a0psych-folk heritage,\u00a0<strong>Quarteto 1111<\/strong>\u00a0LP\u00a0goes deeper into psychedelia through magnetic tape experimentation, effects, and also a more clear influence from the mid-\u201860s jazz and R&amp;B. An extremely rare pressing, part of it was destroyed by the censorship due to its political content,\u00a0the album soon became a serious collectible.\u00a0The 45th anniversary edition is <strong>strictly limited to 500 hand-numbered copies<\/strong>.<\/p>\n<p><span style=\"color: #3366ff;\">PT<\/span> &#8211; O primeiro \u00e1lbum do\u00a0<strong>Quarteto 1111<\/strong>, editado\u00a0em Mar\u00e7o de 1970, foi\u00a0o ponto alto\u00a0das experi\u00eancias\u00a0do grupo, onde\u00a0os ambientes psych-folk e\u00a0as influ\u00eancias do Jazz e\u00a0R&amp;B se fundiram\u00a0numa massa sonora intemporal. A\u00a0atitude subversiva\u00a0das composi\u00e7\u00f5es motivou, na altura,\u00a0a interven\u00e7\u00e3o da censura vigente no regime do Estado Novo, tornando o\u00a0LP\u00a0dos\u00a0<strong>Quarteto 1111<\/strong>\u00a0num objecto m\u00edtico\u00a0do rock produzido em Portugal.\u00a0Esta edi\u00e7\u00e3o, <strong>rigorosamente limitada<\/strong>, comemora o\u00a045\u00ba\u00a0anivers\u00e1rio de um \u00e1lbum hist\u00f3rico e imperd\u00edvel!<\/p>\n<p><a href=\"https:\/\/youtu.be\/C2kfrKODTX4\" target=\"_blank\" rel=\"noopener noreferrer\">\u25ba CLICK HERE TO LISTEN<\/a><\/p>\n","protected":false},"featured_media":3403,"comment_status":"closed","ping_status":"closed","template":"","meta":[],"product_brand":[],"product_cat":[],"product_tag":[1274,1273],"class_list":{"0":"post-3402","1":"product","2":"type-product","3":"status-publish","4":"has-post-thumbnail","6":"product_tag-armoniz","7":"product_tag-quarteto-1111","8":"product_shipping_class-lp","9":"pa_artist-quarteto-1111","10":"pa_genre-avant-garde","11":"pa_genre-prog_rock","12":"pa_genre-psychedelic","13":"pa_label-armoniz","15":"first","16":"outofstock","17":"shipping-taxable","18":"purchasable","19":"product-type-simple"},"_links":{"self":[{"href":"https:\/\/www.wasserbassin.com\/site\/wp-json\/wp\/v2\/product\/3402","targetHints":{"allow":["GET"]}}],"collection":[{"href":"https:\/\/www.wasserbassin.com\/site\/wp-json\/wp\/v2\/product"}],"about":[{"href":"https:\/\/www.wasserbassin.com\/site\/wp-json\/wp\/v2\/types\/product"}],"replies":[{"embeddable":true,"href":"https:\/\/www.wasserbassin.com\/site\/wp-json\/wp\/v2\/comments?post=3402"}],"wp:featuredmedia":[{"embeddable":true,"href":"https:\/\/www.wasserbassin.com\/site\/wp-json\/wp\/v2\/media\/3403"}],"wp:attachment":[{"href":"https:\/\/www.wasserbassin.com\/site\/wp-json\/wp\/v2\/media?parent=3402"}],"wp:term":[{"taxonomy":"product_brand","embeddable":true,"href":"https:\/\/www.wasserbassin.com\/site\/wp-json\/wp\/v2\/product_brand?post=3402"},{"taxonomy":"product_cat","embeddable":true,"href":"https:\/\/www.wasserbassin.com\/site\/wp-json\/wp\/v2\/product_cat?post=3402"},{"taxonomy":"product_tag","embeddable":true,"href":"https:\/\/www.wasserbassin.com\/site\/wp-json\/wp\/v2\/product_tag?post=3402"}],"curies":[{"name":"wp","href":"https:\/\/api.w.org\/{rel}","templated":true}]}}