{"id":3443,"date":"2016-03-01T16:45:05","date_gmt":"2016-03-01T16:45:05","guid":{"rendered":"http:\/\/wasserbassin.com\/site\/product\/va-soul-sok-sega-2lp\/"},"modified":"2018-05-02T20:45:50","modified_gmt":"2018-05-02T19:45:50","slug":"va-soul-sok-sega-2lp","status":"publish","type":"product","link":"https:\/\/www.wasserbassin.com\/site\/product\/va-soul-sok-sega-2lp\/","title":{"rendered":"VA &#8211; SOUL SOK S\u00c9GA &#8211; 2LP"},"content":{"rendered":"<p>S\u00e9ga is the traditional music of Mauritius (a small island off the coast of Madagascar) and is known as the \u201cblues\u201d of the Indian Ocean. The music was born during the 17th to 19th centuries by African slaves dancing to improvised music incorporating rhythms from their homelands in West Africa, Mozambique, Zanzibar and Madagascar. From these diverse influences sprang a new, insular dance and music, the s\u00e9ga.<\/p>\n<p>Though initially marginalised, by the mid-1960s s\u00e9ga music had become a symbol of national pride and identity for Mauritius. With the advent of electric instruments, the influx of funk, soul and jazz from the West and the growth of LPs, s\u00e9ga went commercial. Dancefloors started grooving to a more soulful, funky s\u00e9ga beat and s\u00e9ga artists popped up across the island with a new generation of charismatic singers becoming national stars including Claudio, Jean-Claude and Coulouce. S\u00e9ga, sung in Cr\u00e9ole, now united all the communities of the island. Mauritians from the European, African, Indian and Chinese communities, Hindus, Muslims, Christians, all danced and enjoyed s\u00e9ga.<br \/>\nFollowing excursions into rare tropical and island sounds with the Sofrito series, and the Haiti Direct and Calypsoul 70 albums, we\u2019re proud to present a collection exploring the incredible s\u00e9ga sounds that emerged from Mauritius during the 1970s, Soul Sok S\u00e9ga, compiled by DJ duo La Basse Tropicale (Natty H\u00f4 and Kons\u00f6le), based in the neighbouring island of La Reunion.<\/p>\n<p>Soul Sok Sega features extensive sleeve notes from long time Mauritian cultural champion, Percy Yip Tong, including new artist interviews, photos and original vinyl artwork. All formats are unmixed, made up completely of tracks that have never been re-issued internationally.<\/p>\n<p><strong>Strut<\/strong><\/p>\n","protected":false},"excerpt":{"rendered":"<p><strong>\u00a0Strut<\/strong><\/p>\n<hr \/>\n<p>S\u00e9ga is the traditional music of Mauritius (a small island off the coast of Madagascar) and is known as the \u201cblues\u201d of the Indian Ocean. The music was born during the 17th to 19th centuries by African slaves dancing to improvised music incorporating rhythms from their homelands in West Africa, Mozambique, Zanzibar and Madagascar. From these diverse influences sprang a new, insular dance and music, the s\u00e9ga.<\/p>\n<p><a title=\"See the Video\" href=\"https:\/\/www.youtube.com\/watch?v=xGnHRGHk1Q8\" target=\"_blank\">\u25ba CLICK HERE TO LISTEN<\/a><\/p>\n","protected":false},"featured_media":3441,"comment_status":"closed","ping_status":"closed","template":"","meta":[],"product_brand":[],"product_cat":[],"product_tag":[965],"class_list":{"0":"post-3443","1":"product","2":"type-product","3":"status-publish","4":"has-post-thumbnail","6":"product_tag-strut","7":"product_shipping_class-lp","8":"pa_artist-various_artists","9":"pa_genre-afro-beat","10":"pa_genre-ethnic","11":"pa_genre-soul","12":"pa_label-strut","14":"first","15":"outofstock","16":"shipping-taxable","17":"purchasable","18":"product-type-simple"},"_links":{"self":[{"href":"https:\/\/www.wasserbassin.com\/site\/wp-json\/wp\/v2\/product\/3443","targetHints":{"allow":["GET"]}}],"collection":[{"href":"https:\/\/www.wasserbassin.com\/site\/wp-json\/wp\/v2\/product"}],"about":[{"href":"https:\/\/www.wasserbassin.com\/site\/wp-json\/wp\/v2\/types\/product"}],"replies":[{"embeddable":true,"href":"https:\/\/www.wasserbassin.com\/site\/wp-json\/wp\/v2\/comments?post=3443"}],"wp:featuredmedia":[{"embeddable":true,"href":"https:\/\/www.wasserbassin.com\/site\/wp-json\/wp\/v2\/media\/3441"}],"wp:attachment":[{"href":"https:\/\/www.wasserbassin.com\/site\/wp-json\/wp\/v2\/media?parent=3443"}],"wp:term":[{"taxonomy":"product_brand","embeddable":true,"href":"https:\/\/www.wasserbassin.com\/site\/wp-json\/wp\/v2\/product_brand?post=3443"},{"taxonomy":"product_cat","embeddable":true,"href":"https:\/\/www.wasserbassin.com\/site\/wp-json\/wp\/v2\/product_cat?post=3443"},{"taxonomy":"product_tag","embeddable":true,"href":"https:\/\/www.wasserbassin.com\/site\/wp-json\/wp\/v2\/product_tag?post=3443"}],"curies":[{"name":"wp","href":"https:\/\/api.w.org\/{rel}","templated":true}]}}