{"id":3491,"date":"2016-03-22T15:59:57","date_gmt":"2016-03-22T15:59:57","guid":{"rendered":"http:\/\/wasserbassin.com\/site\/product\/andre-tavares-anatomia-do-livro-de-arquitectura-livrobook\/"},"modified":"2022-05-13T16:01:47","modified_gmt":"2022-05-13T15:01:47","slug":"andre-tavares-anatomia-do-livro-de-arquitectura-livrobook","status":"publish","type":"product","link":"https:\/\/www.wasserbassin.com\/site\/product\/andre-tavares-anatomia-do-livro-de-arquitectura-livrobook\/","title":{"rendered":"Andr\u00e9 Tavares &#8211; Anatomia Do Livro De Arquitectura &#8211; Livro\/Book"},"content":{"rendered":"<p>Examinar os cruzamentos entre as culturas do livro e da arquitectura exp\u00f5e eixos ao longo dos quais o conhecimento circula entre p\u00e1ginas e edif\u00edcios e, de novo, regressa aos livros. Seja na celebra\u00e7\u00e3o de constru\u00e7\u00f5es espec\u00edficas ou na produ\u00e7\u00e3o de livros singulares, as p\u00e1ginas e a impress\u00e3o s\u00e3o manipuladas para transmitir ideias arquitect\u00f3nicas.<\/p>\n<p>Ao dissecar uma quantidade substancial de livros atrav\u00e9s de cinco ferramentas conceptuais \u2013 textura, superf\u00edcie, ritmo, estrutura e escala \u2013 <strong>Andr\u00e9 Tavares<\/strong> analisa as qualidades materiais dos livros para avaliar a forma como se entrela\u00e7am com o conhecimento da arquitectura. A hist\u00f3ria detalhada de <em>Befreites Wohnen<\/em>, de Sigfried Giedion, e as duas encarna\u00e7\u00f5es do <em>Crystal Palace <\/em>em Hyde Park e Sydenham, oferecem um pano de fundo que nos confronta n\u00e3o apenas com o desenvolvimento do livro industrializado, mas tamb\u00e9m com a sua configura\u00e7\u00e3o enquanto poderoso instrumento de comunica\u00e7\u00e3o e conhecimento.<\/p>\n<p><strong>Dafne<\/strong><\/p>\n<p>&nbsp;<\/p>\n<p>&nbsp;<\/p>\n","protected":false},"excerpt":{"rendered":"<p><strong>Dafne<\/strong><\/p>\n<hr \/>\n<p>Ao dissecar uma quantidade substancial de livros atrav\u00e9s de cinco ferramentas conceptuais \u2013 textura, superf\u00edcie, ritmo, estrutura e escala \u2013 <strong>Andr\u00e9 Tavares<\/strong> analisa as qualidades materiais dos livros para avaliar a forma como se entrela\u00e7am com o conhecimento da arquitectura. A hist\u00f3ria detalhada de <em>Befreites Wohnen<\/em>, de Sigfried Giedion, e as duas encarna\u00e7\u00f5es do <em>Crystal Palace <\/em>em Hyde Park e Sydenham, oferecem um pano de fundo que nos confronta n\u00e3o apenas com o desenvolvimento do livro industrializado, mas tamb\u00e9m com a sua configura\u00e7\u00e3o enquanto poderoso instrumento de comunica\u00e7\u00e3o e conhecimento.<\/p>\n","protected":false},"featured_media":3492,"comment_status":"closed","ping_status":"closed","template":"","meta":[],"product_brand":[],"product_cat":[41],"product_tag":[983,980,1321],"class_list":{"0":"post-3491","1":"product","2":"type-product","3":"status-publish","4":"has-post-thumbnail","6":"product_cat-books","7":"product_tag-andre-tavares","8":"product_tag-dafne","9":"product_tag-uma-anatomia-do-livro-de-arquitectura","10":"product_shipping_class-bookks","11":"pa_artist-andre-tavares","12":"pa_genre-architecture","13":"pa_label-dafne","15":"first","16":"outofstock","17":"shipping-taxable","18":"purchasable","19":"product-type-simple"},"_links":{"self":[{"href":"https:\/\/www.wasserbassin.com\/site\/wp-json\/wp\/v2\/product\/3491","targetHints":{"allow":["GET"]}}],"collection":[{"href":"https:\/\/www.wasserbassin.com\/site\/wp-json\/wp\/v2\/product"}],"about":[{"href":"https:\/\/www.wasserbassin.com\/site\/wp-json\/wp\/v2\/types\/product"}],"replies":[{"embeddable":true,"href":"https:\/\/www.wasserbassin.com\/site\/wp-json\/wp\/v2\/comments?post=3491"}],"wp:featuredmedia":[{"embeddable":true,"href":"https:\/\/www.wasserbassin.com\/site\/wp-json\/wp\/v2\/media\/3492"}],"wp:attachment":[{"href":"https:\/\/www.wasserbassin.com\/site\/wp-json\/wp\/v2\/media?parent=3491"}],"wp:term":[{"taxonomy":"product_brand","embeddable":true,"href":"https:\/\/www.wasserbassin.com\/site\/wp-json\/wp\/v2\/product_brand?post=3491"},{"taxonomy":"product_cat","embeddable":true,"href":"https:\/\/www.wasserbassin.com\/site\/wp-json\/wp\/v2\/product_cat?post=3491"},{"taxonomy":"product_tag","embeddable":true,"href":"https:\/\/www.wasserbassin.com\/site\/wp-json\/wp\/v2\/product_tag?post=3491"}],"curies":[{"name":"wp","href":"https:\/\/api.w.org\/{rel}","templated":true}]}}