{"id":3528,"date":"2016-04-05T01:28:04","date_gmt":"2016-04-05T00:28:04","guid":{"rendered":"http:\/\/wasserbassin.com\/site\/product\/suso-saiz-odisea-2lp\/"},"modified":"2018-10-19T18:57:10","modified_gmt":"2018-10-19T17:57:10","slug":"suso-saiz-odisea-2lp","status":"publish","type":"product","link":"https:\/\/www.wasserbassin.com\/site\/product\/suso-saiz-odisea-2lp\/","title":{"rendered":"Suso S\u00e1iz &#8211; Odisea &#8211; 2LP"},"content":{"rendered":"<p><strong>Music From Memory<\/strong>\u2019s latest retrospective is a double album that showcases the solo work of Spanish electronic music pioneer<strong> Suso S\u00e1iz<\/strong>.<\/p>\n<p>Having been at the forefront of Spain\u2019s experimental music scene since the late 1970s, multi-instrumentalist Suso S\u00e1iz formed the pivotal group Orquesta de las Nubes and studio project M\u00fasica Espor\u00e1dica, releasing a string of albums on Madrid\u2019s now cult label Grabaciones Accidentales, which was also home to groups such as Finis Africae, Mec\u00e1nica Popular, and Ishinohana. A prolific producer, he has recorded with Spain\u2019s most singular popular musicians as well as with a number of luminary electronic and world music artists such as Steve Roach, Jorge Reyes, and Salif Keita.<\/p>\n<p><strong>&#8220;Odisea&#8221;<\/strong> draws material from Suso\u2019s early solo works, including music from the rare cassette-only \u2018Confidencias\u2019 as well as pieces from his more recent compositions, soundtrack works and previously unreleased tracks. An artist dedicated to experimentation, Suso\u2019s sparse compositions manifest a solitary and stripped back approach to making music. Fascinated by the possibilities of new technology he experimented with guitar loops, synthesizers, and drum computers creating a unique form of musical hypnotism absorbed by avant-garde \/ minimalist and non-Western musical influences.<\/p>\n<p>The most representative figure of Spain\u2019s now cult experimental scene, <strong>Suso S\u00e1iz<\/strong> remains an exploratory musician in a musical universe that knows no boundaries. \u2018Odisea\u2019 will be followed by a retrospective that will focus on Suso\u2019s collaborative work with Orquesta de las Nubes and M\u00fasica Espor\u00e1dica.<\/p>\n<p><strong>Music From Memory<\/strong><\/p>\n","protected":false},"excerpt":{"rendered":"<p><strong>Music From Memory<br \/>\n<\/strong><\/p>\n<hr \/>\n<p><strong>Music From Memory<\/strong>\u2019s latest retrospective is a double album that showcases the solo work of Spanish electronic music pioneer <strong>Suso S\u00e1iz<\/strong>.<\/p>\n<p><strong>&#8220;Odisea&#8221;<\/strong> draws material from Suso\u2019s early solo works, including music from the rare cassette-only \u2018Confidencias\u2019 as well as pieces from his more recent compositions, soundtrack works and previously unreleased tracks. An artist dedicated to experimentation, Suso\u2019s sparse compositions manifest a solitary and stripped back approach to making music. Fascinated by the possibilities of new technology he experimented with guitar loops, synthesizers, and drum computers creating a unique form of musical hypnotism absorbed by avant-garde \/ minimalist and non-Western musical influences.<\/p>\n<p>The most representative figure of Spain\u2019s now cult experimental scene, <strong>Suso S\u00e1iz<\/strong> remains an exploratory musician in a musical universe that knows no boundaries. \u2018Odisea\u2019 will be followed by a retrospective that will focus on Suso\u2019s collaborative work with Orquesta de las Nubes and M\u00fasica Espor\u00e1dica.<\/p>\n<p><a href=\"https:\/\/www.youtube.com\/watch?v=eHqujYU2qGM\" target=\"_blank\">\u25ba CLICK HERE TO LISTEN<\/a><\/p>\n<p>&nbsp;<\/p>\n<p class=\"p1\"><strong>\u00a0<\/strong><\/p>\n","protected":false},"featured_media":3529,"comment_status":"closed","ping_status":"closed","template":"","meta":[],"product_brand":[],"product_cat":[],"product_tag":[277,1345,1344],"class_list":{"0":"post-3528","1":"product","2":"type-product","3":"status-publish","4":"has-post-thumbnail","6":"product_tag-music-from-memory","7":"product_tag-odisea","8":"product_tag-suso-saiz","9":"product_shipping_class-lp","10":"pa_artist-suso-saiz","11":"pa_genre-ambient","12":"pa_genre-experimental","13":"pa_label-musicfrommemory","15":"first","16":"outofstock","17":"shipping-taxable","18":"purchasable","19":"product-type-simple"},"_links":{"self":[{"href":"https:\/\/www.wasserbassin.com\/site\/wp-json\/wp\/v2\/product\/3528","targetHints":{"allow":["GET"]}}],"collection":[{"href":"https:\/\/www.wasserbassin.com\/site\/wp-json\/wp\/v2\/product"}],"about":[{"href":"https:\/\/www.wasserbassin.com\/site\/wp-json\/wp\/v2\/types\/product"}],"replies":[{"embeddable":true,"href":"https:\/\/www.wasserbassin.com\/site\/wp-json\/wp\/v2\/comments?post=3528"}],"wp:featuredmedia":[{"embeddable":true,"href":"https:\/\/www.wasserbassin.com\/site\/wp-json\/wp\/v2\/media\/3529"}],"wp:attachment":[{"href":"https:\/\/www.wasserbassin.com\/site\/wp-json\/wp\/v2\/media?parent=3528"}],"wp:term":[{"taxonomy":"product_brand","embeddable":true,"href":"https:\/\/www.wasserbassin.com\/site\/wp-json\/wp\/v2\/product_brand?post=3528"},{"taxonomy":"product_cat","embeddable":true,"href":"https:\/\/www.wasserbassin.com\/site\/wp-json\/wp\/v2\/product_cat?post=3528"},{"taxonomy":"product_tag","embeddable":true,"href":"https:\/\/www.wasserbassin.com\/site\/wp-json\/wp\/v2\/product_tag?post=3528"}],"curies":[{"name":"wp","href":"https:\/\/api.w.org\/{rel}","templated":true}]}}