{"id":3581,"date":"2016-10-26T00:12:32","date_gmt":"2016-10-25T23:12:32","guid":{"rendered":"http:\/\/wasserbassin.com\/site\/product\/medeiroslucas-terra-do-corpo-cd\/"},"modified":"2023-01-03T14:57:11","modified_gmt":"2023-01-03T14:57:11","slug":"medeiroslucas-terra-do-corpo-cd","status":"publish","type":"product","link":"https:\/\/www.wasserbassin.com\/site\/product\/medeiroslucas-terra-do-corpo-cd\/","title":{"rendered":"Medeiros\/Lucas &#8211; Terra Do Corpo &#8211; CD"},"content":{"rendered":"<p>Lovers &amp; Lollypops 2016<br \/>\nRecorded by Eduardo Vinhas at Golden Pony studio, Lisbon 2016<br \/>\nMastered by Harris Newman at Grey Market Mastering<\/p>\n<p>Lyrics by Jo\u00e3o Pedro Porto<br \/>\nComposed and produced by Pedro Lucas<br \/>\nMusicians: Carlos Medeiros, Pedro Lucas, Augusto Macedo, Ian Carlo Mendoza, Ant\u00f3nio Costa, Carlos Barretto, Rui Carvalho, Selma Uamusse, T\u00f3 Trips, Antoine, Gilleron, Lu\u00eds Lucena<br \/>\nCover by Tiago Bom and artwork by S\u00e9rgio Couto<\/p>\n<p><strong>Lovers &amp; Lollypops<\/strong><\/p>\n","protected":false},"excerpt":{"rendered":"<p><strong>Lovers &amp; Lollypops<\/strong><\/p>\n<hr \/>\n<p>Lovers &amp; Lollypops 2016<br \/>\nRecorded by Eduardo Vinhas at Golden Pony studio, Lisbon 2016<br \/>\nMastered by Harris Newman at Grey Market Mastering<\/p>\n<p>Lyrics by Jo\u00e3o Pedro Porto<br \/>\nComposed and produced by Pedro Lucas<br \/>\nMusicians: Carlos Medeiros, Pedro Lucas, Augusto Macedo, Ian Carlo Mendoza, Ant\u00f3nio Costa, Carlos Barretto, Rui Carvalho, Selma Uamusse, T\u00f3 Trips, Antoine, Gilleron, Lu\u00eds Lucena<br \/>\nCover by Tiago Bom and artwork by S\u00e9rgio Couto<\/p>\n<p class=\"p1\"><a title=\"See the Video\" href=\"https:\/\/www.youtube.com\/watch?v=9W24Gl0NWQE\" target=\"_blank\" rel=\"noopener\">\u25ba CLICK HERE TO LISTEN<\/a><\/p>\n","protected":false},"featured_media":3582,"comment_status":"closed","ping_status":"closed","template":"","meta":[],"product_brand":[],"product_cat":[],"product_tag":[1208,1379,1378],"class_list":{"0":"post-3581","1":"product","2":"type-product","3":"status-publish","4":"has-post-thumbnail","6":"product_tag-lovers-lollypops","7":"product_tag-medeiros-lucas","8":"product_tag-terra-do-corpo","9":"product_shipping_class-cd","10":"pa_artist-medeiroslucas","11":"pa_genre-folk","12":"pa_genre-jazz","13":"pa_label-lovers-lollypops","15":"first","16":"instock","17":"shipping-taxable","18":"purchasable","19":"product-type-simple"},"_links":{"self":[{"href":"https:\/\/www.wasserbassin.com\/site\/wp-json\/wp\/v2\/product\/3581","targetHints":{"allow":["GET"]}}],"collection":[{"href":"https:\/\/www.wasserbassin.com\/site\/wp-json\/wp\/v2\/product"}],"about":[{"href":"https:\/\/www.wasserbassin.com\/site\/wp-json\/wp\/v2\/types\/product"}],"replies":[{"embeddable":true,"href":"https:\/\/www.wasserbassin.com\/site\/wp-json\/wp\/v2\/comments?post=3581"}],"wp:featuredmedia":[{"embeddable":true,"href":"https:\/\/www.wasserbassin.com\/site\/wp-json\/wp\/v2\/media\/3582"}],"wp:attachment":[{"href":"https:\/\/www.wasserbassin.com\/site\/wp-json\/wp\/v2\/media?parent=3581"}],"wp:term":[{"taxonomy":"product_brand","embeddable":true,"href":"https:\/\/www.wasserbassin.com\/site\/wp-json\/wp\/v2\/product_brand?post=3581"},{"taxonomy":"product_cat","embeddable":true,"href":"https:\/\/www.wasserbassin.com\/site\/wp-json\/wp\/v2\/product_cat?post=3581"},{"taxonomy":"product_tag","embeddable":true,"href":"https:\/\/www.wasserbassin.com\/site\/wp-json\/wp\/v2\/product_tag?post=3581"}],"curies":[{"name":"wp","href":"https:\/\/api.w.org\/{rel}","templated":true}]}}