{"id":3663,"date":"2016-05-18T00:21:12","date_gmt":"2016-05-17T23:21:12","guid":{"rendered":"http:\/\/wasserbassin.com\/site\/product\/dj-marfox-chapa-quente-12\/"},"modified":"2018-12-12T19:43:21","modified_gmt":"2018-12-12T19:43:21","slug":"dj-marfox-chapa-quente-12","status":"publish","type":"product","link":"https:\/\/www.wasserbassin.com\/site\/product\/dj-marfox-chapa-quente-12\/","title":{"rendered":"DJ Marfox &#8211; Chapa Quente &#8211; 12&#8243;"},"content":{"rendered":"<p><strong>Marfox<\/strong> and <strong>Pr\u00edncipe<\/strong> have come a long and transformative way since his (and ours) debut with the appropriately titled EP &#8220;Eu Sei Quem Sou&#8221; in late 2011. The raw and more minimal sound of the producer&#8217;s formative years has mutated into a complex web of influences and new sounds. His scope has enlarged and yet Marfox retains the most crucial quality: he does not forget his roots.<\/p>\n<p>You will notice differences in such tracks as &#8220;Unsound&#8221; (reflecting the festival in Poland where things really started to heat up), with its metallic harshness and even the bright, shiny, retro-futurist &#8220;Tarraxo Everyday&#8221;; also, &#8220;Kassumbula&#8221; and &#8220;Cobra Preta&#8221; both display a similar kind of sci-fi dissonace we can&#8217;t quite place our finger on.<\/p>\n<p><strong>Marfox<\/strong>&#8216;s musical evolution has been a staggering and beautiful process to behold.\u00a0More skills bring more thrills and the overall feel of <strong>&#8220;Chapa Quente&#8221;<\/strong>\u00a0is that of a perpetual chase scene on a New Lisbon constantly\u00a0reorganized by the pull of different cultures,\u00a0something that resonates with Marfox&#8217;s upbringing in the now demolished shantytown of Quinta da Vit\u00f3ria,\u00a0where\u00a0he came of age among neighbors who had emigrated from India, Pakistan, S\u00e3o Tom\u00e9 e Pr\u00edncipe or Cabo Verde, admittedly having informed his sound aesthetics and practice.<\/p>\n<p>One stop only to\u00a0catch some Sun (&#8220;Tarraxo Everyday&#8221;) but all the rest runs faster than\u00a0you and us.\u00a0Godspeed.<\/p>\n<p><strong>Pr\u00edncipe Discos<\/strong><\/p>\n","protected":false},"excerpt":{"rendered":"<p class=\"p1\"><strong>Pr\u00edncipe Discos<br \/>\n<\/strong><\/p>\n<hr \/>\n<p><strong>Marfox<\/strong>&#8216;s musical evolution has been a staggering and beautiful process to behold.\u00a0More skills bring more thrills and the overall feel of <strong>&#8220;Chapa Quente&#8221;<\/strong>\u00a0is that of a perpetual chase scene on a New Lisbon constantly\u00a0reorganized by the pull of different cultures,\u00a0something that resonates with Marfox&#8217;s upbringing in the now demolished shantytown of Quinta da Vit\u00f3ria,\u00a0where\u00a0he came of age among neighbors who had emigrated from India, Pakistan, S\u00e3o Tom\u00e9 e Pr\u00edncipe or Cabo Verde, admittedly having informed his sound aesthetics and practice.<\/p>\n<p>One stop only to\u00a0catch some Sun (&#8220;Tarraxo Everyday&#8221;) but all the rest runs faster than\u00a0you and us.\u00a0Godspeed.<\/p>\n<p><a href=\"https:\/\/www.youtube.com\/watch?v=oSMZ2_0z7-k\" target=\"_blank\">\u25ba CLICK HERE TO LISTEN<\/a><\/p>\n<p class=\"p1\"><strong>\u00a0<\/strong><\/p>\n","protected":false},"featured_media":3664,"comment_status":"closed","ping_status":"closed","template":"","meta":[],"product_brand":[],"product_cat":[],"product_tag":[996,995],"class_list":{"0":"post-3663","1":"product","2":"type-product","3":"status-publish","4":"has-post-thumbnail","6":"product_tag-dj-marfox","7":"product_tag-principe-discos","8":"product_shipping_class-lp","9":"pa_artist-dj-marfox","10":"pa_genre-beats","11":"pa_genre-electronics","12":"pa_genre-kuduro","13":"pa_label-principe-discos","15":"first","16":"outofstock","17":"shipping-taxable","18":"purchasable","19":"product-type-simple"},"_links":{"self":[{"href":"https:\/\/www.wasserbassin.com\/site\/wp-json\/wp\/v2\/product\/3663","targetHints":{"allow":["GET"]}}],"collection":[{"href":"https:\/\/www.wasserbassin.com\/site\/wp-json\/wp\/v2\/product"}],"about":[{"href":"https:\/\/www.wasserbassin.com\/site\/wp-json\/wp\/v2\/types\/product"}],"replies":[{"embeddable":true,"href":"https:\/\/www.wasserbassin.com\/site\/wp-json\/wp\/v2\/comments?post=3663"}],"wp:featuredmedia":[{"embeddable":true,"href":"https:\/\/www.wasserbassin.com\/site\/wp-json\/wp\/v2\/media\/3664"}],"wp:attachment":[{"href":"https:\/\/www.wasserbassin.com\/site\/wp-json\/wp\/v2\/media?parent=3663"}],"wp:term":[{"taxonomy":"product_brand","embeddable":true,"href":"https:\/\/www.wasserbassin.com\/site\/wp-json\/wp\/v2\/product_brand?post=3663"},{"taxonomy":"product_cat","embeddable":true,"href":"https:\/\/www.wasserbassin.com\/site\/wp-json\/wp\/v2\/product_cat?post=3663"},{"taxonomy":"product_tag","embeddable":true,"href":"https:\/\/www.wasserbassin.com\/site\/wp-json\/wp\/v2\/product_tag?post=3663"}],"curies":[{"name":"wp","href":"https:\/\/api.w.org\/{rel}","templated":true}]}}