{"id":3779,"date":"2016-06-27T16:31:51","date_gmt":"2016-06-27T15:31:51","guid":{"rendered":"http:\/\/wasserbassin.com\/site\/product\/luis-santiago-baptista-arquitetura-em-concurso-livrobook\/"},"modified":"2016-06-29T16:53:58","modified_gmt":"2016-06-29T15:53:58","slug":"luis-santiago-baptista-arquitetura-em-concurso-livrobook","status":"publish","type":"product","link":"https:\/\/www.wasserbassin.com\/site\/product\/luis-santiago-baptista-arquitetura-em-concurso-livrobook\/","title":{"rendered":"Lu\u00eds Santiago Baptista &#8211; Arquitetura em Concurso &#8211; Livro\/Book"},"content":{"rendered":"<p>Qual o papel dos concursos de arquitetura na transforma\u00e7\u00e3o da sociedade portuguesa no \u00faltimo s\u00e9culo? Organizado em sec\u00e7\u00f5es tem\u00e1ticas, este livro colige um manancial de informa\u00e7\u00e3o que resulta da exposi\u00e7\u00e3o <em>Arquitetura em Concurso: Percurso Cr\u00edtico pela Modernidade Portuguesa<\/em>. Atrav\u00e9s de uma sele\u00e7\u00e3o criteriosa, faz uma abordagem panor\u00e2mica do que foram as propostas dos arquitetos e as escolhas dos j\u00faris. Assim, a partir de textos de enquadramento e de ensaios originais, esta obra constr\u00f3i uma nova interpreta\u00e7\u00e3o hist\u00f3rica da profiss\u00e3o e apresenta uma reflex\u00e3o cr\u00edtica sobre a pr\u00e1tica disciplinar.<\/p>\n<p><strong>Dafne<\/strong><\/p>\n<p>&nbsp;<\/p>\n<p>&nbsp;<\/p>\n","protected":false},"excerpt":{"rendered":"<p><strong>Dafne<\/strong><\/p>\n<hr \/>\n<p>Qual o papel dos concursos de arquitetura na transforma\u00e7\u00e3o da sociedade portuguesa no \u00faltimo s\u00e9culo? Organizado em sec\u00e7\u00f5es tem\u00e1ticas, este livro colige um manancial de informa\u00e7\u00e3o que resulta da exposi\u00e7\u00e3o <em>Arquitetura em Concurso: Percurso Cr\u00edtico pela Modernidade Portuguesa<\/em>. Atrav\u00e9s de uma sele\u00e7\u00e3o criteriosa, faz uma abordagem panor\u00e2mica do que foram as propostas dos arquitetos e as escolhas dos j\u00faris. Assim, a partir de textos de enquadramento e de ensaios originais, esta obra constr\u00f3i uma nova interpreta\u00e7\u00e3o hist\u00f3rica da profiss\u00e3o e apresenta uma reflex\u00e3o cr\u00edtica sobre a pr\u00e1tica disciplinar.<\/p>\n","protected":false},"featured_media":3780,"comment_status":"closed","ping_status":"closed","template":"","meta":[],"product_brand":[],"product_cat":[41],"product_tag":[980,1495],"class_list":{"0":"post-3779","1":"product","2":"type-product","3":"status-publish","4":"has-post-thumbnail","6":"product_cat-books","7":"product_tag-dafne","8":"product_tag-luis-santiago-baptista","9":"product_shipping_class-bookks","10":"pa_artist-luis-santiago-baptista","11":"pa_genre-architecture","12":"pa_label-dafne","14":"first","15":"instock","16":"shipping-taxable","17":"purchasable","18":"product-type-simple"},"_links":{"self":[{"href":"https:\/\/www.wasserbassin.com\/site\/wp-json\/wp\/v2\/product\/3779","targetHints":{"allow":["GET"]}}],"collection":[{"href":"https:\/\/www.wasserbassin.com\/site\/wp-json\/wp\/v2\/product"}],"about":[{"href":"https:\/\/www.wasserbassin.com\/site\/wp-json\/wp\/v2\/types\/product"}],"replies":[{"embeddable":true,"href":"https:\/\/www.wasserbassin.com\/site\/wp-json\/wp\/v2\/comments?post=3779"}],"wp:featuredmedia":[{"embeddable":true,"href":"https:\/\/www.wasserbassin.com\/site\/wp-json\/wp\/v2\/media\/3780"}],"wp:attachment":[{"href":"https:\/\/www.wasserbassin.com\/site\/wp-json\/wp\/v2\/media?parent=3779"}],"wp:term":[{"taxonomy":"product_brand","embeddable":true,"href":"https:\/\/www.wasserbassin.com\/site\/wp-json\/wp\/v2\/product_brand?post=3779"},{"taxonomy":"product_cat","embeddable":true,"href":"https:\/\/www.wasserbassin.com\/site\/wp-json\/wp\/v2\/product_cat?post=3779"},{"taxonomy":"product_tag","embeddable":true,"href":"https:\/\/www.wasserbassin.com\/site\/wp-json\/wp\/v2\/product_tag?post=3779"}],"curies":[{"name":"wp","href":"https:\/\/api.w.org\/{rel}","templated":true}]}}