{"id":4039,"date":"2016-10-19T15:34:16","date_gmt":"2016-10-19T14:34:16","guid":{"rendered":"http:\/\/wasserbassin.com\/site\/product\/tropa-macaca-vida-lp\/"},"modified":"2018-07-10T16:18:16","modified_gmt":"2018-07-10T15:18:16","slug":"tropa-macaca-vida-lp","status":"publish","type":"product","link":"https:\/\/www.wasserbassin.com\/site\/product\/tropa-macaca-vida-lp\/","title":{"rendered":"Tropa Macaca &#8211; Vida &#8211; LP"},"content":{"rendered":"<p>There is certainly a devilish streak to <strong>The Trilogy Tapes<\/strong> this year, the label&#8217;s output redolent of its earlier years when Will Bankhead wilfully put out the oddest tapes amidst mixes from Ben UFO and Kassem Mosse.<\/p>\n<p>Following some quite superb records from Accident Du Travail and Carl Gari &amp; Abdullah Miniawy, TTT slip back into the international avant-garde for the <strong>&#8220;Vida&#8221;<\/strong> LP from Portuguese duo <strong>Tropa Macaca<\/strong>. Formed of Andr\u00e9 Abel and Joana da Concei\u00e7\u00e3o, <strong>Tropa Macaca<\/strong> are a long-running experimental act who fans of the <strong>Software<\/strong> label may remember for the <strong>&#8220;Ectoplasma&#8221;<\/strong> single a few years ago.<\/p>\n<p>Freeform electronic experimentation is the order of the day on <strong>&#8220;Vida&#8221;<\/strong>, as Abel and da Concei\u00e7\u00e3o burrow deep into the world of texture, tone, timbre and, occasionally, rhythm.<\/p>\n<p><strong>The Trilogy Tapes<\/strong><\/p>\n","protected":false},"excerpt":{"rendered":"<p><strong>The Trilogy Tapes<br \/>\n<\/strong><\/p>\n<hr \/>\n<p>Following some quite superb records from Accident Du Travail and Carl Gari &amp; Abdullah Miniawy, <strong>TTT<\/strong> slip back into the international avant-garde for the <strong>&#8220;Vida&#8221;<\/strong> LP from Portuguese duo <strong>Tropa Macaca<\/strong>. Formed of Andr\u00e9 Abel and Joana da Concei\u00e7\u00e3o, <strong>Tropa Macaca<\/strong> are a long-running experimental act who fans of the <strong>Software<\/strong> label may remember for the <strong>&#8220;Ectoplasma&#8221;<\/strong> single a few years ago.<\/p>\n<p>Freeform electronic experimentation is the order of the day on <strong>&#8220;Vida&#8221;<\/strong>, as Abel and da Concei\u00e7\u00e3o burrow deep into the world of texture, tone, timbre and, occasionally, rhythm.<\/p>\n<p><a href=\"https:\/\/soundcloud.com\/the-trilogy-tapes\/tropa-macaca-sol-a-nascer?in=the-trilogy-tapes\/sets\/tropa-macaca-vida\" target=\"_blank\">\u25ba CLICK HERE TO LISTEN<\/a><\/p>\n","protected":false},"featured_media":4040,"comment_status":"closed","ping_status":"closed","template":"","meta":[],"product_brand":[],"product_cat":[],"product_tag":[961],"class_list":{"0":"post-4039","1":"product","2":"type-product","3":"status-publish","4":"has-post-thumbnail","6":"product_tag-tropa-macaca","7":"product_shipping_class-lp","8":"pa_artist-tropamacaca","9":"pa_genre-experimental","10":"pa_genre-noise","11":"pa_genre-techno","12":"pa_label-trilogy-tapes","14":"first","15":"outofstock","16":"shipping-taxable","17":"purchasable","18":"product-type-simple"},"_links":{"self":[{"href":"https:\/\/www.wasserbassin.com\/site\/wp-json\/wp\/v2\/product\/4039","targetHints":{"allow":["GET"]}}],"collection":[{"href":"https:\/\/www.wasserbassin.com\/site\/wp-json\/wp\/v2\/product"}],"about":[{"href":"https:\/\/www.wasserbassin.com\/site\/wp-json\/wp\/v2\/types\/product"}],"replies":[{"embeddable":true,"href":"https:\/\/www.wasserbassin.com\/site\/wp-json\/wp\/v2\/comments?post=4039"}],"wp:featuredmedia":[{"embeddable":true,"href":"https:\/\/www.wasserbassin.com\/site\/wp-json\/wp\/v2\/media\/4040"}],"wp:attachment":[{"href":"https:\/\/www.wasserbassin.com\/site\/wp-json\/wp\/v2\/media?parent=4039"}],"wp:term":[{"taxonomy":"product_brand","embeddable":true,"href":"https:\/\/www.wasserbassin.com\/site\/wp-json\/wp\/v2\/product_brand?post=4039"},{"taxonomy":"product_cat","embeddable":true,"href":"https:\/\/www.wasserbassin.com\/site\/wp-json\/wp\/v2\/product_cat?post=4039"},{"taxonomy":"product_tag","embeddable":true,"href":"https:\/\/www.wasserbassin.com\/site\/wp-json\/wp\/v2\/product_tag?post=4039"}],"curies":[{"name":"wp","href":"https:\/\/api.w.org\/{rel}","templated":true}]}}