{"id":4077,"date":"2016-11-02T16:50:55","date_gmt":"2016-11-02T16:50:55","guid":{"rendered":"http:\/\/wasserbassin.com\/site\/product\/amon-duul-paradieswarts-duul-lp\/"},"modified":"2018-04-11T00:47:27","modified_gmt":"2018-04-10T23:47:27","slug":"amon-duul-paradieswarts-duul-lp","status":"publish","type":"product","link":"https:\/\/www.wasserbassin.com\/site\/product\/amon-duul-paradieswarts-duul-lp\/","title":{"rendered":"Amon D\u00fc\u00fcl &#8211; Paradiesw\u00e4rts D\u00fc\u00fcl &#8211; LP"},"content":{"rendered":"<p>Recorded in 1971, <strong>&#8220;Paradieswarts D\u00fc\u00fcl&#8221;<\/strong> is <strong>Amon D\u00fc\u00fcl<\/strong>\u2019s only album for Ohr was a visonary slice of acid-folk which has gained cult status as years passed by.\u00a0 Ritualistic folk-rock, pastoral hippie songs, stoned jams, eastern flavours, mystical passages and heavy hypnotic riffing which are in fact very different from the early Amon D\u00fc\u00fcl epic freaked-out improvisations (Psychedelic Underground) or Amon D\u00fc\u00fcl II complex and psyched-up progressive works (Phallus Dei).<\/p>\n<p>These were in fact archival recordings done by a different incarnation of <strong>Amon D\u00fc\u00fcl<\/strong>, one that combined members of both factions into a floating line up welcoming many a guest, and which were released by R.U. Kaiser without the musicians knowledge or authorisation, most likely in order to catch up with Amon D\u00fc\u00fcl II rising popularity.<\/p>\n<p>All in all, a mythical recording featuring such underground classics as \u201cLove Is Peace\u201d; \u201cSnow Your Thurst Sun Open Your Mouth\u201d and \u201cParamechanische Welt\u201d. Included also is their sought after Ohr single:\u00a0 \u201cParamechanical World\u201d \/ \u201cEternal Flow\u201d. Another legendary title from the Ohr catalogue rescued by <strong>Wah Wah<\/strong> for your listening pleasure&#8230;<\/p>\n<p><strong>Wah Wah Records<\/strong><\/p>\n<p>&nbsp;<\/p>\n<p>&nbsp;<\/p>\n<p>&nbsp;<\/p>\n<p>&nbsp;<\/p>\n<p>&nbsp;<\/p>\n","protected":false},"excerpt":{"rendered":"<p><strong>Wah Wah Records<br \/>\n<\/strong><\/p>\n<hr \/>\n<p>Recorded in 1971, <strong>&#8220;Paradieswarts D\u00fc\u00fcl&#8221;<\/strong> is <strong>Amon D\u00fc\u00fcl<\/strong>\u2019s only album for Ohr was a visonary slice of acid-folk which has gained cult status as years passed by.\u00a0 Ritualistic folk-rock, pastoral hippie songs, stoned jams, eastern flavours, mystical passages and heavy hypnotic riffing which are in fact very different from the early Amon D\u00fc\u00fcl epic freaked-out improvisations (Psychedelic Underground) or Amon D\u00fc\u00fcl II complex and psyched-up progressive works (Phallus Dei).<\/p>\n<p>These were in fact archival recordings done by a different incarnation of <strong>Amon <\/strong><strong>D\u00fc\u00fcl<\/strong>, one that combined members of both factions into a floating line up welcoming many a guest, and which were released by R.U. Kaiser without the musicians knowledge or authorisation, most likely in order to catch up with Amon D\u00fc\u00fcl II rising popularity.<\/p>\n<p><a href=\"https:\/\/youtu.be\/Z8LqyfhzHf4\" target=\"_blank\">\u25ba CLICK HERE TO LISTEN<\/a><\/p>\n","protected":false},"featured_media":4078,"comment_status":"closed","ping_status":"closed","template":"","meta":[],"product_brand":[],"product_cat":[],"product_tag":[1647,1223],"class_list":{"0":"post-4077","1":"product","2":"type-product","3":"status-publish","4":"has-post-thumbnail","6":"product_tag-amon-duul","7":"product_tag-wah-wah-records","8":"product_shipping_class-lp","9":"pa_artist-amon-duul","10":"pa_genre-kraut_rock","11":"pa_label-wah-wah-records","13":"first","14":"outofstock","15":"shipping-taxable","16":"purchasable","17":"product-type-simple"},"_links":{"self":[{"href":"https:\/\/www.wasserbassin.com\/site\/wp-json\/wp\/v2\/product\/4077","targetHints":{"allow":["GET"]}}],"collection":[{"href":"https:\/\/www.wasserbassin.com\/site\/wp-json\/wp\/v2\/product"}],"about":[{"href":"https:\/\/www.wasserbassin.com\/site\/wp-json\/wp\/v2\/types\/product"}],"replies":[{"embeddable":true,"href":"https:\/\/www.wasserbassin.com\/site\/wp-json\/wp\/v2\/comments?post=4077"}],"wp:featuredmedia":[{"embeddable":true,"href":"https:\/\/www.wasserbassin.com\/site\/wp-json\/wp\/v2\/media\/4078"}],"wp:attachment":[{"href":"https:\/\/www.wasserbassin.com\/site\/wp-json\/wp\/v2\/media?parent=4077"}],"wp:term":[{"taxonomy":"product_brand","embeddable":true,"href":"https:\/\/www.wasserbassin.com\/site\/wp-json\/wp\/v2\/product_brand?post=4077"},{"taxonomy":"product_cat","embeddable":true,"href":"https:\/\/www.wasserbassin.com\/site\/wp-json\/wp\/v2\/product_cat?post=4077"},{"taxonomy":"product_tag","embeddable":true,"href":"https:\/\/www.wasserbassin.com\/site\/wp-json\/wp\/v2\/product_tag?post=4077"}],"curies":[{"name":"wp","href":"https:\/\/api.w.org\/{rel}","templated":true}]}}