{"id":4095,"date":"2016-11-09T14:34:31","date_gmt":"2016-11-09T14:34:31","guid":{"rendered":"http:\/\/wasserbassin.com\/site\/product\/brigitte-fontaine-comme-a-la-radio-lp\/"},"modified":"2018-04-11T00:46:53","modified_gmt":"2018-04-10T23:46:53","slug":"brigitte-fontaine-comme-a-la-radio-lp","status":"publish","type":"product","link":"https:\/\/www.wasserbassin.com\/site\/product\/brigitte-fontaine-comme-a-la-radio-lp\/","title":{"rendered":"Brigitte Fontaine &#8211; Comme \u00c0 La Radio &#8211; LP"},"content":{"rendered":"<p>Featuring <strong>Areski Belkacem<\/strong> and The Art Ensemble of Chicago, <strong>&#8220;Comme \u00c0 La Radio&#8221;<\/strong> is the sophomore album in <strong>Brigitte Fontaine<\/strong>&#8216;s prolific career. While her debut, &#8220;Brigitte Fontaine Est&#8230; Folle&#8221;, is a unique take on French chanson, here The Art Ensemble provides the perfect setting for <strong>Brigitte Fontaine<\/strong>&#8216;s exploration of free-verse poetry. Often arrhythmic and spoken, her vocals command the same spontaneity and grace that her collaborators applied to their instruments.<\/p>\n<p>The album&#8217;s eight-minute title track sets the tone: a sparse bass line keeps time as <strong>Fontaine<\/strong> dances around stabs of flute and trumpet. On &#8220;Tanka II,&#8221; named for a form of concise Japanese poetry, Areski (who provides percussion throughout) plays hand-drums atop flurries of bass as\u00a0<strong>Fontaine<\/strong> coos and whispers pensively, gradually uttering controversial phrases. &#8220;L&#8217;\u00c9t\u00e9 L&#8217;\u00c9t\u00e9&#8221; centers around a repeated motif with individual lines of high-pitched melody on a bed of muted horns. Each track is its own world, with <strong>Fontaine<\/strong>&#8216;s incredible range, both in style and substance, acting as the glue between the immense talent involved. The overall effect is chilling, and it is no surprise that <strong>&#8220;Comme \u00c0 La Radio&#8221;<\/strong> is often cited as <strong>Fontaine<\/strong>&#8216;s best known work.<\/p>\n<p><strong>Superior Viaduct<\/strong><\/p>\n","protected":false},"excerpt":{"rendered":"<p><strong>Superior Viaduct<\/strong><\/p>\n<hr \/>\n<p>Featuring <strong>Areski Belkacem<\/strong> and The Art Ensemble of Chicago, <strong>&#8220;Comme \u00c0 La Radio&#8221;<\/strong> is the sophomore album in <strong>Brigitte Fontaine<\/strong>&#8216;s prolific career. While her debut, &#8220;Brigitte Fontaine Est&#8230; Folle&#8221;, is a unique take on French chanson, here The Art Ensemble provides the perfect setting for <strong>Brigitte Fontaine<\/strong>&#8216;s exploration of free-verse poetry. Often arrhythmic and spoken, her vocals command the same spontaneity and grace that her collaborators applied to their instruments.<\/p>\n<p>The album&#8217;s eight-minute title track sets the tone: a sparse bass line keeps time as <strong>Fontaine<\/strong> dances around stabs of flute and trumpet. On &#8220;Tanka II,&#8221; named for a form of concise Japanese poetry, Areski (who provides percussion throughout) plays hand-drums atop flurries of bass as\u00a0<strong>Fontaine<\/strong> coos and whispers pensively, gradually uttering controversial phrases. &#8220;L&#8217;\u00c9t\u00e9 L&#8217;\u00c9t\u00e9&#8221; centers around a repeated motif with individual lines of high-pitched melody on a bed of muted horns. Each track is its own world, with <strong>Fontaine<\/strong>&#8216;s incredible range, both in style and substance, acting as the glue between the immense talent involved. The overall effect is chilling, and it is no surprise that <strong>&#8220;Comme \u00c0 La Radio&#8221;<\/strong> is often cited as <strong>Fontaine<\/strong>&#8216;s best known work.<\/p>\n<p><a href=\"https:\/\/www.youtube.com\/watch?v=48bcOBp13Ks\" target=\"_blank\">\u25ba CLICK HERE TO LISTEN<\/a><\/p>\n","protected":false},"featured_media":4096,"comment_status":"closed","ping_status":"closed","template":"","meta":[],"product_brand":[],"product_cat":[],"product_tag":[1653,1288],"class_list":{"0":"post-4095","1":"product","2":"type-product","3":"status-publish","4":"has-post-thumbnail","6":"product_tag-brigitte-fontaine","7":"product_tag-superior-viaduct","8":"product_shipping_class-lp","9":"pa_artist-brigitte-fontaine","10":"pa_genre-jazz","11":"pa_genre-pop","12":"pa_label-superior-viaduct","14":"first","15":"outofstock","16":"shipping-taxable","17":"purchasable","18":"product-type-simple"},"_links":{"self":[{"href":"https:\/\/www.wasserbassin.com\/site\/wp-json\/wp\/v2\/product\/4095","targetHints":{"allow":["GET"]}}],"collection":[{"href":"https:\/\/www.wasserbassin.com\/site\/wp-json\/wp\/v2\/product"}],"about":[{"href":"https:\/\/www.wasserbassin.com\/site\/wp-json\/wp\/v2\/types\/product"}],"replies":[{"embeddable":true,"href":"https:\/\/www.wasserbassin.com\/site\/wp-json\/wp\/v2\/comments?post=4095"}],"wp:featuredmedia":[{"embeddable":true,"href":"https:\/\/www.wasserbassin.com\/site\/wp-json\/wp\/v2\/media\/4096"}],"wp:attachment":[{"href":"https:\/\/www.wasserbassin.com\/site\/wp-json\/wp\/v2\/media?parent=4095"}],"wp:term":[{"taxonomy":"product_brand","embeddable":true,"href":"https:\/\/www.wasserbassin.com\/site\/wp-json\/wp\/v2\/product_brand?post=4095"},{"taxonomy":"product_cat","embeddable":true,"href":"https:\/\/www.wasserbassin.com\/site\/wp-json\/wp\/v2\/product_cat?post=4095"},{"taxonomy":"product_tag","embeddable":true,"href":"https:\/\/www.wasserbassin.com\/site\/wp-json\/wp\/v2\/product_tag?post=4095"}],"curies":[{"name":"wp","href":"https:\/\/api.w.org\/{rel}","templated":true}]}}