{"id":4196,"date":"2016-12-21T22:57:11","date_gmt":"2016-12-21T22:57:11","guid":{"rendered":"http:\/\/wasserbassin.com\/site\/product\/domingos-tavares-correia-da-silva-arquiteto-muncipal-livrobook\/"},"modified":"2016-12-21T23:10:27","modified_gmt":"2016-12-21T23:10:27","slug":"domingos-tavares-correia-da-silva-arquiteto-muncipal-livrobook","status":"publish","type":"product","link":"https:\/\/www.wasserbassin.com\/site\/product\/domingos-tavares-correia-da-silva-arquiteto-muncipal-livrobook\/","title":{"rendered":"Domingos Tavares &#8211; Correia da Silva: Arquiteto Muncipal &#8211; Livro\/Book"},"content":{"rendered":"<p>H\u00e1 obras que s\u00e3o indissoci\u00e1veis da cidade do Porto e da sua identidade, o Mercado do Bolh\u00e3o e os Pa\u00e7os do Concelho s\u00e3o duas delas. Ao contr\u00e1rio dessas obras que concebeu, <strong>Correia da Silva<\/strong> \u00e9 um arquitecto ignorado ou marginalizado pela cr\u00edtica e pela hist\u00f3ria, relegado para as teias da cultura parisiense das <em>Beaux-Arts<\/em> que sempre foi avessa \u00e0s vanguardas modernas. Este livro, da autoria de <strong>Domingos Tavares<\/strong>, vem colmatar essa lacuna.<\/p>\n<p>S\u00e3o 240 p\u00e1ginas, profusamente ilustradas com fotografias e desenhos, que percorrem aspectos da vida e da obra deste arquitecto portuense, que tamb\u00e9m foi autor de obras como o Matadouro Municipal de S\u00e3o Roque da Lameira, a garagem dos Bombeiros Municipais da Foz do Douro, a Escola Infantil do Passeio Alegre e a Igreja do parque de La Salette, em Oliveira de Azem\u00e9is. S\u00e3o obras que t\u00eam sido esquecidas enquanto marca de uma \u00e9poca, express\u00e3o coerente de internacionaliza\u00e7\u00e3o da nossa cultura.<\/p>\n<p><strong>Dafne<\/strong><\/p>\n<p>&nbsp;<\/p>\n<p>&nbsp;<\/p>\n","protected":false},"excerpt":{"rendered":"<p><strong>Dafne<\/strong><\/p>\n<hr \/>\n<p>H\u00e1 obras que s\u00e3o indissoci\u00e1veis da cidade do Porto e da sua identidade, o Mercado do Bolh\u00e3o e os Pa\u00e7os do Concelho s\u00e3o duas delas. Ao contr\u00e1rio dessas obras que concebeu, <strong>Correia da Silva<\/strong> \u00e9 um arquitecto ignorado ou marginalizado pela cr\u00edtica e pela hist\u00f3ria, relegado para as teias da cultura parisiense das <em>Beaux-Arts<\/em> que sempre foi avessa \u00e0s vanguardas modernas. Este livro, da autoria de <strong>Domingos Tavares<\/strong>, vem colmatar essa lacuna.<\/p>\n<p>S\u00e3o 240 p\u00e1ginas, profusamente ilustradas com fotografias e desenhos, que percorrem aspectos da vida e da obra deste arquitecto portuense, que tamb\u00e9m foi autor de obras como o Matadouro Municipal de S\u00e3o Roque da Lameira, a garagem dos Bombeiros Municipais da Foz do Douro, a Escola Infantil do Passeio Alegre e a Igreja do parque de La Salette, em Oliveira de Azem\u00e9is. S\u00e3o obras que t\u00eam sido esquecidas enquanto marca de uma \u00e9poca, express\u00e3o coerente de internacionaliza\u00e7\u00e3o da nossa cultura.<\/p>\n","protected":false},"featured_media":4198,"comment_status":"closed","ping_status":"closed","template":"","meta":[],"product_brand":[],"product_cat":[41],"product_tag":[1733,980,1211],"class_list":{"0":"post-4196","1":"product","2":"type-product","3":"status-publish","4":"has-post-thumbnail","6":"product_cat-books","7":"product_tag-correia-da-silva","8":"product_tag-dafne","9":"product_tag-domingos-tavares","10":"product_shipping_class-bookks","11":"pa_artist-correia-da-silva","12":"pa_artist-domingos-tavares","13":"pa_genre-architecture","14":"pa_label-dafne","16":"first","17":"instock","18":"shipping-taxable","19":"purchasable","20":"product-type-simple"},"_links":{"self":[{"href":"https:\/\/www.wasserbassin.com\/site\/wp-json\/wp\/v2\/product\/4196","targetHints":{"allow":["GET"]}}],"collection":[{"href":"https:\/\/www.wasserbassin.com\/site\/wp-json\/wp\/v2\/product"}],"about":[{"href":"https:\/\/www.wasserbassin.com\/site\/wp-json\/wp\/v2\/types\/product"}],"replies":[{"embeddable":true,"href":"https:\/\/www.wasserbassin.com\/site\/wp-json\/wp\/v2\/comments?post=4196"}],"wp:featuredmedia":[{"embeddable":true,"href":"https:\/\/www.wasserbassin.com\/site\/wp-json\/wp\/v2\/media\/4198"}],"wp:attachment":[{"href":"https:\/\/www.wasserbassin.com\/site\/wp-json\/wp\/v2\/media?parent=4196"}],"wp:term":[{"taxonomy":"product_brand","embeddable":true,"href":"https:\/\/www.wasserbassin.com\/site\/wp-json\/wp\/v2\/product_brand?post=4196"},{"taxonomy":"product_cat","embeddable":true,"href":"https:\/\/www.wasserbassin.com\/site\/wp-json\/wp\/v2\/product_cat?post=4196"},{"taxonomy":"product_tag","embeddable":true,"href":"https:\/\/www.wasserbassin.com\/site\/wp-json\/wp\/v2\/product_tag?post=4196"}],"curies":[{"name":"wp","href":"https:\/\/api.w.org\/{rel}","templated":true}]}}