{"id":4199,"date":"2016-12-21T23:03:57","date_gmt":"2016-12-21T23:03:57","guid":{"rendered":"http:\/\/wasserbassin.com\/site\/product\/leonardo-finotti-uma-colecao-de-arquitectura-moderna-na-america-latina-livrobook\/"},"modified":"2016-12-21T23:14:59","modified_gmt":"2016-12-21T23:14:59","slug":"leonardo-finotti-uma-colecao-de-arquitectura-moderna-na-america-latina-livrobook","status":"publish","type":"product","link":"https:\/\/www.wasserbassin.com\/site\/product\/leonardo-finotti-uma-colecao-de-arquitectura-moderna-na-america-latina-livrobook\/","title":{"rendered":"Leonardo Finotti &#8211; Uma Cole\u00e7\u00e3o de Arquitectura Moderna na Am\u00e9rica Latina &#8211; Livro\/Book"},"content":{"rendered":"<div class=\"resumo\">\n<p>Este livro de fotografia \u00e9 o primeiro de uma s\u00e9rie produzida por um dos mais conceituados fot\u00f3grafos de arquitectura da contemporaneidade, <strong>Leonardo Finotti<\/strong>. Apresenta cerca de cem fotografias de obras conhecidas e desconhecidas de arquitectura moderna na Am\u00e9rica Latina, produzidas por <strong>Finotti<\/strong> nos \u00faltimos oito anos e d\u00e1 corpo a uma importante panor\u00e2mica sobre a arquitectura da regi\u00e3o.<\/p>\n<p>Pelo modo como as fotografias s\u00e3o concebidas e apresentadas pretende colocar a arquitectura sob uma avalia\u00e7\u00e3o objectiva. Esta ambi\u00e7\u00e3o de desenvolver uma vis\u00e3o sem-preconceitos permite ao observador do livro e das fotografias ter um olhar directo sobre as qualidades e variedade da arquitectura Latino-Americana, desde est\u00e1dios a edif\u00edcios p\u00fablicos e habita\u00e7\u00f5es privadas.<\/p>\n<p>As fotografias publicadas em &#8220;<strong>Uma Cole\u00e7\u00e3o de Arquitectura Moderna na Am\u00e9rica Latina&#8221;<\/strong> foram realizadas em Montevideo, Valpara\u00edso, Asunci\u00f3n, S\u00e3o Paulo, Belo Horizonte, Lima, Bogot\u00e1, Ciudad de M\u00e9xico e La Habana.<\/p>\n<p>Da vers\u00e3o portuguesa do livro, co-editada pela <strong>Dafne Editora<\/strong> e <strong>Obra Editora<\/strong> em parceria com a editora <strong>Lars M\u00fcller Publishers<\/strong>, foram realizados 400 exemplares para distribui\u00e7\u00e3o em Portugal e no Brasil.<\/p>\n<\/div>\n<p><strong>Dafne<\/strong><\/p>\n<p>&nbsp;<\/p>\n<p>&nbsp;<\/p>\n","protected":false},"excerpt":{"rendered":"<p><strong>Dafne<\/strong><\/p>\n<hr \/>\n<div class=\"resumo\">\n<p>Este livro de fotografia \u00e9 o primeiro de uma s\u00e9rie produzida por um dos mais conceituados fot\u00f3grafos de arquitectura da contemporaneidade, <strong>Leonardo Finotti<\/strong>. Apresenta cerca de cem fotografias de obras conhecidas e desconhecidas de arquitectura moderna na Am\u00e9rica Latina, produzidas por <strong>Finotti<\/strong> nos \u00faltimos oito anos e d\u00e1 corpo a uma importante panor\u00e2mica sobre a arquitectura da regi\u00e3o.<\/p>\n<p>Pelo modo como as fotografias s\u00e3o concebidas e apresentadas pretende colocar a arquitectura sob uma avalia\u00e7\u00e3o objectiva. Esta ambi\u00e7\u00e3o de desenvolver uma vis\u00e3o sem-preconceitos permite ao observador do livro e das fotografias ter um olhar directo sobre as qualidades e variedade da arquitectura Latino-Americana, desde est\u00e1dios a edif\u00edcios p\u00fablicos e habita\u00e7\u00f5es privadas.<\/p>\n<p>As fotografias publicadas em &#8220;<strong>Uma Cole\u00e7\u00e3o de Arquitectura Moderna na Am\u00e9rica Latina&#8221;<\/strong> foram realizadas em Montevideo, Valpara\u00edso, Asunci\u00f3n, S\u00e3o Paulo, Belo Horizonte, Lima, Bogot\u00e1, Ciudad de M\u00e9xico e La Habana.<\/p>\n<p>Da vers\u00e3o portuguesa do livro, co-editada pela <strong>Dafne Editora<\/strong> e <strong>Obra Editora<\/strong> em parceria com a editora <strong>Lars M\u00fcller Publishers<\/strong>, foram realizados 400 exemplares para distribui\u00e7\u00e3o em Portugal e no Brasil.<\/p>\n<\/div>\n<p>&nbsp;<\/p>\n","protected":false},"featured_media":4202,"comment_status":"closed","ping_status":"closed","template":"","meta":[],"product_brand":[],"product_cat":[41],"product_tag":[980,1732],"class_list":{"0":"post-4199","1":"product","2":"type-product","3":"status-publish","4":"has-post-thumbnail","6":"product_cat-books","7":"product_tag-dafne","8":"product_tag-leonardo-finotti","9":"product_shipping_class-bookks","10":"pa_artist-leonardo-finotti","11":"pa_genre-architecture","12":"pa_label-dafne","14":"first","15":"instock","16":"shipping-taxable","17":"purchasable","18":"product-type-simple"},"_links":{"self":[{"href":"https:\/\/www.wasserbassin.com\/site\/wp-json\/wp\/v2\/product\/4199","targetHints":{"allow":["GET"]}}],"collection":[{"href":"https:\/\/www.wasserbassin.com\/site\/wp-json\/wp\/v2\/product"}],"about":[{"href":"https:\/\/www.wasserbassin.com\/site\/wp-json\/wp\/v2\/types\/product"}],"replies":[{"embeddable":true,"href":"https:\/\/www.wasserbassin.com\/site\/wp-json\/wp\/v2\/comments?post=4199"}],"wp:featuredmedia":[{"embeddable":true,"href":"https:\/\/www.wasserbassin.com\/site\/wp-json\/wp\/v2\/media\/4202"}],"wp:attachment":[{"href":"https:\/\/www.wasserbassin.com\/site\/wp-json\/wp\/v2\/media?parent=4199"}],"wp:term":[{"taxonomy":"product_brand","embeddable":true,"href":"https:\/\/www.wasserbassin.com\/site\/wp-json\/wp\/v2\/product_brand?post=4199"},{"taxonomy":"product_cat","embeddable":true,"href":"https:\/\/www.wasserbassin.com\/site\/wp-json\/wp\/v2\/product_cat?post=4199"},{"taxonomy":"product_tag","embeddable":true,"href":"https:\/\/www.wasserbassin.com\/site\/wp-json\/wp\/v2\/product_tag?post=4199"}],"curies":[{"name":"wp","href":"https:\/\/api.w.org\/{rel}","templated":true}]}}