{"id":4416,"date":"2017-03-23T16:00:15","date_gmt":"2017-03-23T16:00:15","guid":{"rendered":"http:\/\/wasserbassin.com\/site\/product\/luis-espinheira-andre-sousa-panorama-geschlossen-ei-ou-03-art-book\/"},"modified":"2017-03-22T14:51:35","modified_gmt":"2017-03-22T14:51:35","slug":"luis-espinheira-andre-sousa-panorama-geschlossen-ei-ou-03-art-book","status":"publish","type":"product","link":"https:\/\/www.wasserbassin.com\/site\/product\/luis-espinheira-andre-sousa-panorama-geschlossen-ei-ou-03-art-book\/","title":{"rendered":"Lu\u00eds Espinheira \/ Andr\u00e9 Sousa &#8211; Panorama Geschlossen &#8211; Ei.Ou #03 &#8211; Art Book"},"content":{"rendered":"<p><strong>PT &#8211;<\/strong><\/p>\n<p>Um comboio para o Norte,<br \/>\nUm avi\u00e3o para o Sul<\/p>\n<p>Resultante de um di\u00e1logo, o terceiro n\u00famero das Edi\u00e7\u00f5es Ei-Ou.#03, &#8220;Panorama\/Geschlossen&#8221; \u00e9 um convite \u00e0 viagem num discurso de imagens da ponta da bota \u00e0 ba\u00eda do b\u00e1ltico.<\/p>\n<p><strong>ENG &#8211;<\/strong><\/p>\n<p><strong>Lu\u00eds Espinheira<\/strong> and <strong>Andr\u00e9 Sousa <\/strong>have both contributed with very fine cover art for Wasser Bassin (please check WB 02 and WB 04). Because the artistic life never stops, the duo continues to produce an endless stream of interesting works of art, which <strong>EI.OU<\/strong> is only a small part.<\/p>\n<p>In my personal opinion, you shouldn&#8217;t be allowed to miss this wonderful piece!<\/p>\n<p><strong>Ei\/Ou<\/strong><\/p>\n<div><\/div>\n<div><\/div>\n<div><\/div>\n<div><\/div>\n<p>&nbsp;<\/p>\n","protected":false},"excerpt":{"rendered":"<p><strong>Ei.Ou<\/strong><\/p>\n<hr \/>\n<p><strong>PT &#8211;<\/strong><\/p>\n<p>Um comboio para o Norte,<br \/>\nUm avi\u00e3o para o Sul<\/p>\n<p>Resultante de um di\u00e1logo, o terceiro n\u00famero das Edi\u00e7\u00f5es Ei-Ou.#03, &#8220;Panorama\/Geschlossen&#8221; \u00e9 um convite \u00e0 viagem num discurso de imagens da ponta da bota \u00e0 ba\u00eda do b\u00e1ltico.<\/p>\n<p><strong>ENG &#8211;<\/strong><\/p>\n<p><strong>Lu\u00eds Espinheira<\/strong> and <strong>Andr\u00e9 Sousa <\/strong>have both of them contributed with very fine cover art for Wasser Bassin (please check WB 02 and WB 04). Because the artistic life never stops, the duo continues to produce an endless stream of interesting works of art, which <strong>EI.OU<\/strong> is only a small part.<\/p>\n<p>In my personal opinion, you shouldn&#8217;t be allowed to miss this wonderful piece!<\/p>\n<p>&nbsp;<\/p>\n<p>&nbsp;<\/p>\n<p>&nbsp;<\/p>\n<p>&nbsp;<\/p>\n<p>&nbsp;<\/p>\n","protected":false},"featured_media":4417,"comment_status":"closed","ping_status":"closed","template":"","meta":[],"product_brand":[],"product_cat":[41],"product_tag":[1102,1100,1101],"class_list":{"0":"post-4416","1":"product","2":"type-product","3":"status-publish","4":"has-post-thumbnail","6":"product_cat-books","7":"product_tag-andre-sousa","8":"product_tag-ei-ou","9":"product_tag-luis-espinheira","10":"product_shipping_class-bookks","11":"pa_artist-andre-sousa","12":"pa_artist-luis-espinheira","13":"pa_genre-art","14":"pa_label-ei-ou","16":"first","17":"instock","18":"shipping-taxable","19":"purchasable","20":"product-type-simple"},"_links":{"self":[{"href":"https:\/\/www.wasserbassin.com\/site\/wp-json\/wp\/v2\/product\/4416","targetHints":{"allow":["GET"]}}],"collection":[{"href":"https:\/\/www.wasserbassin.com\/site\/wp-json\/wp\/v2\/product"}],"about":[{"href":"https:\/\/www.wasserbassin.com\/site\/wp-json\/wp\/v2\/types\/product"}],"replies":[{"embeddable":true,"href":"https:\/\/www.wasserbassin.com\/site\/wp-json\/wp\/v2\/comments?post=4416"}],"wp:featuredmedia":[{"embeddable":true,"href":"https:\/\/www.wasserbassin.com\/site\/wp-json\/wp\/v2\/media\/4417"}],"wp:attachment":[{"href":"https:\/\/www.wasserbassin.com\/site\/wp-json\/wp\/v2\/media?parent=4416"}],"wp:term":[{"taxonomy":"product_brand","embeddable":true,"href":"https:\/\/www.wasserbassin.com\/site\/wp-json\/wp\/v2\/product_brand?post=4416"},{"taxonomy":"product_cat","embeddable":true,"href":"https:\/\/www.wasserbassin.com\/site\/wp-json\/wp\/v2\/product_cat?post=4416"},{"taxonomy":"product_tag","embeddable":true,"href":"https:\/\/www.wasserbassin.com\/site\/wp-json\/wp\/v2\/product_tag?post=4416"}],"curies":[{"name":"wp","href":"https:\/\/api.w.org\/{rel}","templated":true}]}}