{"id":4680,"date":"2017-06-22T15:00:53","date_gmt":"2017-06-22T14:00:53","guid":{"rendered":"http:\/\/wasserbassin.com\/site\/?post_type=product&#038;p=4680"},"modified":"2021-06-27T18:53:58","modified_gmt":"2021-06-27T17:53:58","slug":"papaya-doisii-7","status":"publish","type":"product","link":"https:\/\/www.wasserbassin.com\/site\/product\/papaya-doisii-7\/","title":{"rendered":"Papaya &#8211; Dois\/II &#8211; 7&#8243;"},"content":{"rendered":"<p><b>Papaya<\/b> is Br\u00e1ulio Amado (of Adorno) on vocals, \u00d3scar Silva (of JIB\u00d3IA) on guitar, and Ricardo Martins (of Cangarra) on the drums.<\/p>\n<p>The <strong>Revolve<\/strong> release <strong>&#8220;Dois\/II&#8221;<\/strong> is a great rock&#8217;nroll extravaganza in the greatest of the audio formats &#8211; the 7&#8243;!<\/p>\n<p><strong>Revolve<br \/>\n<\/strong><\/p>\n","protected":false},"excerpt":{"rendered":"<p class=\"p1\"><strong>Revolve<br \/>\n<\/strong><\/p>\n<hr \/>\n<p><b>Papaya<\/b> is Br\u00e1ulio Amado (of Adorno) on vocals, \u00d3scar Silva (of JIB\u00d3IA) on guitar, and Ricardo Martins (of Cangarra) on the drums.<\/p>\n<p>The <strong>Revolve<\/strong> release <strong>&#8220;Dois\/II&#8221;<\/strong> is a great rock&#8217;nroll extravaganza in the greatest of the audio formats &#8211; the 7&#8243;!<\/p>\n<p><a href=\"https:\/\/soundcloud.com\/rvlv\/papaya-modern-times\" target=\"_blank\" rel=\"noopener noreferrer\">\u25ba CLICK HERE TO LISTEN<\/a><\/p>\n","protected":false},"featured_media":4681,"comment_status":"closed","ping_status":"closed","template":"","meta":[],"product_brand":[],"product_cat":[],"product_tag":[2018,2017,2007],"class_list":{"0":"post-4680","1":"product","2":"type-product","3":"status-publish","4":"has-post-thumbnail","6":"product_tag-doisii","7":"product_tag-papaya","8":"product_tag-revolve","9":"product_shipping_class-cd","10":"pa_artist-papaya","11":"pa_genre-alternative_rock","12":"pa_genre-post-punk","13":"pa_label-revolve","15":"first","16":"instock","17":"shipping-taxable","18":"purchasable","19":"product-type-simple"},"_links":{"self":[{"href":"https:\/\/www.wasserbassin.com\/site\/wp-json\/wp\/v2\/product\/4680","targetHints":{"allow":["GET"]}}],"collection":[{"href":"https:\/\/www.wasserbassin.com\/site\/wp-json\/wp\/v2\/product"}],"about":[{"href":"https:\/\/www.wasserbassin.com\/site\/wp-json\/wp\/v2\/types\/product"}],"replies":[{"embeddable":true,"href":"https:\/\/www.wasserbassin.com\/site\/wp-json\/wp\/v2\/comments?post=4680"}],"wp:featuredmedia":[{"embeddable":true,"href":"https:\/\/www.wasserbassin.com\/site\/wp-json\/wp\/v2\/media\/4681"}],"wp:attachment":[{"href":"https:\/\/www.wasserbassin.com\/site\/wp-json\/wp\/v2\/media?parent=4680"}],"wp:term":[{"taxonomy":"product_brand","embeddable":true,"href":"https:\/\/www.wasserbassin.com\/site\/wp-json\/wp\/v2\/product_brand?post=4680"},{"taxonomy":"product_cat","embeddable":true,"href":"https:\/\/www.wasserbassin.com\/site\/wp-json\/wp\/v2\/product_cat?post=4680"},{"taxonomy":"product_tag","embeddable":true,"href":"https:\/\/www.wasserbassin.com\/site\/wp-json\/wp\/v2\/product_tag?post=4680"}],"curies":[{"name":"wp","href":"https:\/\/api.w.org\/{rel}","templated":true}]}}