{"id":4737,"date":"2017-07-13T11:05:32","date_gmt":"2017-07-13T10:05:32","guid":{"rendered":"http:\/\/wasserbassin.com\/site\/?post_type=product&#038;p=4737"},"modified":"2018-11-19T05:44:22","modified_gmt":"2018-11-19T05:44:22","slug":"nidia-e-ma-nidia-e-fudida-lp","status":"publish","type":"product","link":"https:\/\/www.wasserbassin.com\/site\/product\/nidia-e-ma-nidia-e-fudida-lp\/","title":{"rendered":"N\u00eddia Minaj &#8211; N\u00eddia \u00c9 M\u00e1, N\u00eddia \u00c9 Fudida &#8211; LP"},"content":{"rendered":"<p>One\u2019s life has value so long as one attributes value to the life of others, by means of love, friendship, indignation, compassion\u201d, Simone de Beauvoir once offered. N\u00eddia has embraced as much as conducted her path on earth so far by means of her senses and her acute intuition, learning from the positive and negative sides of experience, contemplating the marvel of the human spirit, ever inspired by her own curiosity for the unveiled. Her music sounds to us as the perfect expression of her attitude in life.<\/p>\n<p>More than appropriate intro titled \u201cMulher Profissional\u201d. It\u2019s a shout of empowerment, setting the pace for what is indeed a highly energized album. Listen closely and you will spot production skills that are beyond the standard of dance music genres, running wild but with a definite sense of purpose. This sounds like Africa taken (further more) into the future by command of a rogue mind \u2013 we\u2019ll save you the thrill of translating the album\u2019s title.<\/p>\n<p>The hint of nostalgia possibly detected on a title such as \u201cI Miss My Guetto\u201d is quickly obliterated by a sort of hunger for the future, what\u2019s to come, but also what\u2019s already bubbling feverishly. It\u2019s as if N\u00eddia is hit from every side and everything is so exciting that she just has to incorporate all manner of sights and sounds into her productions.<\/p>\n<p>Tracks are kept generally short. They are strong, compact entities that announce the coming of something else \u2013 \u201cBiotheke\u201d, for example, soundtracks a parade of Tripods if such an event could fit the narrative in \u201cWar Of The Worlds\u201d.<\/p>\n<p>The LP ends \u2013 whenever the listener chooses \u2013 with the locked groove \u2018Indian\u2019. The CD version has 3 bonus tracks, including recent live favorite, the slow &amp; sensuous burning \u2019Sinistro\u2019.<\/p>\n<p>Vinyl LP; individually hand-painted, hand-stamped copies available in Portugal only.<\/p>\n<p><strong>Pr\u00edncipe Discos<\/strong><\/p>\n","protected":false},"excerpt":{"rendered":"<p class=\"p1\"><strong>Pr\u00edncipe Discos<br \/>\n<\/strong><\/p>\n<hr \/>\n<p>One\u2019s life has value so long as one attributes value to the life of others, by means of love, friendship, indignation, compassion\u201d, Simone de Beauvoir once offered. N\u00eddia has embraced as much as conducted her path on earth so far by means of her senses and her acute intuition, learning from the positive and negative sides of experience, contemplating the marvel of the human spirit, ever inspired by her own curiosity for the unveiled. Her music sounds to us as the perfect expression of her attitude in life.<\/p>\n<p>The CD version has 3 bonus tracks, including recent live favorite, the slow &amp; sensuous burning \u2019Sinistro\u2019.<\/p>\n<p><a href=\"https:\/\/soundcloud.com\/principepromos\/i-miss-my-ghetto\" target=\"_blank\">\u25ba CLICK HERE TO LISTEN<\/a><\/p>\n<p class=\"p1\"><strong>\u00a0<\/strong><\/p>\n","protected":false},"featured_media":4735,"comment_status":"closed","ping_status":"closed","template":"","meta":[],"product_brand":[],"product_cat":[],"product_tag":[515,995],"class_list":{"0":"post-4737","1":"product","2":"type-product","3":"status-publish","4":"has-post-thumbnail","6":"product_tag-nidia-minaj-2","7":"product_tag-principe-discos","8":"product_shipping_class-lp","9":"pa_artist-nidia-minaj","10":"pa_genre-beats","11":"pa_genre-electronics","12":"pa_genre-house","13":"pa_genre-kuduro","14":"pa_label-principe-discos","16":"first","17":"outofstock","18":"shipping-taxable","19":"purchasable","20":"product-type-simple"},"_links":{"self":[{"href":"https:\/\/www.wasserbassin.com\/site\/wp-json\/wp\/v2\/product\/4737","targetHints":{"allow":["GET"]}}],"collection":[{"href":"https:\/\/www.wasserbassin.com\/site\/wp-json\/wp\/v2\/product"}],"about":[{"href":"https:\/\/www.wasserbassin.com\/site\/wp-json\/wp\/v2\/types\/product"}],"replies":[{"embeddable":true,"href":"https:\/\/www.wasserbassin.com\/site\/wp-json\/wp\/v2\/comments?post=4737"}],"wp:featuredmedia":[{"embeddable":true,"href":"https:\/\/www.wasserbassin.com\/site\/wp-json\/wp\/v2\/media\/4735"}],"wp:attachment":[{"href":"https:\/\/www.wasserbassin.com\/site\/wp-json\/wp\/v2\/media?parent=4737"}],"wp:term":[{"taxonomy":"product_brand","embeddable":true,"href":"https:\/\/www.wasserbassin.com\/site\/wp-json\/wp\/v2\/product_brand?post=4737"},{"taxonomy":"product_cat","embeddable":true,"href":"https:\/\/www.wasserbassin.com\/site\/wp-json\/wp\/v2\/product_cat?post=4737"},{"taxonomy":"product_tag","embeddable":true,"href":"https:\/\/www.wasserbassin.com\/site\/wp-json\/wp\/v2\/product_tag?post=4737"}],"curies":[{"name":"wp","href":"https:\/\/api.w.org\/{rel}","templated":true}]}}