{"id":4775,"date":"2017-07-27T12:30:48","date_gmt":"2017-07-27T11:30:48","guid":{"rendered":"http:\/\/wasserbassin.com\/site\/?post_type=product&#038;p=4775"},"modified":"2018-04-29T00:05:40","modified_gmt":"2018-04-28T23:05:40","slug":"various-ote-maloya-2lp","status":"publish","type":"product","link":"https:\/\/www.wasserbassin.com\/site\/product\/various-ote-maloya-2lp\/","title":{"rendered":"V\/A &#8211; Ot\u00e9 Maloya: The Birth Of Electric Maloya on R\u00e9union Island 1975-1986 &#8211; 2LP"},"content":{"rendered":"<p><strong>Strut<\/strong> present a brand new compilation documenting the groundbreaking maloya scene on R\u00e9union Island from the mid-\u201870s, as Western instrumentation joined traditional Malagasy, African and Indian acoustic instruments to spark a whole era of new fusions and creativity. Compiled by R\u00e9unionese DJ duo La Basse Tropicale, <strong>&#8220;Ot\u00e9 Maloya&#8221;<\/strong> is out now on CD and LP as well as digital formats.\u00a0 The CD and LP versions include an extensive booklet \u00a0featuring the history of maloya by Nathalie Valentine Legros of 7 Lames Lamer.<\/p>\n<p><strong>&#8220;Ot\u00e9 Maloya&#8221;<\/strong> tells the story of this fertile period in R\u00e9union Island music for the first time and features the full spectrum of maloya styles. From Cam\u00e9l\u00e9on\u2019s genius to the teenage Michou\u2019s classic &#8220;Maloya Ton Tisane&#8221;, Daniel Sandi\u00e9\u2019s breakbeat sleeper &#8220;D\u00e9foule 3e Age&#8221; and more traditional styles from Maxime Lahope and Pierrot Vidot, this is an essential trip through a lost era of Indian Ocean blues and soul. \u2018It follows up last year\u2019s acclaimed\u00a0 release &#8220;Soul Sok S\u00e9ga&#8221; on Strut.<\/p>\n<p><strong>Strut<\/strong><\/p>\n","protected":false},"excerpt":{"rendered":"<p><strong>Strut<\/strong><\/p>\n<hr \/>\n<p><strong>Strut<\/strong> present a brand new compilation documenting the groundbreaking maloya scene on R\u00e9union Island from the mid-\u201870s, as Western instrumentation joined traditional Malagasy, African and Indian acoustic instruments to spark a whole era of new fusions and creativity. Compiled by R\u00e9unionese DJ duo La Basse Tropicale, <strong>&#8220;Ot\u00e9 Maloya&#8221;<\/strong> is out now on CD and LP as well as digital formats.\u00a0 The CD and LP versions include an extensive booklet \u00a0featuring the history of maloya by Nathalie Valentine Legros of 7 Lames Lamer.<\/p>\n<p><strong>&#8220;Ot\u00e9 Maloya&#8221;<\/strong> tells the story of this fertile period in R\u00e9union Island music for the first time and features the full spectrum of maloya styles. From Cam\u00e9l\u00e9on\u2019s genius to the teenage Michou\u2019s classic &#8220;Maloya Ton Tisane&#8221;, Daniel Sandi\u00e9\u2019s breakbeat sleeper &#8220;D\u00e9foule 3e Age&#8221; and more traditional styles from Maxime Lahope and Pierrot Vidot, this is an essential trip through a lost era of Indian Ocean blues and soul. \u2018It follows up last year\u2019s acclaimed\u00a0 release &#8220;Soul Sok S\u00e9ga&#8221; on Strut.<\/p>\n<p><a title=\"See the Video\" href=\"https:\/\/www.youtube.com\/watch?v=9fAEx4YhelQ\" target=\"_blank\">\u25ba CLICK HERE TO LISTEN<\/a><\/p>\n","protected":false},"featured_media":4773,"comment_status":"closed","ping_status":"closed","template":"","meta":[],"product_brand":[],"product_cat":[],"product_tag":[2057,965],"class_list":{"0":"post-4775","1":"product","2":"type-product","3":"status-publish","4":"has-post-thumbnail","6":"product_tag-ote-maloya","7":"product_tag-strut","8":"product_shipping_class-lp","9":"pa_artist-various_artists","10":"pa_genre-ethnic","11":"pa_genre-tropical-discotheque","12":"pa_label-strut","14":"first","15":"outofstock","16":"shipping-taxable","17":"purchasable","18":"product-type-simple"},"_links":{"self":[{"href":"https:\/\/www.wasserbassin.com\/site\/wp-json\/wp\/v2\/product\/4775","targetHints":{"allow":["GET"]}}],"collection":[{"href":"https:\/\/www.wasserbassin.com\/site\/wp-json\/wp\/v2\/product"}],"about":[{"href":"https:\/\/www.wasserbassin.com\/site\/wp-json\/wp\/v2\/types\/product"}],"replies":[{"embeddable":true,"href":"https:\/\/www.wasserbassin.com\/site\/wp-json\/wp\/v2\/comments?post=4775"}],"wp:featuredmedia":[{"embeddable":true,"href":"https:\/\/www.wasserbassin.com\/site\/wp-json\/wp\/v2\/media\/4773"}],"wp:attachment":[{"href":"https:\/\/www.wasserbassin.com\/site\/wp-json\/wp\/v2\/media?parent=4775"}],"wp:term":[{"taxonomy":"product_brand","embeddable":true,"href":"https:\/\/www.wasserbassin.com\/site\/wp-json\/wp\/v2\/product_brand?post=4775"},{"taxonomy":"product_cat","embeddable":true,"href":"https:\/\/www.wasserbassin.com\/site\/wp-json\/wp\/v2\/product_cat?post=4775"},{"taxonomy":"product_tag","embeddable":true,"href":"https:\/\/www.wasserbassin.com\/site\/wp-json\/wp\/v2\/product_tag?post=4775"}],"curies":[{"name":"wp","href":"https:\/\/api.w.org\/{rel}","templated":true}]}}