{"id":5304,"date":"2018-03-15T02:18:47","date_gmt":"2018-03-15T02:18:47","guid":{"rendered":"http:\/\/wasserbassin.com\/site\/?post_type=product&#038;p=5304"},"modified":"2018-07-10T15:14:39","modified_gmt":"2018-07-10T14:14:39","slug":"tropa-macaca-cacador-do-futuro-lp","status":"publish","type":"product","link":"https:\/\/www.wasserbassin.com\/site\/product\/tropa-macaca-cacador-do-futuro-lp\/","title":{"rendered":"Tropa Macaca &#8211; Ca\u00e7ador Do Futuro &#8211; LP"},"content":{"rendered":"<p>Instrumental music is supposed to be asemantic and yet a rich language of rhetorical gestures has grown up around it. None of them may have a specific meaning but they easily lead the listener towards an emotion, a sensation, an embryonic story. Does any of this mean that music is abstract? Or does it, to the contrary, mean that music tells a story? There is no abstraction without a story. Is there a story without an abstraction?<\/p>\n<p>The composition on this album, is it a radio play?<\/p>\n<p><strong>Tropa Macaca<\/strong> = Andr\u00e9 Abel and Joana da Concei\u00e7\u00e3o<\/p>\n<p>Check out their earlier albums, they\u2019re just as great!<\/p>\n<p><strong>DUNNO Recordings<br \/>\n<\/strong><\/p>\n","protected":false},"excerpt":{"rendered":"<p><strong>DUNNO Recordings<br \/>\n<\/strong><\/p>\n<hr \/>\n<p>Instrumental music is supposed to be asemantic and yet a rich language of rhetorical gestures has grown up around it. None of them may have a specific meaning but they easily lead the listener towards an emotion, a sensation, an embryonic story. Does any of this mean that music is abstract? Or does it, to the contrary, mean that music tells a story? There is no abstraction without a story. Is there a story without an abstraction?<\/p>\n<p>The composition on this album, is it a radio play?<\/p>\n<p><strong>Tropa Macaca<\/strong> = Andr\u00e9 Abel and Joana da Concei\u00e7\u00e3o<\/p>\n<p>Check out their earlier albums, they\u2019re just as great!<\/p>\n<p><a title=\"See the Video\" href=\"https:\/\/soundcloud.com\/dunno-recordings\/tropa\" target=\"_blank\" rel=\"noopener\">\u25ba CLICK HERE TO LISTEN<\/a><\/p>\n<p>&nbsp;<\/p>\n<p>&nbsp;<\/p>\n<p><strong>\u00a0<\/strong><\/p>\n","protected":false},"featured_media":5305,"comment_status":"closed","ping_status":"closed","template":"","meta":[],"product_brand":[],"product_cat":[],"product_tag":[2389,961],"class_list":{"0":"post-5304","1":"product","2":"type-product","3":"status-publish","4":"has-post-thumbnail","6":"product_tag-dunno-recordings","7":"product_tag-tropa-macaca","8":"product_shipping_class-lp","9":"pa_artist-tropamacaca","10":"pa_genre-abstract","11":"pa_genre-electronics","12":"pa_genre-experimental","13":"pa_genre-techno","14":"pa_label-dunno-recordings","16":"first","17":"outofstock","18":"shipping-taxable","19":"purchasable","20":"product-type-simple"},"_links":{"self":[{"href":"https:\/\/www.wasserbassin.com\/site\/wp-json\/wp\/v2\/product\/5304","targetHints":{"allow":["GET"]}}],"collection":[{"href":"https:\/\/www.wasserbassin.com\/site\/wp-json\/wp\/v2\/product"}],"about":[{"href":"https:\/\/www.wasserbassin.com\/site\/wp-json\/wp\/v2\/types\/product"}],"replies":[{"embeddable":true,"href":"https:\/\/www.wasserbassin.com\/site\/wp-json\/wp\/v2\/comments?post=5304"}],"wp:featuredmedia":[{"embeddable":true,"href":"https:\/\/www.wasserbassin.com\/site\/wp-json\/wp\/v2\/media\/5305"}],"wp:attachment":[{"href":"https:\/\/www.wasserbassin.com\/site\/wp-json\/wp\/v2\/media?parent=5304"}],"wp:term":[{"taxonomy":"product_brand","embeddable":true,"href":"https:\/\/www.wasserbassin.com\/site\/wp-json\/wp\/v2\/product_brand?post=5304"},{"taxonomy":"product_cat","embeddable":true,"href":"https:\/\/www.wasserbassin.com\/site\/wp-json\/wp\/v2\/product_cat?post=5304"},{"taxonomy":"product_tag","embeddable":true,"href":"https:\/\/www.wasserbassin.com\/site\/wp-json\/wp\/v2\/product_tag?post=5304"}],"curies":[{"name":"wp","href":"https:\/\/api.w.org\/{rel}","templated":true}]}}