{"id":5329,"date":"2018-03-27T15:24:34","date_gmt":"2018-03-27T14:24:34","guid":{"rendered":"http:\/\/wasserbassin.com\/site\/?post_type=product&#038;p=5329"},"modified":"2020-10-01T22:22:09","modified_gmt":"2020-10-01T21:22:09","slug":"domingos-tavares-transformacoes-na-arquitectura-portuense-livro","status":"publish","type":"product","link":"https:\/\/www.wasserbassin.com\/site\/product\/domingos-tavares-transformacoes-na-arquitectura-portuense-livro\/","title":{"rendered":"Domingos Tavares &#8211; Transforma\u00e7\u00f5es na Arquitectura Portuense &#8211; Livro"},"content":{"rendered":"<p><strong>Ant\u00f3nio da Silva<\/strong> foi engenheiro da transi\u00e7\u00e3o para o s\u00e9culo XX que projectou as casas de um dos grupos mais din\u00e2micos da estrutura comercial do Porto. A sua obra reflecte a \u00e2nsia de representa\u00e7\u00e3o p\u00fablica de uma nova burguesia culta, liberal e progressista que procurava na moda europeia a imagem da afirma\u00e7\u00e3o e da mudan\u00e7a. Ao associar o palacete rom\u00e2ntico ao chal\u00e9 importado, fixou pormenores da linguagem cl\u00e1ssica numa renovada sintaxe arquitect\u00f3nica, transformando tamb\u00e9m a cidade.<\/p>\n<p>Este livro explora essas l\u00f3gicas subjacentes ao impulso colectivo de progresso, perseguindo no Porto os processos de cria\u00e7\u00e3o da cidade moderna. O progressivo deslocamento da tradicional casa burguesa para periferias socialmente mais consideradas corporizou uma nova dimens\u00e3o urbana e permite compreender a arquitectura como motor da configura\u00e7\u00e3o dos espa\u00e7os onde se desenrola a vida, quer no plano da individualidade das fam\u00edlias, quer na cria\u00e7\u00e3o da imagem colectiva da cidade.<\/p>\n<p><strong>Dafne<\/strong><\/p>\n<p>&nbsp;<\/p>\n<p>&nbsp;<\/p>\n","protected":false},"excerpt":{"rendered":"<p><strong>Dafne<\/strong><\/p>\n<hr \/>\n<p><strong>Ant\u00f3nio da Silva<\/strong> foi engenheiro da transi\u00e7\u00e3o para o s\u00e9culo XX que projectou as casas de um dos grupos mais din\u00e2micos da estrutura comercial do Porto. A sua obra reflecte a \u00e2nsia de representa\u00e7\u00e3o p\u00fablica de uma nova burguesia culta, liberal e progressista que procurava na moda europeia a imagem da afirma\u00e7\u00e3o e da mudan\u00e7a. Ao associar o palacete rom\u00e2ntico ao chal\u00e9 importado, fixou pormenores da linguagem cl\u00e1ssica numa renovada sintaxe arquitect\u00f3nica, transformando tamb\u00e9m a cidade.<\/p>\n<p>Este livro explora essas l\u00f3gicas subjacentes ao impulso colectivo de progresso, perseguindo no Porto os processos de cria\u00e7\u00e3o da cidade moderna. O progressivo deslocamento da tradicional casa burguesa para periferias socialmente mais consideradas corporizou uma nova dimens\u00e3o urbana e permite compreender a arquitectura como motor da configura\u00e7\u00e3o dos espa\u00e7os onde se desenrola a vida, quer no plano da individualidade das fam\u00edlias, quer na cria\u00e7\u00e3o da imagem colectiva da cidade.<\/p>\n","protected":false},"featured_media":5330,"comment_status":"closed","ping_status":"closed","template":"","meta":[],"product_brand":[],"product_cat":[41],"product_tag":[980,1211],"class_list":{"0":"post-5329","1":"product","2":"type-product","3":"status-publish","4":"has-post-thumbnail","6":"product_cat-books","7":"product_tag-dafne","8":"product_tag-domingos-tavares","9":"product_shipping_class-bookks","10":"pa_artist-domingos-tavares","11":"pa_genre-architecture","12":"pa_label-dafne","14":"first","15":"outofstock","16":"shipping-taxable","17":"purchasable","18":"product-type-simple"},"_links":{"self":[{"href":"https:\/\/www.wasserbassin.com\/site\/wp-json\/wp\/v2\/product\/5329","targetHints":{"allow":["GET"]}}],"collection":[{"href":"https:\/\/www.wasserbassin.com\/site\/wp-json\/wp\/v2\/product"}],"about":[{"href":"https:\/\/www.wasserbassin.com\/site\/wp-json\/wp\/v2\/types\/product"}],"replies":[{"embeddable":true,"href":"https:\/\/www.wasserbassin.com\/site\/wp-json\/wp\/v2\/comments?post=5329"}],"wp:featuredmedia":[{"embeddable":true,"href":"https:\/\/www.wasserbassin.com\/site\/wp-json\/wp\/v2\/media\/5330"}],"wp:attachment":[{"href":"https:\/\/www.wasserbassin.com\/site\/wp-json\/wp\/v2\/media?parent=5329"}],"wp:term":[{"taxonomy":"product_brand","embeddable":true,"href":"https:\/\/www.wasserbassin.com\/site\/wp-json\/wp\/v2\/product_brand?post=5329"},{"taxonomy":"product_cat","embeddable":true,"href":"https:\/\/www.wasserbassin.com\/site\/wp-json\/wp\/v2\/product_cat?post=5329"},{"taxonomy":"product_tag","embeddable":true,"href":"https:\/\/www.wasserbassin.com\/site\/wp-json\/wp\/v2\/product_tag?post=5329"}],"curies":[{"name":"wp","href":"https:\/\/api.w.org\/{rel}","templated":true}]}}