{"id":5950,"date":"2018-12-20T00:01:08","date_gmt":"2018-12-20T00:01:08","guid":{"rendered":"http:\/\/wasserbassin.com\/site\/?post_type=product&#038;p=5950"},"modified":"2023-04-08T15:32:32","modified_gmt":"2023-04-08T14:32:32","slug":"domingos-tavares-casas-na-duna-livro-book","status":"publish","type":"product","link":"https:\/\/www.wasserbassin.com\/site\/product\/domingos-tavares-casas-na-duna-livro-book\/","title":{"rendered":"Domingos Tavares &#8211; Casas Na Duna &#8211; Livro (Book)"},"content":{"rendered":"<div class=\"resumo\">\n<p>Obra de poetas, at\u00e9 que ponto o Chal\u00e9 do Furadouro se poderia inserir num movimento tardo-rom\u00e2ntico, funcionando como est\u00edmulo associado ao nascimento da arquitectura moderna em Portugal? Epis\u00f3dio sem repeti\u00e7\u00e3o no espa\u00e7o da comunidade vareira, revelava uma maneira de entender a arte da arquitectura no seio da cultura portuguesa. Num tempo de revivalismos hist\u00f3ricos, confrontado com a vers\u00e3o popular dos palheiros pobres dos pescadores da beira-mar, este exemplo foi trabalhado com base numa atitude que se filia no mais profundo da cultura portuguesa. A da discreta intelig\u00eancia, que consistia em estar atento aos avan\u00e7os do conhecimento e da t\u00e9cnica, integrando-os de forma \u00fatil na dimens\u00e3o do poss\u00edvel em face das circunst\u00e2ncias da produ\u00e7\u00e3o construtiva dispon\u00edvel, sem perder de vista as pr\u00e1ticas colectivas e os valores sociais do lugar. Acabou, levado pelo mar, mem\u00f3ria perdida dos valores de um passado m\u00edtico.<\/p>\n<\/div>\n<div class=\"observacoes\">\n<p>Este livro de <strong>Domingos Tavares<\/strong> foi co-editado pela <strong>Dafne Editora<\/strong> e pelo Centro de Estudos de Arquitectura e Urbanismo da Faculdade de Arquitectura da Universidade do Porto.<\/p>\n<\/div>\n<p><strong>Dafne<\/strong><\/p>\n<p>&nbsp;<\/p>\n<p>&nbsp;<\/p>\n","protected":false},"excerpt":{"rendered":"<p><strong>Dafne<\/strong><\/p>\n<hr \/>\n<div class=\"resumo\">\n<p>Obra de poetas, at\u00e9 que ponto o Chal\u00e9 do Furadouro se poderia inserir num movimento tardo-rom\u00e2ntico, funcionando como est\u00edmulo associado ao nascimento da arquitectura moderna em Portugal? Epis\u00f3dio sem repeti\u00e7\u00e3o no espa\u00e7o da comunidade vareira, revelava uma maneira de entender a arte da arquitectura no seio da cultura portuguesa. Num tempo de revivalismos hist\u00f3ricos, confrontado com a vers\u00e3o popular dos palheiros pobres dos pescadores da beira-mar, este exemplo foi trabalhado com base numa atitude que se filia no mais profundo da cultura portuguesa. A da discreta intelig\u00eancia, que consistia em estar atento aos avan\u00e7os do conhecimento e da t\u00e9cnica, integrando-os de forma \u00fatil na dimens\u00e3o do poss\u00edvel em face das circunst\u00e2ncias da produ\u00e7\u00e3o construtiva dispon\u00edvel, sem perder de vista as pr\u00e1ticas colectivas e os valores sociais do lugar. Acabou, levado pelo mar, mem\u00f3ria perdida dos valores de um passado m\u00edtico.<\/p>\n<\/div>\n<div class=\"observacoes\">\n<p>Este livro de <strong>Domingos Tavares<\/strong> foi co-editado pela <strong>Dafne Editora<\/strong> e pelo Centro de Estudos de Arquitectura e Urbanismo da Faculdade de Arquitectura da Universidade do Porto.<\/p>\n<\/div>\n<p>&nbsp;<\/p>\n","protected":false},"featured_media":5951,"comment_status":"closed","ping_status":"closed","template":"","meta":[],"product_brand":[],"product_cat":[41],"product_tag":[980,1211],"class_list":{"0":"post-5950","1":"product","2":"type-product","3":"status-publish","4":"has-post-thumbnail","6":"product_cat-books","7":"product_tag-dafne","8":"product_tag-domingos-tavares","9":"product_shipping_class-bookks","10":"pa_artist-domingos-tavares","11":"pa_genre-architecture","12":"pa_label-dafne","14":"first","15":"onbackorder","16":"shipping-taxable","17":"purchasable","18":"product-type-simple"},"_links":{"self":[{"href":"https:\/\/www.wasserbassin.com\/site\/wp-json\/wp\/v2\/product\/5950","targetHints":{"allow":["GET"]}}],"collection":[{"href":"https:\/\/www.wasserbassin.com\/site\/wp-json\/wp\/v2\/product"}],"about":[{"href":"https:\/\/www.wasserbassin.com\/site\/wp-json\/wp\/v2\/types\/product"}],"replies":[{"embeddable":true,"href":"https:\/\/www.wasserbassin.com\/site\/wp-json\/wp\/v2\/comments?post=5950"}],"wp:featuredmedia":[{"embeddable":true,"href":"https:\/\/www.wasserbassin.com\/site\/wp-json\/wp\/v2\/media\/5951"}],"wp:attachment":[{"href":"https:\/\/www.wasserbassin.com\/site\/wp-json\/wp\/v2\/media?parent=5950"}],"wp:term":[{"taxonomy":"product_brand","embeddable":true,"href":"https:\/\/www.wasserbassin.com\/site\/wp-json\/wp\/v2\/product_brand?post=5950"},{"taxonomy":"product_cat","embeddable":true,"href":"https:\/\/www.wasserbassin.com\/site\/wp-json\/wp\/v2\/product_cat?post=5950"},{"taxonomy":"product_tag","embeddable":true,"href":"https:\/\/www.wasserbassin.com\/site\/wp-json\/wp\/v2\/product_tag?post=5950"}],"curies":[{"name":"wp","href":"https:\/\/api.w.org\/{rel}","templated":true}]}}