{"id":5954,"date":"2018-12-20T00:02:17","date_gmt":"2018-12-20T00:02:17","guid":{"rendered":"http:\/\/wasserbassin.com\/site\/?post_type=product&#038;p=5954"},"modified":"2018-12-18T18:49:16","modified_gmt":"2018-12-18T18:49:16","slug":"jose-ferrao-afonso-a-heranca-do-muratore-livro-book","status":"publish","type":"product","link":"https:\/\/www.wasserbassin.com\/site\/product\/jose-ferrao-afonso-a-heranca-do-muratore-livro-book\/","title":{"rendered":"Jos\u00e9 Ferr\u00e3o Afonso &#8211; A Heran\u00e7a Do Muratore &#8211; Livro (Book)"},"content":{"rendered":"<p>Francisco de Cremona, o <em>muratore<\/em> trazido de It\u00e1lia em 1525 pelo embaixador de D. Manuel I no Vaticano, D. Miguel da Silva, deixou uma obra assinal\u00e1vel na Foz do Douro, no Porto. O ambiente renascentista italiano em que trabalhou refletiu-se nela e em toda uma s\u00e9rie de programas nortenhos que, at\u00e9 aos meados do s\u00e9culo XVI, data prov\u00e1vel da sua morte ou poss\u00edvel regresso a It\u00e1lia, adotaram o seu modo. Alguns desses programas, ali\u00e1s, poder\u00e3o ter tido a sua participa\u00e7\u00e3o, sobretudo a partir de 1540, data em que o seu patrono, ent\u00e3o j\u00e1 bispo de Viseu, teve de regressar a It\u00e1lia. Manuel Lu\u00eds, cuja atividade se inicia quando a de Cremona termina, pode ser considerado o seu sucessor: no in\u00edcio da carreira esteve sobretudo ativo no Porto, tendo sido muito marcado pela obra dos Ru\u00e3o, do Diogo de Castilho inicial e pelo seu hedonismo decorativo; posteriormente, seria a figura decisiva na defini\u00e7\u00e3o de uma arquitetura sacra reformada no noroeste de Portugal, tendo morrido em 1604 como arquiteto privativo do arcebispo de Braga D. Frei Agostinho de Jesus.<\/p>\n<p><strong>Dafne<\/strong><\/p>\n<p>&nbsp;<\/p>\n<p>&nbsp;<\/p>\n","protected":false},"excerpt":{"rendered":"<p><strong>Dafne<\/strong><\/p>\n<hr \/>\n<p>Francisco de Cremona, o <em>muratore<\/em> trazido de It\u00e1lia em 1525 pelo embaixador de D. Manuel I no Vaticano, D. Miguel da Silva, deixou uma obra assinal\u00e1vel na Foz do Douro, no Porto. O ambiente renascentista italiano em que trabalhou refletiu-se nela e em toda uma s\u00e9rie de programas nortenhos que, at\u00e9 aos meados do s\u00e9culo XVI, data prov\u00e1vel da sua morte ou poss\u00edvel regresso a It\u00e1lia, adotaram o seu modo. Alguns desses programas, ali\u00e1s, poder\u00e3o ter tido a sua participa\u00e7\u00e3o, sobretudo a partir de 1540, data em que o seu patrono, ent\u00e3o j\u00e1 bispo de Viseu, teve de regressar a It\u00e1lia. Manuel Lu\u00eds, cuja atividade se inicia quando a de Cremona termina, pode ser considerado o seu sucessor: no in\u00edcio da carreira esteve sobretudo ativo no Porto, tendo sido muito marcado pela obra dos Ru\u00e3o, do Diogo de Castilho inicial e pelo seu hedonismo decorativo; posteriormente, seria a figura decisiva na defini\u00e7\u00e3o de uma arquitetura sacra reformada no noroeste de Portugal, tendo morrido em 1604 como arquiteto privativo do arcebispo de Braga D. Frei Agostinho de Jesus.<\/p>\n<p>&nbsp;<\/p>\n<p>&nbsp;<\/p>\n","protected":false},"featured_media":5955,"comment_status":"closed","ping_status":"closed","template":"","meta":[],"product_brand":[],"product_cat":[41],"product_tag":[980,2692],"class_list":{"0":"post-5954","1":"product","2":"type-product","3":"status-publish","4":"has-post-thumbnail","6":"product_cat-books","7":"product_tag-dafne","8":"product_tag-jose-ferrao-afonso","9":"product_shipping_class-bookks","10":"pa_artist-jose-ferrao-afonso","11":"pa_genre-architecture","12":"pa_label-dafne","14":"first","15":"instock","16":"shipping-taxable","17":"purchasable","18":"product-type-simple"},"_links":{"self":[{"href":"https:\/\/www.wasserbassin.com\/site\/wp-json\/wp\/v2\/product\/5954","targetHints":{"allow":["GET"]}}],"collection":[{"href":"https:\/\/www.wasserbassin.com\/site\/wp-json\/wp\/v2\/product"}],"about":[{"href":"https:\/\/www.wasserbassin.com\/site\/wp-json\/wp\/v2\/types\/product"}],"replies":[{"embeddable":true,"href":"https:\/\/www.wasserbassin.com\/site\/wp-json\/wp\/v2\/comments?post=5954"}],"wp:featuredmedia":[{"embeddable":true,"href":"https:\/\/www.wasserbassin.com\/site\/wp-json\/wp\/v2\/media\/5955"}],"wp:attachment":[{"href":"https:\/\/www.wasserbassin.com\/site\/wp-json\/wp\/v2\/media?parent=5954"}],"wp:term":[{"taxonomy":"product_brand","embeddable":true,"href":"https:\/\/www.wasserbassin.com\/site\/wp-json\/wp\/v2\/product_brand?post=5954"},{"taxonomy":"product_cat","embeddable":true,"href":"https:\/\/www.wasserbassin.com\/site\/wp-json\/wp\/v2\/product_cat?post=5954"},{"taxonomy":"product_tag","embeddable":true,"href":"https:\/\/www.wasserbassin.com\/site\/wp-json\/wp\/v2\/product_tag?post=5954"}],"curies":[{"name":"wp","href":"https:\/\/api.w.org\/{rel}","templated":true}]}}