{"id":5997,"date":"2019-01-08T03:15:30","date_gmt":"2019-01-08T03:15:30","guid":{"rendered":"http:\/\/wasserbassin.com\/site\/?post_type=product&#038;p=5997"},"modified":"2021-01-24T20:36:07","modified_gmt":"2021-01-24T20:36:07","slug":"arnaud-rodrigues-murituri-lp","status":"publish","type":"product","link":"https:\/\/www.wasserbassin.com\/site\/product\/arnaud-rodrigues-murituri-lp\/","title":{"rendered":"Arnaud Rodrigues &#8211; Murituri &#8211; LP"},"content":{"rendered":"<div class=\"description\">\n<p>A few years ago, at the same time that Chico An\u00edsio recorded in Philips the LP &#8220;Chico An\u00edsio inaugurates the humor dan\u00e7ante&#8221;, produced by Nonato Buzar, <strong>Arnaud Rodrigues<\/strong>, editor of Chico&#8217;s humorous programs also made a lively LP in Copacabana, if we do not fool ourselves . Now, when a new LP of Chico An\u00edsio appears on Continental, in which the clever artist tells some delightful comic strips <strong>Arnaud<\/strong> attacks again as a singer, in LP of the same recorder &#8220;<strong>Murituri<\/strong>&#8221; (Continental), SLP_10.130 December-73). And there is no doubt that Chico An\u00edsio is right to keep <strong>Arnaud<\/strong> on his production team: after all, the versatility of the young man is impressive and he composed the songs for this album &#8211; with different partners (Ant\u00f4nio de Jesus \/ Sebasti\u00e3o Valentim, among the unknown , Chico himself and Arthur Verocai, among the famous) &#8211; as if writing a screen-play for &#8220;Chico City&#8221;. So it goes from a tasty Samb\u00e3o (&#8220;Nega&#8221;) to a spiritualistic song, in the most commercial line &#8220;Superstar&#8221; in &#8220;<strong>Murituri<\/strong>&#8220;, with very surreal verses (&#8220;The truth had sprouted \/ The seed explodes the earth \/ Make up &#8220;) going through the rhythm in the districts in&#8221; Ant\u00f4nio Nepomuceno &#8220;(where he had no partners).<\/p>\n<p>What this LP\u00a0proves is the creativity of <strong>Arnaud,<\/strong> a young man who knew to dominate the words, reasonable voice and summoning good maestros for the arrangements &#8211; Octavio and Verocai &#8211; realized a pleasant LP, that using the own titles of its songs could be said: &#8220;That and I&#8221; that &#8220;There&#8221; is the &#8220;Consumer Society&#8221;.<\/p>\n<p>Eat up!&#8230;<\/p>\n<p><span id=\"package_description_0\" class=\"peekaboo-text\"><\/span><strong>Groovie Records<br \/>\n<\/strong><\/p>\n<\/div>\n","protected":false},"excerpt":{"rendered":"<p><strong>Groovie Records<br \/>\n<\/strong><\/p>\n<hr \/>\n<div class=\"description\">\n<div class=\"description\">\n<p>A few years ago, at the same time that Chico An\u00edsio recorded in Philips the LP &#8220;Chico An\u00edsio inaugurates the humor dan\u00e7ante&#8221;, produced by Nonato Buzar, <strong>Arnaud Rodrigues<\/strong>, editor of Chico&#8217;s humorous programs also made a lively LP in Copacabana, if we do not fool ourselves . Now, when a new LP of Chico An\u00edsio appears on Continental, in which the clever artist tells some delightful comic strips <strong>Arnaud<\/strong> attacks again as a singer, in LP of the same recorder &#8220;<strong>Murituri<\/strong>&#8221; (Continental), SLP_10.130 December-73). And there is no doubt that Chico An\u00edsio is right to keep <strong>Arnaud<\/strong> on his production team: after all, the versatility of the young man is impressive and he composed the songs for this album &#8211; with different partners (Ant\u00f4nio de Jesus \/ Sebasti\u00e3o Valentim, among the unknown , Chico himself and Arthur Verocai, among the famous) &#8211; as if writing a screen-play for &#8220;Chico City&#8221;. So it goes from a tasty Samb\u00e3o (&#8220;Nega&#8221;) to a spiritualistic song, in the most commercial line &#8220;Superstar&#8221; in &#8220;<strong>Murituri<\/strong>&#8220;, with very surreal verses (&#8220;The truth had sprouted \/ The seed explodes the earth \/ Make up &#8220;) going through the rhythm in the districts in&#8221; Ant\u00f4nio Nepomuceno &#8220;(where he had no partners).<\/p>\n<p>What this LP\u00a0proves is the creativity of <strong>Arnaud,<\/strong> a young man who knew to dominate the words, reasonable voice and summoning good maestros for the arrangements &#8211; Octavio and Verocai &#8211; realized a pleasant LP, that using the own titles of its songs could be said: &#8220;That and I&#8221; that &#8220;There&#8221; is the &#8220;Consumer Society&#8221;.<\/p>\n<p>Eat up!&#8230;<\/p>\n<\/div>\n<\/div>\n<p><a href=\"https:\/\/www.youtube.com\/watch?v=sPGT12yv3JQ&amp;feature=youtu.be\" target=\"_blank\" rel=\"noopener noreferrer\">\u25ba CLICK HERE TO LISTEN<\/a><\/p>\n<p>&nbsp;<\/p>\n<p class=\"p1\"><strong>\u00a0<\/strong><\/p>\n","protected":false},"featured_media":6000,"comment_status":"closed","ping_status":"closed","template":"","meta":[],"product_brand":[],"product_cat":[],"product_tag":[2721,2088],"class_list":{"0":"post-5997","1":"product","2":"type-product","3":"status-publish","4":"has-post-thumbnail","6":"product_tag-arnaud-rodrigues","7":"product_tag-groovie-records","8":"product_shipping_class-lp","9":"pa_artist-arnaud-rodrigues","10":"pa_genre-bossa-nova","11":"pa_genre-mpb","12":"pa_genre-samba","13":"pa_label-groovie-records","15":"first","16":"outofstock","17":"shipping-taxable","18":"purchasable","19":"product-type-simple"},"_links":{"self":[{"href":"https:\/\/www.wasserbassin.com\/site\/wp-json\/wp\/v2\/product\/5997","targetHints":{"allow":["GET"]}}],"collection":[{"href":"https:\/\/www.wasserbassin.com\/site\/wp-json\/wp\/v2\/product"}],"about":[{"href":"https:\/\/www.wasserbassin.com\/site\/wp-json\/wp\/v2\/types\/product"}],"replies":[{"embeddable":true,"href":"https:\/\/www.wasserbassin.com\/site\/wp-json\/wp\/v2\/comments?post=5997"}],"wp:featuredmedia":[{"embeddable":true,"href":"https:\/\/www.wasserbassin.com\/site\/wp-json\/wp\/v2\/media\/6000"}],"wp:attachment":[{"href":"https:\/\/www.wasserbassin.com\/site\/wp-json\/wp\/v2\/media?parent=5997"}],"wp:term":[{"taxonomy":"product_brand","embeddable":true,"href":"https:\/\/www.wasserbassin.com\/site\/wp-json\/wp\/v2\/product_brand?post=5997"},{"taxonomy":"product_cat","embeddable":true,"href":"https:\/\/www.wasserbassin.com\/site\/wp-json\/wp\/v2\/product_cat?post=5997"},{"taxonomy":"product_tag","embeddable":true,"href":"https:\/\/www.wasserbassin.com\/site\/wp-json\/wp\/v2\/product_tag?post=5997"}],"curies":[{"name":"wp","href":"https:\/\/api.w.org\/{rel}","templated":true}]}}