{"id":6001,"date":"2019-01-08T03:41:19","date_gmt":"2019-01-08T03:41:19","guid":{"rendered":"http:\/\/wasserbassin.com\/site\/?post_type=product&#038;p=6001"},"modified":"2024-12-26T18:07:37","modified_gmt":"2024-12-26T18:07:37","slug":"tom-ze-grande-liquidacao-lp","status":"publish","type":"product","link":"https:\/\/www.wasserbassin.com\/site\/product\/tom-ze-grande-liquidacao-lp\/","title":{"rendered":"Tom Z\u00e9 &#8211; Grande Liquida\u00e7\u00e3o &#8211; LP"},"content":{"rendered":"<div class=\"description\">\n<p>His first, and arguably best album from the great <strong>Rozenblit<\/strong> catalogue lovingly restored in its original format on limited LP and CD, re-mastered from the original <strong>Rozenblit<\/strong> master tapes.<\/p>\n<p>In 1968 <strong>Tom Z\u00e9<\/strong>; moved from Salvador Bahia to Sao Paulo where he hung out and wrote with his friends Gilberto Gil and Caetano Veloso. Although initially part of theTropicalia movement, <strong>Z\u00e9<\/strong> was so independent he was determined to forge his own musical path. He started by recording &#8220;<strong>Grande Liquida\u00e7\u00e3o<\/strong>&#8220;, a hyperactive pop album backed up by two incredible psychedelic rockbands: Os Braz\u00f5es and Os Vers\u00e1teis.<\/p>\n<p><strong>Tom Z\u00e9<\/strong>&#8216;s material on this album includes traditional Brazilian Tropicalia laced with crazy vocal melodies and samples a multitude of genres from funk to psychedelic rock and bossa nova creating in the process a sort of unheard pop exotica. This is especially apparent on the track \u201cGloria\u201d with its changing tempos, bubbling instrumentation and off-the-wall harmonies. The pace of the album, considering it was the 60\u2019s, is brutal so <strong>Z\u00e9<\/strong> takes a break between songs to address the listener before resuming his zigzag trajectory. The album also includes the fantastic \u201cParque Industrial\u201d which was later recorded by Gal Costa, Gilberto Gil and Caetano Veloso on the Tropicalia: &#8220;Panis et Circenses&#8221; album.<\/p>\n<p><strong>Tom Z\u00e9<\/strong> was also arguably the creator of the first sampler. In the mid 1980&#8217;s David Byrne pulled one of his albums out of the samba section of a Rio de Janeiro record store which led him to bringing <strong>Z\u00e9<\/strong> to worldwide attention by releasing numerous albums on the Luaka Bop label.<\/p>\n<p><strong><span id=\"package_description_0\" class=\"peekaboo-text\">Mr. Bongo\/Rozenblit<\/span><br \/>\n<\/strong><\/p>\n<\/div>\n","protected":false},"excerpt":{"rendered":"<p><strong>Mr. Bongo\/Rozenblit<br \/>\n<\/strong><\/p>\n<hr \/>\n<div class=\"description\">\n<div class=\"description\">\n<p>His first, and arguably best album from the great <strong>Rozenblit<\/strong> catalogue lovingly restored in its original format on limited LP and CD, re-mastered from the original <strong>Rozenblit<\/strong> master tapes.<\/p>\n<p>In 1968 <strong>Tom Z\u00e9<\/strong>; moved from Salvador Bahia to Sao Paulo where he hung out and wrote with his friends Gilberto Gil and Caetano Veloso. Although initially part of theTropicalia movement, <strong>Z\u00e9<\/strong> was so independent he was determined to forge his own musical path. He started by recording &#8220;<strong>Grande Liquida\u00e7\u00e3o<\/strong>&#8220;, a hyperactive pop album backed up by two incredible psychedelic rockbands: Os Braz\u00f5es and Os Vers\u00e1teis.<\/p>\n<p><strong>Tom Z\u00e9<\/strong>&#8216;s material on this album includes traditional Brazilian Tropicalia laced with crazy vocal melodies and samples a multitude of genres from funk to psychedelic rock and bossa nova creating in the process a sort of unheard pop exotica. This is especially apparent on the track \u201cGloria\u201d with its changing tempos, bubbling instrumentation and off-the-wall harmonies. The pace of the album, considering it was the 60\u2019s, is brutal so <strong>Z\u00e9<\/strong> takes a break between songs to address the listener before resuming his zigzag trajectory. The album also includes the fantastic \u201cParque Industrial\u201d which was later recorded by Gal Costa, Gilberto Gil and Caetano Veloso on the Tropicalia: &#8220;Panis et Circenses&#8221; album.<\/p>\n<\/div>\n<\/div>\n<p><a href=\"https:\/\/www.youtube.com\/watch?v=c6UTg68lGxM\" target=\"_blank\" rel=\"noopener\">\u25ba CLICK HERE TO LISTEN<\/a><\/p>\n<p>&nbsp;<\/p>\n<p class=\"p1\"><strong>\u00a0<\/strong><\/p>\n","protected":false},"featured_media":6002,"comment_status":"closed","ping_status":"closed","template":"","meta":[],"product_brand":[],"product_cat":[],"product_tag":[402,2724],"class_list":{"0":"post-6001","1":"product","2":"type-product","3":"status-publish","4":"has-post-thumbnail","6":"product_tag-mr-bongo","7":"product_tag-tom-ze","8":"product_shipping_class-lp","9":"pa_artist-tom-ze","10":"pa_genre-mpb","11":"pa_genre-tropicalia","12":"pa_label-mr-bongo-2","13":"pa_label-rozenblit","15":"first","16":"outofstock","17":"shipping-taxable","18":"purchasable","19":"product-type-simple"},"_links":{"self":[{"href":"https:\/\/www.wasserbassin.com\/site\/wp-json\/wp\/v2\/product\/6001","targetHints":{"allow":["GET"]}}],"collection":[{"href":"https:\/\/www.wasserbassin.com\/site\/wp-json\/wp\/v2\/product"}],"about":[{"href":"https:\/\/www.wasserbassin.com\/site\/wp-json\/wp\/v2\/types\/product"}],"replies":[{"embeddable":true,"href":"https:\/\/www.wasserbassin.com\/site\/wp-json\/wp\/v2\/comments?post=6001"}],"wp:featuredmedia":[{"embeddable":true,"href":"https:\/\/www.wasserbassin.com\/site\/wp-json\/wp\/v2\/media\/6002"}],"wp:attachment":[{"href":"https:\/\/www.wasserbassin.com\/site\/wp-json\/wp\/v2\/media?parent=6001"}],"wp:term":[{"taxonomy":"product_brand","embeddable":true,"href":"https:\/\/www.wasserbassin.com\/site\/wp-json\/wp\/v2\/product_brand?post=6001"},{"taxonomy":"product_cat","embeddable":true,"href":"https:\/\/www.wasserbassin.com\/site\/wp-json\/wp\/v2\/product_cat?post=6001"},{"taxonomy":"product_tag","embeddable":true,"href":"https:\/\/www.wasserbassin.com\/site\/wp-json\/wp\/v2\/product_tag?post=6001"}],"curies":[{"name":"wp","href":"https:\/\/api.w.org\/{rel}","templated":true}]}}