{"id":6122,"date":"2019-03-13T14:17:48","date_gmt":"2019-03-13T14:17:48","guid":{"rendered":"http:\/\/wasserbassin.com\/site\/?post_type=product&#038;p=6122"},"modified":"2019-07-09T21:54:07","modified_gmt":"2019-07-09T20:54:07","slug":"v-a-antologia-de-musica-atipica-portuguesa-vol2-regioes-lp","status":"publish","type":"product","link":"https:\/\/www.wasserbassin.com\/site\/product\/v-a-antologia-de-musica-atipica-portuguesa-vol2-regioes-lp\/","title":{"rendered":"V\/A &#8211; Antologia De M\u00fasica At\u00edpica Portuguesa &#8211; Vol2: Regi\u00f5es &#8211; LP"},"content":{"rendered":"<p>In 1959 Michel Giacometti moved to Portugal and dedicated the following thirty years of his life recording traditional music all over the country. In the present decade Portuguese music has been thriving and finally travelling abroad, long gone are the days those hidden gems were kept in secret in this distant corner of Europe. The discovery of current Portuguese music sparked an interest to Portuguese music, past and present.<\/p>\n<p>With both of those ideas in mind, Giacometti and the interest in Portuguese music, \u201c<strong>Antologia de M\u00fasica At\u00edpica Portuguesa<\/strong>\u201d creates an anthology of current sounds to the future. You can see it as history being made or a broad catalog of sounds that live and breathe the experimental and electronic that is happening in Portugal. The first step happened two years ago with the releasing of the first volume on this anthology, \u201cO Trabalho\u201d (\u201cThe Labour\u201d) and we now move onto <strong>Vol. 2, \u201cRegi\u00f5es\u201d<\/strong> (\u201cRegions\u201d), with each track connecting with a different province from Portugal.<\/p>\n<p>Some names return to this volume, like Live Low with the beautifully haunting \u201cMontemor\u201d or Gonzo (our own Gon\u00e7alo F. Cardoso), affirming his path in building detailed and processed field recordings music. More than a list of names, or songs, this second volume of \u201c<strong>Antologia de M\u00fasica At\u00edpica Portuguesa<\/strong>\u201d recreates a passage throughout different landscapes of Portugal, constantly leaving a trail of past, present and future. The trail doesn\u2019t limit itself to the music, but to the traditions contained in the sounds and the stories spelled by the words.<\/p>\n<p>The beautifully slowed haunting-waltz \u201cPor Riba\u201d, by S\u00edria (Diana Combo), sets everything in motion and builds the way to Random Gods\u2019 upbeat march \u201cGazulo \u00e0 Estronca da Santosa\u201d. \u201cMalta Inquieta\u201d (Ondness) embraces the most modern\/contemporary side of this volume, proving that \u201cRegi\u00f5es\u201d goes beyond the idea of catalog or even its own concept of \u201canthology\u201d and provides music that\u2019s hard to categorize or even judge by modern standards. We are not afraid to say it: \u201cMalta Inquieta\u201d is an experimental jazz-electronic modern gem.<\/p>\n<p>It\u2019s followed by the guitar of Rui Carvalho, aka Filho da M\u00e3e, with \u201cManta\u201d, closing the A side with one of his enchantments. B side strikes with the aforementioned \u201cMontemor\u201d, setting the tone for a different trip, building up on more abstract and freeform music by Banha da Cobra (\u201cAsylo\u201d), Fantama (\u201cLamento das Beiras\u201d) and the track by Gonzo. \u201c<strong>Regi\u00f5es<\/strong>\u201d finishes with the right tone, fields recordings worked by Lu\u00eds Antero, that tie the connection between Giacometti and the now \u2013 with the now still happening and building up on the story of the future \u201c<strong>Antologia de M\u00fasica At\u00edpica Portuguesa<\/strong>\u201d.<\/p>\n<p>Artwork collages by Ruca Bourbon<\/p>\n<p><strong>Discrepant Records<br \/>\n<\/strong><\/p>\n<p>&nbsp;<\/p>\n<p>&nbsp;<\/p>\n<p>&nbsp;<\/p>\n<p>&nbsp;<\/p>\n","protected":false},"excerpt":{"rendered":"<p><strong>Discrepant Records<br \/>\n<\/strong><\/p>\n<hr \/>\n<p>In 1959 Michel Giacometti moved to Portugal and dedicated the following thirty years of his life recording traditional music all over the country. In the present decade Portuguese music has been thriving and finally travelling abroad, long gone are the days those hidden gems were kept in secret in this distant corner of Europe. The discovery of current Portuguese music sparked an interest to Portuguese music, past and present.<\/p>\n<p>With both of those ideas in mind, Giacometti and the interest in Portuguese music, \u201c<strong>Antologia de M\u00fasica At\u00edpica Portuguesa<\/strong>\u201d creates an anthology of current sounds to the future. You can see it as history being made or a broad catalog of sounds that live and breathe the experimental and electronic that is happening in Portugal. The first step happened two years ago with the releasing of the first volume on this anthology, \u201cO Trabalho\u201d (\u201cThe Labour\u201d) and we now move onto <strong>Vol. 2, \u201cRegi\u00f5es\u201d<\/strong> (\u201cRegions\u201d), with each track connecting with a different province from Portugal.<\/p>\n<p>Some names return to this volume, like Live Low with the beautifully haunting \u201cMontemor\u201d or Gonzo (our own Gon\u00e7alo F. Cardoso), affirming his path in building detailed and processed field recordings music. More than a list of names, or songs, this second volume of \u201c<strong>Antologia de M\u00fasica At\u00edpica Portuguesa<\/strong>\u201d recreates a passage throughout different landscapes of Portugal, constantly leaving a trail of past, present and future. The trail doesn\u2019t limit itself to the music, but to the traditions contained in the sounds and the stories spelled by the words.<\/p>\n<p><a href=\"https:\/\/www.youtube.com\/watch?v=H6IxwP-9SRE\" target=\"_blank\" rel=\"noopener noreferrer\">\u25ba CLICK HERE TO LISTEN<\/a><\/p>\n","protected":false},"featured_media":6123,"comment_status":"closed","ping_status":"closed","template":"","meta":[],"product_brand":[],"product_cat":[],"product_tag":[1874,304],"class_list":{"0":"post-6122","1":"product","2":"type-product","3":"status-publish","4":"has-post-thumbnail","6":"product_tag-discrepant-records","7":"product_tag-va","8":"product_shipping_class-lp","9":"pa_artist-various_artists","10":"pa_genre-experimental","11":"pa_genre-field-recordings","12":"pa_genre-musak","13":"pa_genre-traditional-music","14":"pa_label-discrepant-records","16":"first","17":"outofstock","18":"shipping-taxable","19":"purchasable","20":"product-type-simple"},"_links":{"self":[{"href":"https:\/\/www.wasserbassin.com\/site\/wp-json\/wp\/v2\/product\/6122","targetHints":{"allow":["GET"]}}],"collection":[{"href":"https:\/\/www.wasserbassin.com\/site\/wp-json\/wp\/v2\/product"}],"about":[{"href":"https:\/\/www.wasserbassin.com\/site\/wp-json\/wp\/v2\/types\/product"}],"replies":[{"embeddable":true,"href":"https:\/\/www.wasserbassin.com\/site\/wp-json\/wp\/v2\/comments?post=6122"}],"wp:featuredmedia":[{"embeddable":true,"href":"https:\/\/www.wasserbassin.com\/site\/wp-json\/wp\/v2\/media\/6123"}],"wp:attachment":[{"href":"https:\/\/www.wasserbassin.com\/site\/wp-json\/wp\/v2\/media?parent=6122"}],"wp:term":[{"taxonomy":"product_brand","embeddable":true,"href":"https:\/\/www.wasserbassin.com\/site\/wp-json\/wp\/v2\/product_brand?post=6122"},{"taxonomy":"product_cat","embeddable":true,"href":"https:\/\/www.wasserbassin.com\/site\/wp-json\/wp\/v2\/product_cat?post=6122"},{"taxonomy":"product_tag","embeddable":true,"href":"https:\/\/www.wasserbassin.com\/site\/wp-json\/wp\/v2\/product_tag?post=6122"}],"curies":[{"name":"wp","href":"https:\/\/api.w.org\/{rel}","templated":true}]}}