{"id":6226,"date":"2019-04-16T22:25:01","date_gmt":"2019-04-16T21:25:01","guid":{"rendered":"http:\/\/wasserbassin.com\/site\/?post_type=product&#038;p=6226"},"modified":"2021-01-12T22:34:35","modified_gmt":"2021-01-12T22:34:35","slug":"os-mutantes-tudo-foi-feito-pelo-sol-lp","status":"publish","type":"product","link":"https:\/\/www.wasserbassin.com\/site\/product\/os-mutantes-tudo-foi-feito-pelo-sol-lp\/","title":{"rendered":"Os Mutantes &#8211; Tudo Foi Feito Pelo Sol &#8211; LP"},"content":{"rendered":"<div class=\"product-description\">\n<p><strong>Os Mutantes<\/strong> showed an interest in following international music trends from the very beginning of their career, when they moved away from the traditional sounds of their native Brazil in favor of psychedelia. Even its own name gives us some clues about the ever-transforming will of the band. The continuous changes characterized the group\u2019s history until its dissolution in 1978 and, as part of that evolution, they embraced progressive rock in their final albums.<\/p>\n<p>\u201c<strong>Tudo foi feito pelo sol<\/strong>\u201d was released in 1974, when Rita Lee was already focused on her solo career and Arnaldo Baptista had also left the group due to internal and personal problems. The only original member left, S\u00e9rgio Dias, along with bassist Liminha, who had joined the band a few years earlier but left before recording this album, were responsible for composing most of these songs.<\/p>\n<p>Despite the obvious differences from the original sound of <strong>Os Mutantes<\/strong>, this record will not disappoint the fans of the band. \u2018Deixe entrar um pouco d\u2019\u00e1gua no quintal\u2019, \u2018Cidad\u00e3o da terra\u2019 or \u2018Tudo foi feito pelo sol\u2019 clearly leave aside any reference to Tropicalismo to embrace instead the hardest sounds and progressive style of groups like Deep Purple or even Iron Butterfly. The keyboardist T\u00falio Mour\u00e3o stars in some of the most intense moments of the album, along with the energetic and fierce guitar of S\u00e9rgio Dias, who was the band\u2019s leader at the time. An example of their virtuosity is \u2018Pit\u00e1goras\u2019, written by Mour\u00e3o, where piano and guitar take us into a progressive and almost psychedelic journey with music references as diverse as jazz and flamenco. Without any doubt, this is one of the strongest songs of the entire LP, hence it has still been part of the band\u2019s repertoire in recent tours.<\/p>\n<\/div>\n<p><strong>Vinil\u00edsssimo<br \/>\n<\/strong><\/p>\n<p><strong>\u00a0<\/strong><\/p>\n","protected":false},"excerpt":{"rendered":"<p><strong>Vinil\u00edsssimo<br \/>\n<\/strong><\/p>\n<hr \/>\n<p><strong>Os Mutantes<\/strong> showed an interest in following international music trends from the very beginning of their career, when they moved away from the traditional sounds of their native Brazil in favor of psychedelia.<\/p>\n<p>\u201c<strong>Tudo foi feito pelo sol<\/strong>\u201d was released in 1974, when Rita Lee was already focused on her solo career and Arnaldo Baptista had also left the group due to internal and personal problems. The only original member left, S\u00e9rgio Dias, along with bassist Liminha, who had joined the band a few years earlier but left before recording this album, were responsible for composing most of these songs.<\/p>\n<p>Despite the obvious differences from the original sound of <strong>Os Mutantes<\/strong>, this record will not disappoint the fans of the band.<\/p>\n<p><a title=\"See the Video\" href=\"https:\/\/www.youtube.com\/watch?v=8DjDC19QeY0\" target=\"_blank\" rel=\"noopener noreferrer\">\u25ba CLICK HERE TO LISTEN<\/a><\/p>\n<p>&nbsp;<\/p>\n<p>&nbsp;<\/p>\n<p><strong>\u00a0<\/strong><\/p>\n","protected":false},"featured_media":6227,"comment_status":"closed","ping_status":"closed","template":"","meta":[],"product_brand":[],"product_cat":[],"product_tag":[2846,1897],"class_list":{"0":"post-6226","1":"product","2":"type-product","3":"status-publish","4":"has-post-thumbnail","6":"product_tag-os-mutantes","7":"product_tag-vinilisssimo","8":"product_shipping_class-lp","9":"pa_artist-os-mutantes","10":"pa_genre-psychedelic","11":"pa_genre-rock","12":"pa_genre-tropicalia","13":"pa_label-vinilisssimo","15":"first","16":"outofstock","17":"shipping-taxable","18":"purchasable","19":"product-type-simple"},"_links":{"self":[{"href":"https:\/\/www.wasserbassin.com\/site\/wp-json\/wp\/v2\/product\/6226","targetHints":{"allow":["GET"]}}],"collection":[{"href":"https:\/\/www.wasserbassin.com\/site\/wp-json\/wp\/v2\/product"}],"about":[{"href":"https:\/\/www.wasserbassin.com\/site\/wp-json\/wp\/v2\/types\/product"}],"replies":[{"embeddable":true,"href":"https:\/\/www.wasserbassin.com\/site\/wp-json\/wp\/v2\/comments?post=6226"}],"wp:featuredmedia":[{"embeddable":true,"href":"https:\/\/www.wasserbassin.com\/site\/wp-json\/wp\/v2\/media\/6227"}],"wp:attachment":[{"href":"https:\/\/www.wasserbassin.com\/site\/wp-json\/wp\/v2\/media?parent=6226"}],"wp:term":[{"taxonomy":"product_brand","embeddable":true,"href":"https:\/\/www.wasserbassin.com\/site\/wp-json\/wp\/v2\/product_brand?post=6226"},{"taxonomy":"product_cat","embeddable":true,"href":"https:\/\/www.wasserbassin.com\/site\/wp-json\/wp\/v2\/product_cat?post=6226"},{"taxonomy":"product_tag","embeddable":true,"href":"https:\/\/www.wasserbassin.com\/site\/wp-json\/wp\/v2\/product_tag?post=6226"}],"curies":[{"name":"wp","href":"https:\/\/api.w.org\/{rel}","templated":true}]}}