{"id":6288,"date":"2019-05-07T15:43:21","date_gmt":"2019-05-07T14:43:21","guid":{"rendered":"http:\/\/wasserbassin.com\/site\/?post_type=product&#038;p=6288"},"modified":"2026-04-12T16:13:21","modified_gmt":"2026-04-12T15:13:21","slug":"maria-beraldo-cavala-lp","status":"publish","type":"product","link":"https:\/\/www.wasserbassin.com\/site\/product\/maria-beraldo-cavala-lp\/","title":{"rendered":"Maria Beraldo &#8211; Cavala &#8211; LP"},"content":{"rendered":"<p>&#8220;<strong>Cavala<\/strong>&#8221; is <strong>Maria Beraldo<\/strong>&#8216;s first solo album (<strong>Lovers &amp; Lollypops\/Risco<\/strong>). Her music shouts out the freedom of a lesbian woman, the new stage of a clarinetist who becomes composer and the expression of an artist who emerges in Brazil of 2018.<\/p>\n<p>From the top of her 30s, <strong>Maria<\/strong> composes the Brazilian musical scene as clarinetist and singer of Arrigo Barnab\u00e9&#8217;s group and as a member of Quartab\u00ea. Immersed in S\u00e3o Paulo&#8217;s musical universe, much teased by the weird world of Barnab\u00e9, and also in touch &#8211; recording and playing &#8211; with Elza Soares, Negro Leo, Iara Renn\u00f3, Rodrigo Campos, Laura Diaz (Teto Preto), Dante Ozzetti, R\u00f4mulo Fr\u00f3es and other friends, <strong>Maria<\/strong> finds herself an author and in her first lead of compositions shows identity, accusing concise structures, few elements, short durations.<\/p>\n<p><strong>Lovers &amp; Lollypops\/Risco<\/strong><\/p>\n","protected":false},"excerpt":{"rendered":"<p><strong>Lovers &amp; Lollypops\/Risco<\/strong><\/p>\n<hr \/>\n<p>&#8220;<strong>Cavala<\/strong>&#8221; is <strong>Maria Beraldo<\/strong>&#8216;s first solo album (<strong>Lovers &amp; Lollypops\/Risco<\/strong>). Her music shouts out the freedom of a lesbian woman, the new stage of a clarinetist who becomes composer and the expression of an artist who emerges in Brazil of 2018.<\/p>\n<p>From the top of her 30s, <strong>Maria<\/strong> composes the Brazilian musical scene as clarinetist and singer of Arrigo Barnab\u00e9&#8217;s group and as a member of Quartab\u00ea. Immersed in S\u00e3o Paulo&#8217;s musical universe, much teased by the weird world of Barnab\u00e9, and also in touch &#8211; recording and playing &#8211; with Elza Soares, Negro Leo, Iara Renn\u00f3, Rodrigo Campos, Laura Diaz (Teto Preto), Dante Ozzetti, R\u00f4mulo Fr\u00f3es and other friends, <strong>Maria<\/strong> finds herself an author and in her first lead of compositions shows identity, accusing concise structures, few elements, short durations.<\/p>\n<p><a href=\"https:\/\/www.youtube.com\/watch?v=HttXojsV8z8&amp;list=OLAK5uy_kG-k8KlRn0HSY3rWV8MP3gQdEc91j0PqE\" target=\"_blank\" rel=\"noopener noreferrer\">\u25ba CLICK HERE TO LISTEN<\/a><\/p>\n","protected":false},"featured_media":6289,"comment_status":"closed","ping_status":"closed","template":"","meta":[],"product_brand":[],"product_cat":[],"product_tag":[1208,2869,2870],"class_list":{"0":"post-6288","1":"product","2":"type-product","3":"status-publish","4":"has-post-thumbnail","6":"product_tag-lovers-lollypops","7":"product_tag-maria-beraldo","8":"product_tag-risco","9":"product_shipping_class-lp","10":"pa_artist-maria-beraldo","11":"pa_genre-indie","12":"pa_genre-mpb","13":"pa_label-lovers-lollypops","14":"pa_label-risco","16":"first","17":"instock","18":"sale","19":"shipping-taxable","20":"purchasable","21":"product-type-simple"},"_links":{"self":[{"href":"https:\/\/www.wasserbassin.com\/site\/wp-json\/wp\/v2\/product\/6288","targetHints":{"allow":["GET"]}}],"collection":[{"href":"https:\/\/www.wasserbassin.com\/site\/wp-json\/wp\/v2\/product"}],"about":[{"href":"https:\/\/www.wasserbassin.com\/site\/wp-json\/wp\/v2\/types\/product"}],"replies":[{"embeddable":true,"href":"https:\/\/www.wasserbassin.com\/site\/wp-json\/wp\/v2\/comments?post=6288"}],"wp:featuredmedia":[{"embeddable":true,"href":"https:\/\/www.wasserbassin.com\/site\/wp-json\/wp\/v2\/media\/6289"}],"wp:attachment":[{"href":"https:\/\/www.wasserbassin.com\/site\/wp-json\/wp\/v2\/media?parent=6288"}],"wp:term":[{"taxonomy":"product_brand","embeddable":true,"href":"https:\/\/www.wasserbassin.com\/site\/wp-json\/wp\/v2\/product_brand?post=6288"},{"taxonomy":"product_cat","embeddable":true,"href":"https:\/\/www.wasserbassin.com\/site\/wp-json\/wp\/v2\/product_cat?post=6288"},{"taxonomy":"product_tag","embeddable":true,"href":"https:\/\/www.wasserbassin.com\/site\/wp-json\/wp\/v2\/product_tag?post=6288"}],"curies":[{"name":"wp","href":"https:\/\/api.w.org\/{rel}","templated":true}]}}