{"id":6335,"date":"2021-06-29T14:00:08","date_gmt":"2021-06-29T13:00:08","guid":{"rendered":"http:\/\/wasserbassin.com\/site\/?post_type=product&#038;p=6335"},"modified":"2024-11-24T02:25:23","modified_gmt":"2024-11-24T02:25:23","slug":"regis-renouard-lariviere-contree-lp","status":"publish","type":"product","link":"https:\/\/www.wasserbassin.com\/site\/product\/regis-renouard-lariviere-contree-lp\/","title":{"rendered":"R\u00e9gis Renouard Larivi\u00e8re &#8211; Contr\u00e9e &#8211; LP"},"content":{"rendered":"<p><em>All\u00e9geance Volatile<\/em> and <em>Esquive<\/em> each tackle the same issue in their own way. Overcoming time: whether it be successive, additional, enumerative, or repetitive. However, there is nothing here about the ensuing nature of so-called &#8220;repetitive&#8221; music. These are types of high-end music. And it is more about insistence, the obstinacy of an individual who keeps knocking on a door that will never open.<\/p>\n<p><em>All\u00e9geance<\/em>&#8216;s rustic drumming, talkative, acidulous, colourful and overarticulated, with almost clownish desinences, eventually dies out in this very respite. The iterative and puffy shimmering of <em>Esquive<\/em> with its dull, thin and precise sounds, shifts and is engulfed into another sonic world \u2014 which appears as a gaping and collapsed response to this prime insistency.<\/p>\n<p>This is, indeed, a \u2018volatile allegiance\u2019 and \u2018avoidance\u2019 from the sonic to the musical elements: the musical phenomenon anticipated and pursued as the non-sound of sound \u2014 or, in other words, the void of sound. This seems to be the lesson of the concrete attitude in music. Such is the kind of questioning that stirs the composer.<\/p>\n<p>He returns with another title: <strong>&#8220;Contr\u00e9e<\/strong>&#8220;, which, once again, speaks of a counter-event. Here, the movement is broader, more generous, more confident. Time spreads and stretches out. What seems to be a landscape of entanglements, trajectories, influx, masses and points emerges. \u201cSomething\u201d rises and presents itself out of the sounds &#8211; these escaping beings, these &#8220;relatively short combustion flames &#8221; (Schaeffer).<\/p>\n<p>The piece consists of five consecutive and uninterrupted parts: <em>Entr\u00e9e<\/em> and <em>Stance\u00a0I \u2014 V\u00e9h\u00e9mence de l\u2019air and Stance II \u2014 Grande Allure<\/em>. It is the central section of an electroacoustic triptych with <em>Sables <\/em>(2011) as the first and <em>Nil<\/em> (2017) as the last.<\/p>\n<p>&#8220;<strong>Contr\u00e9e<\/strong>&#8221; is dedicated to Philippe Mion, whose friendly ears have been entrusted with my music for so many years.<\/p>\n<p><strong>Recollection GRM<\/strong><\/p>\n<p>&nbsp;<\/p>\n<p>&nbsp;<\/p>\n<p>&nbsp;<\/p>\n<p>&nbsp;<\/p>\n<p><strong>\u00a0<\/strong><\/p>\n","protected":false},"excerpt":{"rendered":"<p><strong>Recollection GRM<br \/>\n<\/strong><\/p>\n<hr \/>\n<p><em>All\u00e9geance volatile<\/em> and <em>Esquive<\/em> each tackle the same issue in their own way. Overcoming time: whether it be successive, additional, enumerative, or repetitive. However, there is nothing here about the ensuing nature of so-called &#8220;repetitive&#8221; music. These are types of high-end music. And it is more about insistence, the obstinacy of an individual who keeps knocking on a door that will never open.<\/p>\n<p><em>All\u00e9geance<\/em>&#8216;s rustic drumming, talkative, acidulous, colourful and overarticulated, with almost clownish desinences, eventually dies out in this very respite. The iterative and puffy shimmering of <em>Esquive<\/em> with its dull, thin and precise sounds, shifts and is engulfed into another sonic world \u2014 which appears as a gaping and collapsed response to this prime insistency.<\/p>\n<p>This is, indeed, a \u2018volatile allegiance\u2019 and \u2018avoidance\u2019 from the sonic to the musical elements: the musical phenomenon anticipated and pursued as the non-sound of sound \u2014 or, in other words, the void of sound. This seems to be the lesson of the concrete attitude in music. Such is the kind of questioning that stirs the composer.<\/p>\n<p>He returns with another title: <strong>&#8220;Contr\u00e9e<\/strong>&#8220;, which, once again, speaks of a counter-event. Here, the movement is broader, more generous, more confident. Time spreads and stretches out. What seems to be a landscape of entanglements, trajectories, influx, masses and points emerges. \u201cSomething\u201d rises and presents itself out of the sounds &#8211; these escaping beings, these &#8220;relatively short combustion flames &#8221; (Schaeffer).<\/p>\n<p>The piece consists of five consecutive and uninterrupted parts: <em>Entr\u00e9e<\/em> and <em>Stance\u00a0I \u2014 V\u00e9h\u00e9mence de l\u2019air and Stance II \u2014 Grande Allure<\/em>. It is the central section of an electroacoustic triptych with <em>Sables <\/em>(2011) as the first and <em>Nil<\/em> (2017) as the last.<\/p>\n<p>&#8220;<strong>Contr\u00e9e<\/strong>&#8221; is dedicated to Philippe Mion, whose friendly ears have been entrusted with my music for so many years.<\/p>\n<p class=\"p1\"><a href=\"https:\/\/www.youtube.com\/watch?v=GN9YnKSAecI\" target=\"_blank\" rel=\"noopener noreferrer\">\u25ba CLICK HERE TO LISTEN<\/a><\/p>\n<p>&nbsp;<\/p>\n<p class=\"p1\"><strong>\u00a0<\/strong><\/p>\n","protected":false},"featured_media":6336,"comment_status":"closed","ping_status":"closed","template":"","meta":[],"product_brand":[],"product_cat":[],"product_tag":[1141,2903],"class_list":{"0":"post-6335","1":"product","2":"type-product","3":"status-publish","4":"has-post-thumbnail","6":"product_tag-recollection-grm","7":"product_tag-regis-renouard-lariviere","8":"product_shipping_class-lp","9":"pa_artist-regis-renouard-lariviere","10":"pa_genre-contemporary","11":"pa_genre-electroacustic","12":"pa_genre-experimental","13":"pa_label-recollection-grm","15":"first","16":"outofstock","17":"shipping-taxable","18":"purchasable","19":"product-type-simple"},"_links":{"self":[{"href":"https:\/\/www.wasserbassin.com\/site\/wp-json\/wp\/v2\/product\/6335","targetHints":{"allow":["GET"]}}],"collection":[{"href":"https:\/\/www.wasserbassin.com\/site\/wp-json\/wp\/v2\/product"}],"about":[{"href":"https:\/\/www.wasserbassin.com\/site\/wp-json\/wp\/v2\/types\/product"}],"replies":[{"embeddable":true,"href":"https:\/\/www.wasserbassin.com\/site\/wp-json\/wp\/v2\/comments?post=6335"}],"wp:featuredmedia":[{"embeddable":true,"href":"https:\/\/www.wasserbassin.com\/site\/wp-json\/wp\/v2\/media\/6336"}],"wp:attachment":[{"href":"https:\/\/www.wasserbassin.com\/site\/wp-json\/wp\/v2\/media?parent=6335"}],"wp:term":[{"taxonomy":"product_brand","embeddable":true,"href":"https:\/\/www.wasserbassin.com\/site\/wp-json\/wp\/v2\/product_brand?post=6335"},{"taxonomy":"product_cat","embeddable":true,"href":"https:\/\/www.wasserbassin.com\/site\/wp-json\/wp\/v2\/product_cat?post=6335"},{"taxonomy":"product_tag","embeddable":true,"href":"https:\/\/www.wasserbassin.com\/site\/wp-json\/wp\/v2\/product_tag?post=6335"}],"curies":[{"name":"wp","href":"https:\/\/api.w.org\/{rel}","templated":true}]}}