{"id":6349,"date":"2019-05-27T21:40:23","date_gmt":"2019-05-27T20:40:23","guid":{"rendered":"http:\/\/wasserbassin.com\/site\/?post_type=product&#038;p=6349"},"modified":"2019-05-27T21:46:18","modified_gmt":"2019-05-27T20:46:18","slug":"andre-cepeda-e-nuno-brandao-costa-sao-joao-de-deus-livro-book","status":"publish","type":"product","link":"https:\/\/www.wasserbassin.com\/site\/product\/andre-cepeda-e-nuno-brandao-costa-sao-joao-de-deus-livro-book\/","title":{"rendered":"Andr\u00e9 Cepeda e Nuno Brand\u00e3o Costa &#8211; S\u00e3o Jo\u00e3o de Deus &#8211; Livro (Book)"},"content":{"rendered":"<p>S\u00e3o Jo\u00e3o de Deus \u00e9 um lugar que parece ter nascido sob o signo da viol\u00eancia. Com a constru\u00e7\u00e3o do Bairro de Rebord\u00f5es, entre 1941 e 1944, este lugar marginal da cidade do Porto foi palco das mais profundas oscila\u00e7\u00f5es das pol\u00edticas p\u00fablicas de habita\u00e7\u00e3o, e da instabilidade da vida p\u00fablica e privada de quem ali habitou. Apesar disso, S\u00e3o Jo\u00e3o de Deus nunca perdeu a sua luz m\u00e1gica. No momento da edi\u00e7\u00e3o deste livro est\u00e1 a concluir-se uma obra de renova\u00e7\u00e3o e amplia\u00e7\u00e3o das casas cujo projecto de arquitectura, de <strong>Nuno Brand\u00e3o Costa<\/strong>, procura trazer nova esperan\u00e7a ao lugar.<\/p>\n<p>Ao longo de v\u00e1rios anos, o fot\u00f3grafo <strong>Andr\u00e9 Cepeda<\/strong> acompanhou a vida de S\u00e3o Jo\u00e3o de Deus, numa rela\u00e7\u00e3o de proximidade entre o olhar, o espa\u00e7o, a sua natureza e as suas viv\u00eancias. Atrav\u00e9s da imagem, este livro procura conjugar os v\u00e1rios tempos do lugar, e mostrar a obra e a constru\u00e7\u00e3o da arquitectura como parte de um tempo e de uma hist\u00f3ria.<\/p>\n<p>Os textos de <strong>Pedro Levi Bismarck<\/strong> e <strong>S\u00e9rgio Mah<\/strong> percorrem as p\u00e1ginas das pol\u00edticas da habita\u00e7\u00e3o e da cultura da imagem para consolidar, no livro desenhado por <strong>Pedro Nora<\/strong>, a s\u00edntese de um lugar, um breve lapso no tempo da constru\u00e7\u00e3o das formas da arquitectura e dos modos de vida em S\u00e3o Jo\u00e3o de Deus.<\/p>\n<p><strong>Dafne<\/strong><\/p>\n<p>&nbsp;<\/p>\n<p>&nbsp;<\/p>\n","protected":false},"excerpt":{"rendered":"<p><strong>Dafne<\/strong><\/p>\n<hr \/>\n<p>S\u00e3o Jo\u00e3o de Deus \u00e9 um lugar que parece ter nascido sob o signo da viol\u00eancia. Com a constru\u00e7\u00e3o do Bairro de Rebord\u00f5es, entre 1941 e 1944, este lugar marginal da cidade do Porto foi palco das mais profundas oscila\u00e7\u00f5es das pol\u00edticas p\u00fablicas de habita\u00e7\u00e3o, e da instabilidade da vida p\u00fablica e privada de quem ali habitou. Apesar disso, S\u00e3o Jo\u00e3o de Deus nunca perdeu a sua luz m\u00e1gica. No momento da edi\u00e7\u00e3o deste livro est\u00e1 a concluir-se uma obra de renova\u00e7\u00e3o e amplia\u00e7\u00e3o das casas cujo projecto de arquitectura, de <strong>Nuno Brand\u00e3o Costa<\/strong>, procura trazer nova esperan\u00e7a ao lugar.<\/p>\n<p>Ao longo de v\u00e1rios anos, o fot\u00f3grafo <strong>Andr\u00e9 Cepeda<\/strong> acompanhou a vida de S\u00e3o Jo\u00e3o de Deus, numa rela\u00e7\u00e3o de proximidade entre o olhar, o espa\u00e7o, a sua natureza e as suas viv\u00eancias. Atrav\u00e9s da imagem, este livro procura conjugar os v\u00e1rios tempos do lugar, e mostrar a obra e a constru\u00e7\u00e3o da arquitectura como parte de um tempo e de uma hist\u00f3ria.<\/p>\n<p>Os textos de <strong>Pedro Levi Bismarck<\/strong> e <strong>S\u00e9rgio Mah<\/strong> percorrem as p\u00e1ginas das pol\u00edticas da habita\u00e7\u00e3o e da cultura da imagem para consolidar, no livro desenhado por <strong>Pedro Nora<\/strong>, a s\u00edntese de um lugar, um breve lapso no tempo da constru\u00e7\u00e3o das formas da arquitectura e dos modos de vida em S\u00e3o Jo\u00e3o de Deus.<\/p>\n<p>&nbsp;<\/p>\n<p>&nbsp;<\/p>\n<p>&nbsp;<\/p>\n","protected":false},"featured_media":6350,"comment_status":"closed","ping_status":"closed","template":"","meta":[],"product_brand":[],"product_cat":[41],"product_tag":[2908,980,2909],"class_list":{"0":"post-6349","1":"product","2":"type-product","3":"status-publish","4":"has-post-thumbnail","6":"product_cat-books","7":"product_tag-andre-cepeda","8":"product_tag-dafne","9":"product_tag-nuno-brandao-costa","10":"product_shipping_class-bookks","11":"pa_artist-andre-cepeda","12":"pa_artist-nuno-brandao-costa","13":"pa_genre-architecture","14":"pa_genre-photography","15":"pa_label-dafne","17":"first","18":"instock","19":"shipping-taxable","20":"purchasable","21":"product-type-simple"},"_links":{"self":[{"href":"https:\/\/www.wasserbassin.com\/site\/wp-json\/wp\/v2\/product\/6349","targetHints":{"allow":["GET"]}}],"collection":[{"href":"https:\/\/www.wasserbassin.com\/site\/wp-json\/wp\/v2\/product"}],"about":[{"href":"https:\/\/www.wasserbassin.com\/site\/wp-json\/wp\/v2\/types\/product"}],"replies":[{"embeddable":true,"href":"https:\/\/www.wasserbassin.com\/site\/wp-json\/wp\/v2\/comments?post=6349"}],"wp:featuredmedia":[{"embeddable":true,"href":"https:\/\/www.wasserbassin.com\/site\/wp-json\/wp\/v2\/media\/6350"}],"wp:attachment":[{"href":"https:\/\/www.wasserbassin.com\/site\/wp-json\/wp\/v2\/media?parent=6349"}],"wp:term":[{"taxonomy":"product_brand","embeddable":true,"href":"https:\/\/www.wasserbassin.com\/site\/wp-json\/wp\/v2\/product_brand?post=6349"},{"taxonomy":"product_cat","embeddable":true,"href":"https:\/\/www.wasserbassin.com\/site\/wp-json\/wp\/v2\/product_cat?post=6349"},{"taxonomy":"product_tag","embeddable":true,"href":"https:\/\/www.wasserbassin.com\/site\/wp-json\/wp\/v2\/product_tag?post=6349"}],"curies":[{"name":"wp","href":"https:\/\/api.w.org\/{rel}","templated":true}]}}