{"id":6720,"date":"2019-06-18T20:36:38","date_gmt":"2019-06-18T19:36:38","guid":{"rendered":"http:\/\/wasserbassin.com\/site\/?post_type=product&#038;p=6720"},"modified":"2023-12-16T12:00:43","modified_gmt":"2023-12-16T12:00:43","slug":"maria-reis-gabriel-ferrandini-andre-cepeda-tras-os-montes-lp","status":"publish","type":"product","link":"https:\/\/www.wasserbassin.com\/site\/product\/maria-reis-gabriel-ferrandini-andre-cepeda-tras-os-montes-lp\/","title":{"rendered":"Maria Reis, Gabriel Ferrandini, Andr\u00e9 Cepeda &#8211; Tr\u00e1s-os-Montes &#8211; LP"},"content":{"rendered":"<p>The label <strong>Tr\u00e1s-os-Montes Records<\/strong> seeks to invite national and international artists, from all creative areas, to produce, release or exhibit their work in the portuguese Northeastern region of Tr\u00e1s-os-Montes.<\/p>\n<p>For their debut release, simply titled &#8220;<strong>Tr\u00e1s-os-Montes<\/strong>&#8220;, we can enjoy the explosive and highly improvisational performance by the super trio Maria Reis\/Gabriel Ferrandini\/Andr\u00e9 Cepeda.<\/p>\n<p>It is a pretty good start!<\/p>\n<p><strong>Tr\u00e1s-os-Montes Records<\/strong><\/p>\n","protected":false},"excerpt":{"rendered":"<p class=\"p1\"><strong><strong>Tr\u00e1s-os-Montes Records<br \/>\n<\/strong><\/strong><\/p>\n<hr \/>\n<p>The label <strong>Tr\u00e1s-os-Montes Records<\/strong> seeks to invite national and international artists, from all creative areas, to produce, release or exhibit their work in the portuguese Northeastern region of Tr\u00e1s-os-Montes.<\/p>\n<p>For their debut release, simply titled &#8220;<strong>Tr\u00e1s-os-Montes<\/strong>&#8220;, we can enjoy the explosive and highly improvisational performance by the super trio Maria Reis\/Gabriel Ferrandini\/Andr\u00e9 Cepeda.<\/p>\n<p>It is a pretty good start!<\/p>\n<p><a href=\"https:\/\/trs-os-montesrecords.bandcamp.com\/\" target=\"_blank\" rel=\"noopener noreferrer\">\u25ba CLICK HERE TO LISTEN<\/a><\/p>\n<p class=\"p1\"><strong>\u00a0<\/strong><\/p>\n","protected":false},"featured_media":6721,"comment_status":"closed","ping_status":"closed","template":"","meta":[],"product_brand":[],"product_cat":[],"product_tag":[2908,1749,2950,2949],"class_list":{"0":"post-6720","1":"product","2":"type-product","3":"status-publish","4":"has-post-thumbnail","6":"product_tag-andre-cepeda","7":"product_tag-gabriel-ferrandini","8":"product_tag-maria-reis","9":"product_tag-tras-os-montes-records","10":"product_shipping_class-lp","11":"pa_artist-andre-cepeda","12":"pa_artist-gabriel-ferrandini","13":"pa_artist-maria-reis","14":"pa_genre-abstract","15":"pa_genre-experimental","16":"pa_genre-improv","17":"pa_label-tras-os-montes-records","19":"first","20":"outofstock","21":"shipping-taxable","22":"purchasable","23":"product-type-simple"},"_links":{"self":[{"href":"https:\/\/www.wasserbassin.com\/site\/wp-json\/wp\/v2\/product\/6720","targetHints":{"allow":["GET"]}}],"collection":[{"href":"https:\/\/www.wasserbassin.com\/site\/wp-json\/wp\/v2\/product"}],"about":[{"href":"https:\/\/www.wasserbassin.com\/site\/wp-json\/wp\/v2\/types\/product"}],"replies":[{"embeddable":true,"href":"https:\/\/www.wasserbassin.com\/site\/wp-json\/wp\/v2\/comments?post=6720"}],"wp:featuredmedia":[{"embeddable":true,"href":"https:\/\/www.wasserbassin.com\/site\/wp-json\/wp\/v2\/media\/6721"}],"wp:attachment":[{"href":"https:\/\/www.wasserbassin.com\/site\/wp-json\/wp\/v2\/media?parent=6720"}],"wp:term":[{"taxonomy":"product_brand","embeddable":true,"href":"https:\/\/www.wasserbassin.com\/site\/wp-json\/wp\/v2\/product_brand?post=6720"},{"taxonomy":"product_cat","embeddable":true,"href":"https:\/\/www.wasserbassin.com\/site\/wp-json\/wp\/v2\/product_cat?post=6720"},{"taxonomy":"product_tag","embeddable":true,"href":"https:\/\/www.wasserbassin.com\/site\/wp-json\/wp\/v2\/product_tag?post=6720"}],"curies":[{"name":"wp","href":"https:\/\/api.w.org\/{rel}","templated":true}]}}